{"id":1130,"date":"2020-05-05T16:47:14","date_gmt":"2020-05-05T22:47:14","guid":{"rendered":"https:\/\/tecsol3d.com\/es\/?page_id=1130"},"modified":"2020-05-05T16:57:29","modified_gmt":"2020-05-05T22:57:29","slug":"webinars","status":"publish","type":"page","link":"https:\/\/tecsol3d.com\/es\/webinars\/","title":{"rendered":"Webinars"},"content":{"rendered":"<p>TecSol3D lo invita a registrarse en nuestros seminarios y presentaciones en l\u00ednea utilizando el siguiente formulario.<\/p>\n<p>Una vez realizado su registro le enviaremos la confirmaci\u00f3n con la liga para acceder a la sesi\u00f3n en l\u00ednea.<\/p>\n<p><iframe loading=\"lazy\" src=\"https:\/\/docs.google.com\/forms\/d\/e\/1FAIpQLSe3Z2Ng1IA3-aQuiCD6JYo2McZeBzZ2KLSWmGLyRPBQvwZZcg\/viewform?embedded=true\" width=\"640\" height=\"1227\" frameborder=\"0\" marginwidth=\"0\" marginheight=\"0\">Loading\u2026<\/iframe><\/p>\n<p>&nbsp;<\/p>\n<p>&nbsp;<\/p>\n","protected":false},"excerpt":{"rendered":"<p>TecSol3D lo invita a registrarse en nuestros seminarios y presentaciones en l\u00ednea utilizando el siguiente formulario. Una vez realizado su registro le enviaremos la confirmaci\u00f3n con la liga para acceder a la sesi\u00f3n en l\u00ednea. Loading\u2026 &nbsp; &nbsp;<\/p>\n","protected":false},"author":3,"featured_media":0,"parent":0,"menu_order":0,"comment_status":"closed","ping_status":"closed","template":"","meta":{"om_disable_all_campaigns":false,"_mi_skip_tracking":false},"aioseo_notices":[],"_links":{"self":[{"href":"https:\/\/tecsol3d.com\/es\/wp-json\/wp\/v2\/pages\/1130"}],"collection":[{"href":"https:\/\/tecsol3d.com\/es\/wp-json\/wp\/v2\/pages"}],"about":[{"href":"https:\/\/tecsol3d.com\/es\/wp-json\/wp\/v2\/types\/page"}],"author":[{"embeddable":true,"href":"https:\/\/tecsol3d.com\/es\/wp-json\/wp\/v2\/users\/3"}],"replies":[{"embeddable":true,"href":"https:\/\/tecsol3d.com\/es\/wp-json\/wp\/v2\/comments?post=1130"}],"version-history":[{"count":5,"href":"https:\/\/tecsol3d.com\/es\/wp-json\/wp\/v2\/pages\/1130\/revisions"}],"predecessor-version":[{"id":1136,"href":"https:\/\/tecsol3d.com\/es\/wp-json\/wp\/v2\/pages\/1130\/revisions\/1136"}],"wp:attachment":[{"href":"https:\/\/tecsol3d.com\/es\/wp-json\/wp\/v2\/media?parent=1130"}],"curies":[{"name":"wp","href":"https:\/\/api.w.org\/{rel}","templated":true}]}}