{"id":12,"date":"2016-06-16T08:30:14","date_gmt":"2016-06-16T14:30:14","guid":{"rendered":"http:\/\/tecsol3d.com\/es\/?page_id=12"},"modified":"2023-02-21T19:52:25","modified_gmt":"2023-02-22T01:52:25","slug":"impresoras-3d","status":"publish","type":"page","link":"https:\/\/tecsol3d.com\/es\/impresoras-3d\/","title":{"rendered":"Impresoras 3D"},"content":{"rendered":"\n<p>Las impresoras 3D son f\u00e1ciles de adquirir y econ\u00f3micas de operar en su oficina, laboratorio o taller. Una Impresora 3D es&nbsp; la mejor elecci\u00f3n como herramienta de trabajo para los&nbsp; talleres de CNC, dise\u00f1adores, ingenieros, mercadotecnistas, artistas, arquitectos y educadores.<\/p>\n\n\n\n<blockquote class=\"wp-block-quote\">\n<p>Fabrique herramientas en sitio, implemente proyectos en su l\u00ednea de producci\u00f3n con ahorro en costos y tiempo.<\/p>\n<\/blockquote>\n\n\n\n<p>Cualquiera que sea su dise\u00f1o o reto de negocio nosotros tenemos una impresora 3D de escritorio f\u00e1cil de utilizar, una profesional o una de producci\u00f3n. Estos equipos le ayudar\u00e1n a mejorar u optimizar sus procesos de fabricaci\u00f3n, manufactura o ensamble.<\/p>\n\n\n\n<p>Ponemos a su disposici\u00f3n la l\u00ednea m\u00e1s completa de las impresoras 3D marca Markforged, Dynamical3D, Fusion3Design, Stacker3D, AON3D y Sprintray.<\/p>\n\n\n\n<div class=\"is-layout-flex wp-container-4 wp-block-columns\">\n<div class=\"is-layout-flow wp-block-column\">\n<figure class=\"wp-block-image size-full\"><a href=\"https:\/\/tecsol3d.com\/es\/impresoras-3d\/impresoras-3d-de-escritorio\/\"><img decoding=\"async\" loading=\"lazy\" width=\"470\" height=\"469\" src=\"https:\/\/tecsol3d.com\/es\/wp-content\/uploads\/2016\/06\/T3D_escritorio.png\" alt=\"\" class=\"wp-image-686\" srcset=\"https:\/\/tecsol3d.com\/es\/wp-content\/uploads\/2016\/06\/T3D_escritorio.png 470w, https:\/\/tecsol3d.com\/es\/wp-content\/uploads\/2016\/06\/T3D_escritorio-150x150.png 150w, https:\/\/tecsol3d.com\/es\/wp-content\/uploads\/2016\/06\/T3D_escritorio-300x300.png 300w\" sizes=\"(max-width: 470px) 100vw, 470px\" \/><\/a><\/figure>\n<\/div>\n\n\n\n<div class=\"is-layout-flow wp-block-column\">\n<figure class=\"wp-block-image size-full\"><a href=\"https:\/\/tecsol3d.com\/es\/impresoras-3d\/impresoras-3d-profesionales\/\"><img decoding=\"async\" loading=\"lazy\" width=\"470\" height=\"467\" src=\"https:\/\/tecsol3d.com\/es\/wp-content\/uploads\/2016\/06\/T3D_Impresoras_Industriales.png\" alt=\"\" class=\"wp-image-1171\" srcset=\"https:\/\/tecsol3d.com\/es\/wp-content\/uploads\/2016\/06\/T3D_Impresoras_Industriales.png 470w, https:\/\/tecsol3d.com\/es\/wp-content\/uploads\/2016\/06\/T3D_Impresoras_Industriales-150x150.png 150w, https:\/\/tecsol3d.com\/es\/wp-content\/uploads\/2016\/06\/T3D_Impresoras_Industriales-300x298.png 300w\" sizes=\"(max-width: 470px) 100vw, 470px\" \/><\/a><\/figure>\n<\/div>\n\n\n\n<div class=\"is-layout-flow wp-block-column\">\n<figure class=\"wp-block-image size-full\"><a href=\"https:\/\/tecsol3d.com\/es\/impresoras-3d\/impresoras-3d-para-produccion\/\"><img decoding=\"async\" loading=\"lazy\" width=\"469\" height=\"465\" src=\"https:\/\/tecsol3d.com\/es\/wp-content\/uploads\/2016\/06\/T3D_Produccion_01-2.png\" alt=\"\" class=\"wp-image-1284\" srcset=\"https:\/\/tecsol3d.com\/es\/wp-content\/uploads\/2016\/06\/T3D_Produccion_01-2.png 469w, https:\/\/tecsol3d.com\/es\/wp-content\/uploads\/2016\/06\/T3D_Produccion_01-2-150x150.png 150w, https:\/\/tecsol3d.com\/es\/wp-content\/uploads\/2016\/06\/T3D_Produccion_01-2-300x297.png 300w\" sizes=\"(max-width: 469px) 100vw, 469px\" \/><\/a><\/figure>\n<\/div>\n<\/div>\n\n\n\n<p><\/p>\n","protected":false},"excerpt":{"rendered":"<p>Las impresoras 3D son f\u00e1ciles de adquirir y econ\u00f3micas de operar en su oficina, laboratorio o taller. Una Impresora 3D es&nbsp; la mejor elecci\u00f3n como herramienta de trabajo para los&nbsp; talleres de CNC, dise\u00f1adores, ingenieros, mercadotecnistas, artistas, arquitectos y educadores. Fabrique herramientas en sitio, implemente proyectos en su l\u00ednea de producci\u00f3n con ahorro en costos &#8230; <a title=\"Impresoras 3D\" class=\"read-more\" href=\"https:\/\/tecsol3d.com\/es\/impresoras-3d\/\" aria-label=\"M\u00e1s en Impresoras 3D\">Leer m\u00e1s<\/a><\/p>\n","protected":false},"author":1,"featured_media":0,"parent":0,"menu_order":0,"comment_status":"closed","ping_status":"closed","template":"","meta":{"om_disable_all_campaigns":false,"_mi_skip_tracking":false},"aioseo_notices":[],"_links":{"self":[{"href":"https:\/\/tecsol3d.com\/es\/wp-json\/wp\/v2\/pages\/12"}],"collection":[{"href":"https:\/\/tecsol3d.com\/es\/wp-json\/wp\/v2\/pages"}],"about":[{"href":"https:\/\/tecsol3d.com\/es\/wp-json\/wp\/v2\/types\/page"}],"author":[{"embeddable":true,"href":"https:\/\/tecsol3d.com\/es\/wp-json\/wp\/v2\/users\/1"}],"replies":[{"embeddable":true,"href":"https:\/\/tecsol3d.com\/es\/wp-json\/wp\/v2\/comments?post=12"}],"version-history":[{"count":25,"href":"https:\/\/tecsol3d.com\/es\/wp-json\/wp\/v2\/pages\/12\/revisions"}],"predecessor-version":[{"id":1435,"href":"https:\/\/tecsol3d.com\/es\/wp-json\/wp\/v2\/pages\/12\/revisions\/1435"}],"wp:attachment":[{"href":"https:\/\/tecsol3d.com\/es\/wp-json\/wp\/v2\/media?parent=12"}],"curies":[{"name":"wp","href":"https:\/\/api.w.org\/{rel}","templated":true}]}}