{"id":1247,"date":"2021-04-20T10:35:49","date_gmt":"2021-04-20T16:35:49","guid":{"rendered":"https:\/\/tecsol3d.com\/es\/?page_id=1247"},"modified":"2022-07-08T09:30:11","modified_gmt":"2022-07-08T15:30:11","slug":"demo-days","status":"publish","type":"page","link":"https:\/\/tecsol3d.com\/es\/demo-days\/","title":{"rendered":"Demo Days"},"content":{"rendered":"<p>TecSol3D lo invita a registrarse en nuestros\u00a0Demo Days. Estos Open House se llevan a cabo de forma presencial en nuestra oficina en la Cd de Monterrey (Torre Sienna) y en la ciudad de Salillo. Si lo prefiere puede seleccionar la opci\u00f3n virtual y nos pondremos en contacto con usted para organizar la presentaci\u00f3n.<\/p>\n<p>En el evento usted podr\u00e1 ver en acci\u00f3n impresoras 3D MarkTwo, X7 y MetalX fabricando piezas en plasticos compuestos y metal. tambi\u00e9n demostraci\u00f3n en vivo del proceso de escaneo 3D de piezas con el HandySCAN Black que es el esc\u00e1ner m\u00e1s rapido, preciso y portatil de la industria.<\/p>\n<p>En el evento platicaremos con used de los siguientes temas:<\/p>\n<ul>\n<li>Como la manufactura aditiva esta ayudando a empresas a conseguir una ventaja competitiva al eficientizar su operaci\u00f3n de producci\u00f3n.<\/li>\n<li>Materiales. Desde pototipos hasta herramientas funcionales en producci\u00f3n, tenemos diferentes pl\u00e1sticos, fibras de refuerzo o metales.<\/li>\n<li>Impresoras. Manufactura aditiva industrial que evoluciona consistentemente y en una plataforma conectada para su f\u00e1cil administraci\u00f3n.<\/li>\n<li>Que equipo de escaneo es el m\u00e1s conveniente para la medici\u00f3n de sus piezas o herramientas en su ambiente de trabajo.<\/li>\n<\/ul>\n<p>Una vez realizado su registro le enviaremos la confirmaci\u00f3n y la direcci\u00f3n del lugar del evento.<\/p>\n<p>En agradecimiento a su visita, used ser\u00e1 elegible a un descuento en la compra de un equipo durante 90 d\u00edas siguientes al evento.<\/p>\n<p><iframe loading=\"lazy\" src=\"https:\/\/docs.google.com\/forms\/d\/e\/1FAIpQLSd-GkbBYMntsBGRtwIUir3_KC6bQKplMhu7Y0dID-QU9nC4fQ\/viewform?embedded=true\" width=\"640\" height=\"1227\" frameborder=\"0\" marginwidth=\"0\" marginheight=\"0\">Loading\u2026<\/iframe><\/p>\n<p>&nbsp;<\/p>\n","protected":false},"excerpt":{"rendered":"<p>TecSol3D lo invita a registrarse en nuestros\u00a0Demo Days. Estos Open House se llevan a cabo de forma presencial en nuestra oficina en la Cd de Monterrey (Torre Sienna) y en la ciudad de Salillo. Si lo prefiere puede seleccionar la opci\u00f3n virtual y nos pondremos en contacto con usted para organizar la presentaci\u00f3n. En el &#8230; <a title=\"Demo Days\" class=\"read-more\" href=\"https:\/\/tecsol3d.com\/es\/demo-days\/\" aria-label=\"M\u00e1s en Demo Days\">Leer m\u00e1s<\/a><\/p>\n","protected":false},"author":3,"featured_media":0,"parent":0,"menu_order":0,"comment_status":"closed","ping_status":"closed","template":"","meta":{"om_disable_all_campaigns":false,"_mi_skip_tracking":false},"aioseo_notices":[],"_links":{"self":[{"href":"https:\/\/tecsol3d.com\/es\/wp-json\/wp\/v2\/pages\/1247"}],"collection":[{"href":"https:\/\/tecsol3d.com\/es\/wp-json\/wp\/v2\/pages"}],"about":[{"href":"https:\/\/tecsol3d.com\/es\/wp-json\/wp\/v2\/types\/page"}],"author":[{"embeddable":true,"href":"https:\/\/tecsol3d.com\/es\/wp-json\/wp\/v2\/users\/3"}],"replies":[{"embeddable":true,"href":"https:\/\/tecsol3d.com\/es\/wp-json\/wp\/v2\/comments?post=1247"}],"version-history":[{"count":9,"href":"https:\/\/tecsol3d.com\/es\/wp-json\/wp\/v2\/pages\/1247\/revisions"}],"predecessor-version":[{"id":1309,"href":"https:\/\/tecsol3d.com\/es\/wp-json\/wp\/v2\/pages\/1247\/revisions\/1309"}],"wp:attachment":[{"href":"https:\/\/tecsol3d.com\/es\/wp-json\/wp\/v2\/media?parent=1247"}],"curies":[{"name":"wp","href":"https:\/\/api.w.org\/{rel}","templated":true}]}}