{"id":14,"date":"2016-06-16T08:32:03","date_gmt":"2016-06-16T14:32:03","guid":{"rendered":"http:\/\/tecsol3d.com\/es\/?page_id=14"},"modified":"2025-10-21T12:43:59","modified_gmt":"2025-10-21T18:43:59","slug":"escaneres-3d","status":"publish","type":"page","link":"https:\/\/tecsol3d.com\/es\/escaneres-3d\/","title":{"rendered":"Esc\u00e1neres 3D"},"content":{"rendered":"\n<p><strong>Soluciones de Metrolog\u00eda 3D de Creaform<\/strong><\/p>\n\n\n\n<p>Creaform desarrolla, fabrica y vende tecnolog\u00edas de medici\u00f3n 3D port\u00e1tiles para aplicaciones industriales, incluidos esc\u00e1neres 3D de posicionamiento autom\u00e1tico, m\u00e1quinas port\u00e1tiles de medici\u00f3n de coordenadas (PCMM), esc\u00e1ner 3D port\u00e1til, CMM \u00f3pticos, un sistema \u00f3ptico de medici\u00f3n de coordenadas para fotogrametr\u00eda y un dispositivo de control din\u00e1mico. Hemos creado estas tecnolog\u00edas innovadoras y las utilizamos todos los d\u00edas para ofrecer servicios de metrolog\u00eda y de ingenier\u00eda inversa a nuestros clientes de todo el mundo. Como usuarios principales, conocemos nuestros dispositivos de medici\u00f3n desde todos los \u00e1ngulos y proporcionamos a nuestro equipo de R&amp;D informaci\u00f3n valiosa y espec\u00edfica de las aplicaciones a fin de continuar realizando mejoras. Por este motivo, ofrecemos a nuestros clientes dispositivos de medici\u00f3n 3D que satisfacen completamente sus necesidades.<\/p>\n\n\n\n<p>Nuestro equipo de experimentados metr\u00f3logos e ingenieros de aplicaciones facilita y proporciona escaneado 3D de alta calidad, ingenier\u00eda inversa, inspecci\u00f3n y control de calidad, escaneado de gran alcance y servicios de integraci\u00f3n tecnol\u00f3gica a nuestra creciente base de clientes. Tanto si desea adquirir una tecnolog\u00eda de Creaform como utilizar nuestros servicios, siempre obtendr\u00e1 resultados extremadamente precisos y una satisfacci\u00f3n total.<\/p>\n\n\n\n<p>Creaform es una compa\u00f1\u00eda del grupo Ametek.<\/p>\n\n\n\n<div class=\"is-layout-flex wp-container-4 wp-block-columns\">\n<div class=\"is-layout-flow wp-block-column\"><div class=\"wp-block-image\">\n<figure class=\"aligncenter size-large\"><a href=\"https:\/\/tecsol3d.com\/es\/escaneres-3d\/escaner-3d\/\"><img decoding=\"async\" loading=\"lazy\" width=\"1024\" height=\"1024\" src=\"https:\/\/tecsol3d.com\/es\/wp-content\/uploads\/2025\/10\/Escaner3D-1024x1024.png\" alt=\"\" class=\"wp-image-1734\" srcset=\"https:\/\/tecsol3d.com\/es\/wp-content\/uploads\/2025\/10\/Escaner3D-1024x1024.png 1024w, https:\/\/tecsol3d.com\/es\/wp-content\/uploads\/2025\/10\/Escaner3D-300x300.png 300w, https:\/\/tecsol3d.com\/es\/wp-content\/uploads\/2025\/10\/Escaner3D-150x150.png 150w, https:\/\/tecsol3d.com\/es\/wp-content\/uploads\/2025\/10\/Escaner3D-768x769.png 768w, https:\/\/tecsol3d.com\/es\/wp-content\/uploads\/2025\/10\/Escaner3D.png 1027w\" sizes=\"(max-width: 1024px) 100vw, 1024px\" \/><\/a><\/figure><\/div><\/div>\n\n\n\n<div class=\"is-layout-flow wp-block-column\"><div class=\"wp-block-image\">\n<figure class=\"aligncenter size-full is-resized\"><a href=\"https:\/\/tecsol3d.com\/es\/escaneres-3d\/cmm-portatil\/\"><img decoding=\"async\" loading=\"lazy\" src=\"https:\/\/tecsol3d.com\/es\/wp-content\/uploads\/2016\/06\/cmmportatil.png\" alt=\"\" class=\"wp-image-369\" width=\"400\" height=\"400\" srcset=\"https:\/\/tecsol3d.com\/es\/wp-content\/uploads\/2016\/06\/cmmportatil.png 400w, https:\/\/tecsol3d.com\/es\/wp-content\/uploads\/2016\/06\/cmmportatil-150x150.png 150w, https:\/\/tecsol3d.com\/es\/wp-content\/uploads\/2016\/06\/cmmportatil-300x300.png 300w\" sizes=\"(max-width: 400px) 100vw, 400px\" \/><\/a><\/figure><\/div><\/div>\n\n\n\n<div class=\"is-layout-flow wp-block-column\"><div class=\"wp-block-image\">\n<figure class=\"aligncenter size-full is-resized\"><a href=\"https:\/\/tecsol3d.com\/es\/escaneres-3d\/sw-escaneo\/\"><img decoding=\"async\" loading=\"lazy\" src=\"https:\/\/tecsol3d.com\/es\/wp-content\/uploads\/2016\/07\/geomagic.png\" alt=\"\" class=\"wp-image-279\" width=\"400\" height=\"400\" srcset=\"https:\/\/tecsol3d.com\/es\/wp-content\/uploads\/2016\/07\/geomagic.png 400w, https:\/\/tecsol3d.com\/es\/wp-content\/uploads\/2016\/07\/geomagic-150x150.png 150w, https:\/\/tecsol3d.com\/es\/wp-content\/uploads\/2016\/07\/geomagic-300x300.png 300w\" sizes=\"(max-width: 400px) 100vw, 400px\" \/><\/a><figcaption class=\"wp-element-caption\"><a href=\"https:\/\/tecsol3d.com\/es\/escaneres-3d\/sw-escaneo\/\" title=\"\">Software complementario para esc\u00e1ners 3D<\/a><\/figcaption><\/figure><\/div><\/div>\n<\/div>\n","protected":false},"excerpt":{"rendered":"<p>Soluciones de Metrolog\u00eda 3D de Creaform Creaform desarrolla, fabrica y vende tecnolog\u00edas de medici\u00f3n 3D port\u00e1tiles para aplicaciones industriales, incluidos esc\u00e1neres 3D de posicionamiento autom\u00e1tico, m\u00e1quinas port\u00e1tiles de medici\u00f3n de coordenadas (PCMM), esc\u00e1ner 3D port\u00e1til, CMM \u00f3pticos, un sistema \u00f3ptico de medici\u00f3n de coordenadas para fotogrametr\u00eda y un dispositivo de control din\u00e1mico. Hemos creado estas &#8230; <a title=\"Esc\u00e1neres 3D\" class=\"read-more\" href=\"https:\/\/tecsol3d.com\/es\/escaneres-3d\/\" aria-label=\"M\u00e1s en Esc\u00e1neres 3D\">Leer m\u00e1s<\/a><\/p>\n","protected":false},"author":1,"featured_media":0,"parent":0,"menu_order":0,"comment_status":"closed","ping_status":"closed","template":"","meta":{"om_disable_all_campaigns":false,"_mi_skip_tracking":false},"aioseo_notices":[],"_links":{"self":[{"href":"https:\/\/tecsol3d.com\/es\/wp-json\/wp\/v2\/pages\/14"}],"collection":[{"href":"https:\/\/tecsol3d.com\/es\/wp-json\/wp\/v2\/pages"}],"about":[{"href":"https:\/\/tecsol3d.com\/es\/wp-json\/wp\/v2\/types\/page"}],"author":[{"embeddable":true,"href":"https:\/\/tecsol3d.com\/es\/wp-json\/wp\/v2\/users\/1"}],"replies":[{"embeddable":true,"href":"https:\/\/tecsol3d.com\/es\/wp-json\/wp\/v2\/comments?post=14"}],"version-history":[{"count":15,"href":"https:\/\/tecsol3d.com\/es\/wp-json\/wp\/v2\/pages\/14\/revisions"}],"predecessor-version":[{"id":1748,"href":"https:\/\/tecsol3d.com\/es\/wp-json\/wp\/v2\/pages\/14\/revisions\/1748"}],"wp:attachment":[{"href":"https:\/\/tecsol3d.com\/es\/wp-json\/wp\/v2\/media?parent=14"}],"curies":[{"name":"wp","href":"https:\/\/api.w.org\/{rel}","templated":true}]}}