{"id":1639,"date":"2023-10-28T17:38:29","date_gmt":"2023-10-28T23:38:29","guid":{"rendered":"https:\/\/tecsol3d.com\/es\/?page_id=1639"},"modified":"2024-01-23T12:11:39","modified_gmt":"2024-01-23T18:11:39","slug":"lc-magna","status":"publish","type":"page","link":"https:\/\/tecsol3d.com\/es\/impresoras-3d\/impresoras-3d-para-produccion\/lc-magna\/","title":{"rendered":"Liquid Crystal Magna | Photocentric"},"content":{"rendered":"\n<div class=\"is-layout-flex wp-container-3 wp-block-columns\">\n<div class=\"is-layout-flow wp-block-column\">\n<style id=\"bwg-style-0\">      #bwg_container1_0 #bwg_container2_0 .image_browser_images_conteiner_0 * {        -moz-box-sizing: border-box;        box-sizing: border-box;      }      #bwg_container1_0 #bwg_container2_0 .image_browser_images_conteiner_0{\t\tbackground-color: rgba(245, 245, 245, 0.90);\t\ttext-align: center;\t\twidth: 100%;\t\tborder-style: none;\t\tborder-width: 2px;\t\tborder-color: #F7F7F7;\t\tpadding: 4px;\t\tborder-radius: 0;\t\tposition:relative;      }      #bwg_container1_0 #bwg_container2_0 .image_browser_images_0 {\t\tdisplay: inline-block;\t\t-moz-box-sizing: border-box;\t\tbox-sizing: border-box;\t\tfont-size: 0;\t\ttext-align: center;\t\tmax-width: 100%;\t\twidth: 100%;      }      #bwg_container1_0 #bwg_container2_0 .image_browser_image_buttons_conteiner_0 {\t\ttext-align: center;      }      #bwg_container1_0 #bwg_container2_0 .image_browser_image_buttons_0 {\t\tdisplay: inline-block;\t\twidth:100%;      }      #bwg_container1_0 #bwg_container2_0 .bwg_image_browser_image_0 {        background-color: rgba(235, 235, 235, 0.80);\t\ttext-align: center;\t\tdisplay: inline-block;\t\tvertical-align: middle;\t\tmargin: 2px auto;\t\tpadding: 4px;\t\tborder-radius: 0;\t\tborder: 1px none #F5F5F5;\t\tbox-shadow: ;\t\tmax-width: 800px;\t\twidth: 100%;\t\t\/*z-index: 100;*\/\t\tposition: relative;      }      #bwg_container1_0 #bwg_container2_0 .bwg_image_alt_0{\t\tdisplay: table;\t\twidth: 100%;\t\tfont-size: 15px;\t\tfont-family: segoe ui;\t\tcolor: #000000;\t\ttext-align:center;\t\tpadding-left: 8px;        word-break: break-word;      }      #bwg_container1_0 #bwg_container2_0 .bwg_image_browser_img_0 {        padding: 0 !important;\t\tmax-width: 100% !important;\t\theight: inherit !important;\t\twidth: 100%;      }      @media only screen and (max-width : 320px) {\t\t#bwg_container1_0 #bwg_container2_0 .displaying-num_0 {\t\t  display: none;\t\t}\t\t#bwg_container1_0 #bwg_container2_0 .bwg_image_alt_0 {\t\t  font-size: 10px !important;\t\t}\t\t#bwg_container1_0 #bwg_container2_0 .bwg_watermark_text_0,\t\t#bwg_container1_0 #bwg_container2_0 .bwg_watermark_text_0:hover {\t\t  font-size: 10px !important;\t\t  text-decoration: none;\t\t  margin: 4px;\t\t  font-family: Arial;\t\t  color: #FFFFFF !important;\t\t  opacity: 0.30;\t\t  text-decoration: none;\t\t  position: relative;\t\t  z-index: 10141;\t\t}\t\t#bwg_container1_0 #bwg_container2_0 .bwg_image_browser_image_description_0 {\t\t  color: #000000;\t\t  display: table;\t\t  width: 100%;\t\t  text-align: left;\t\t  font-size: 8px !important;\t\t  font-family: segoe ui;\t\t  padding: 8px 8px 8px 8px;\t\t  \/*word-break: break-all;*\/\t\t  border-style: none;\t\t  background-color: #EBEBEB;\t\t  border-radius: 0;\t\t  border-width: 1px;\t\t}\t\t#bwg_container1_0 #bwg_container2_0 .tablenav-pages_0 a {\t\t  font-size: 10px !important;\t\t}      }      #bwg_container1_0 #bwg_container2_0 .bwg_image_browser_image_desp_0 {\t\t\t\tdisplay: table;\t\t\t\tclear: both;\t\t\t\ttext-align: center;        padding: 0px 5px 0px 5px;\t\t\t\twidth: 100%;      }      #bwg_container1_0 #bwg_container2_0 .bwg_image_browser_image_description_0 {        color: #000000;\t\tdisplay: table;\t\twidth: 100%;\t\ttext-align: left;\t\tfont-size: 15px;\t\tfont-family: segoe ui;\t\tpadding: 8px 8px 8px 8px;\t\tword-break: break-word;\t\tborder-style: none;\t\tbackground-color: #EBEBEB;\t\tborder-radius: 0;\t\tborder-width: 1px;      }      #bwg_container1_0 #bwg_container2_0 .bwg_image_browser_image_alt_0 {      \tdisplay:table;        clear: both;        text-align: center;        padding: 8px;        width: 100%;      }      \/*watermark*\/      #bwg_container1_0 #bwg_container2_0 .bwg_watermark_text_0,      #bwg_container1_0 #bwg_container2_0 .bwg_watermark_text_0:hover {        text-decoration: none;        margin: 4px;        font-size: 12px;        font-family: Arial;        color: #FFFFFF !important;        opacity: 0.30;        position: relative;        z-index: 10141;      }      #bwg_container1_0 #bwg_container2_0 .bwg_image_browser_image_contain_0{        position: absolute;        text-align: center;        vertical-align: middle;        width: 100%;        height: 100%;        cursor: pointer;      }      #bwg_container1_0 #bwg_container2_0 .bwg_image_browser_watermark_contain_0{        display: table;        vertical-align: middle;        width: 100%;        height: 100%;      }\t       #bwg_container1_0 #bwg_container2_0 .bwg_image_browser_watermark_cont_0{        display: table-cell;        text-align: ;        position: relative;        vertical-align: ;      }      #bwg_container1_0 #bwg_container2_0 .bwg_image_browser_watermark_0{\t\tdisplay: inline-block;\t\toverflow: hidden;\t\tposition: relative;\t\tvertical-align: middle;\t\tz-index: 10140;\t\twidth: 90px;\t\tmax-width: 11.25%;\t\tmargin: 10px 10px 10px 10px ;      }      #bwg_container1_0 #bwg_container2_0 .bwg_image_browser_watermark_text_0{        display: inline-block;\t\toverflow: hidden;\t\tposition: relative;\t\tvertical-align: middle;\t\tz-index: 10140;\t\tmargin: 10px 10px 10px 10px;      }      #bwg_container1_0 #bwg_container2_0 .bwg_image_browser_watermark_img_0{        max-width: 100%;        opacity: 0.30;        position: relative;        z-index: 10141;      }      #bwg_container1_0 #bwg_container2_0 .bwg_none_selectable {        -webkit-touch-callout: none;        -webkit-user-select: none;        -khtml-user-select: none;        -moz-user-select: none;        -ms-user-select: none;        user-select: none;       ecoration: none;    }    #bwg_container1_0 #bwg_container2_0 .bwg_gal_title_0 {      background-color: rgba(0, 0, 0, 0);      color: #323A45;      display: block;      font-family: Ubuntu;      font-size: 16px;      font-weight: bold;      padding: 2px;      text-shadow: 0px 0px 0px #888888;      text-align: center;    }    <\/style>    <div id=\"bwg_container1_0\"         class=\"bwg_container bwg_thumbnail bwg_image_browser \"         data-right-click-protection=\"1\"         data-bwg=\"0\"         data-scroll=\"0\"         data-gallery-type=\"image_browser\"         data-gallery-view-type=\"image_browser\"         data-current-url=\"\/es\/wp-json\/wp\/v2\/pages\/1639\"         data-lightbox-url=\"https:\/\/tecsol3d.com\/es\/wp-admin\/admin-ajax.php?action=GalleryBox&#038;current_view=0&#038;gallery_id=48&#038;tag=0&#038;theme_id=1&#038;shortcode_id=122&#038;sort_by=order&#038;order_by=asc&#038;current_url=%2Fes%2Fwp-json%2Fwp%2Fv2%2Fpages%2F1639\"         data-gallery-id=\"48\"         data-popup-width=\"800\"         data-popup-height=\"500\"         data-is-album=\"gallery\"         data-buttons-position=\"bottom\">      <div id=\"bwg_container2_0\">             <div id=\"ajax_loading_0\" class=\"bwg_loading_div_1\">      <div class=\"bwg_loading_div_2\">        <div class=\"bwg_loading_div_3\">          <div id=\"loading_div_0\" class=\"bwg_spider_ajax_loading\">          <\/div>        <\/div>      <\/div>    <\/div>            <form id=\"gal_front_form_0\"              class=\"bwg-hidden\"              method=\"post\"              action=\"#\"              data-current=\"0\"              data-shortcode-id=\"122\"              data-gallery-type=\"image_browser\"              data-gallery-id=\"48\"              data-tag=\"0\"              data-album-id=\"0\"              data-theme-id=\"1\"              data-ajax-url=\"https:\/\/tecsol3d.com\/es\/wp-admin\/admin-ajax.php?action=bwg_frontend_data\">          <div id=\"bwg_container3_0\" class=\"bwg-background bwg-background-0\">            \t  <div id=\"bwg_image_browser_0\" class=\"image_browser_images_conteiner_0 bwg-image_browser-images-wrapper bwg-container\"         data-params='{&quot;is_pro&quot;:false,&quot;image_right_click&quot;:&quot;1&quot;,&quot;gallery_id&quot;:&quot;48&quot;}'         data-bwg=\"0\"         data-lightbox-url=\"https:\/\/tecsol3d.com\/es\/wp-admin\/admin-ajax.php?action=GalleryBox&#038;current_view=0&#038;gallery_id=48&#038;tag=0&#038;theme_id=1&#038;shortcode_id=122&#038;sort_by=order&#038;order_by=asc&#038;current_url=%2Fes%2Fwp-json%2Fwp%2Fv2%2Fpages%2F1639\">      <div class=\"image_browser_images_0\">                  <div class=\"image_browser_image_buttons_conteiner_0\">            <div class=\"image_browser_image_buttons_0\">                            <div class=\"bwg_image_browser_image_0\">                                  <a style=\"position:relative;\" class=\"bwg-a\" >                    <img class=\"skip-lazy bwg-item0 bwg_image_browser_img bwg_image_browser_img_0 \"                         src=\"https:\/\/tecsol3d.com\/es\/wp-content\/uploads\/photo-gallery\/MagnaV2-front-facing.png?bwg=1698535578\"                         data-src=\"https:\/\/tecsol3d.com\/es\/wp-content\/uploads\/photo-gallery\/MagnaV2-front-facing.png?bwg=1698535578\"                         alt=\"MagnaV2-front-facing\"                         title=\"MagnaV2-front-facing\" \/>                  <\/a>                                <\/div>                          <\/div>          <\/div>                <\/div>    <\/div>    <style>      \/*pagination styles*\/      #bwg_container1_0 #bwg_container2_0 .tablenav-pages_0 {\t\t\t\ttext-align: center;\t\t\t\tfont-size: 12px;\t\t\t\tfont-family: segoe ui;\t\t\t\tfont-weight: bold;\t\t\t\tcolor: #666666;\t\t\t\tmargin: 6px 0 4px;\t\t\t\tdisplay: block;      }      @media only screen and (max-width : 320px) {      #bwg_container1_0 #bwg_container2_0 .displaying-num_0 {     \t display: none;      }      }      #bwg_container1_0 #bwg_container2_0 .displaying-num_0 {\t\t\t\tfont-size: 12px;\t\t\t\tfont-family: segoe ui;\t\t\t\tfont-weight: bold;\t\t\t\tcolor: #666666;\t\t\t\tmargin-right: 10px;\t\t\t\tvertical-align: middle;      }      #bwg_container1_0 #bwg_container2_0 .paging-input_0 {\t\t\t\tfont-size: 12px;\t\t\t\tfont-family: segoe ui;\t\t\t\tfont-weight: bold;\t\t\t\tcolor: #666666;\t\t\t\tvertical-align: middle;      }      #bwg_container1_0 #bwg_container2_0 .tablenav-pages_0 a.disabled,      #bwg_container1_0 #bwg_container2_0 .tablenav-pages_0 a.disabled:hover,      #bwg_container1_0 #bwg_container2_0 .tablenav-pages_0 a.disabled:focus,\t\t\t#bwg_container1_0 #bwg_container2_0 .tablenav-pages_0 input.bwg_current_page {\t\t\t\tcursor: default;\t\t\t\tcolor: rgba(102, 102, 102, 0.5);      }      #bwg_container1_0 #bwg_container2_0 .tablenav-pages_0 a,      #bwg_container1_0 #bwg_container2_0 .tablenav-pages_0 input.bwg_current_page {\t\t\t\tcursor: pointer;\t\t\t\ttext-align: center;\t\t\t\tfont-size: 12px;\t\t\t\tfont-family: segoe ui;\t\t\t\tfont-weight: bold;\t\t\t\tcolor: #666666;\t\t\t\ttext-decoration: none;\t\t\t\tpadding: 3px 6px;\t\t\t\tmargin: 0;\t\t\t\tborder-radius: 0;\t\t\t\tborder-style: solid;\t\t\t\tborder-width: 1px;\t\t\t\tborder-color: #E3E3E3;\t\t\t\t\t\t\t\tbackground-color: rgba(255, 255, 255, 1.00);\t\t\t\tbox-shadow: 0;\t\t\t\ttransition: all 0.3s ease 0s;-webkit-transition: all 0.3s ease 0s;      }            #bwg_container1_0 #bwg_container2_0 .tablenav-pages_0 a.next-page:hover,      #bwg_container1_0 #bwg_container2_0 .tablenav-pages_0 a.prev-page:hover {        color: #000000;      }      #bwg_container1_0 #bwg_container2_0 .tablenav-pages_0 .first-page,      #bwg_container1_0 #bwg_container2_0 .tablenav-pages_0 .last-page {        padding: 0% 7%;      }      #bwg_container1_0 #bwg_container2_0 .tablenav-pages_0 .next-page {        margin: 0% 4% 0% 0%;      }      #bwg_container1_0 #bwg_container2_0 .tablenav-pages_0 .prev-page {        margin: 0% 0% 0% 4%;      }      #bwg_container1_0 #bwg_container2_0 .tablenav-pages_0 a {        font-size: 15px !important;        padding: 0% 7% !important;        border-style: none !important;        border-width: 1px;        border-color: #E3E3E3;        background-color: #FFFFFF;        opacity: 1.00;        transition: all 0.3s ease 0s;-webkit-transition: all 0.3s ease 0s;      }      .bwg_image_browser#bwg_container1_0 #bwg_container2_0 .tablenav-pages_0 a {         padding: 0% 11% !important;      }\t\t\t#bwg_container1_0 #bwg_container2_0 .tablenav-pages_0 {        background-color: rgba(245, 245, 245, 0.90);        margin-top: 0;      }      .bwg_image_browser  .pagination-links_0 {        white-space: nowrap;      }      @media screen and (max-width: 465px) {        .bwg_image_browser#bwg_container1_0 #bwg_container2_0 .tablenav-pages_0 a {          padding: 0% 5% !important;          font-size: 13px;        }      }      <\/style>      <span class=\"bwg_nav_cont_0\">              <div class=\"tablenav-pages_0\">                      <span class=\"pagination-links_0 pagination-links\" data-pages-count=\"11\">              <span class=\"pagination-links_col1\">              <a class=\"bwg-a first-page disabled\" title=\"Ir a la primera p\u00e1gina\" >\u00ab<\/a>              <a class=\"bwg-a prev-page disabled\" title=\"Ir a la p\u00e1gina anterior\" >\u2039<\/a>              <\/span>\t\t\t\t\t\t\t<span class=\"pagination-links_col2\">\t\t\t\t\t\t\t\t\t<input type=\"number\" class=\"bwg_current_page\" name=\"bwg_current_page\" value=\"1\" data-url-info=\"page_number_0\" onkeypress=\"return bwg_change_page_0(event, this)\" min=\"1\" oninput=\"validity.valid||(value='')\" \/>\t\t\t\t\t\t\t\t\t\tde\t\t\t\t\t\t\t\t\t\t<span class=\"total-pages_0\">\t\t\t\t\t\t\t\t\t\t\t11\t\t\t\t\t\t\t\t\t\t<\/span>\t\t\t\t\t\t\t<\/span>              <span class=\"pagination-links_col3\">                <a class=\"bwg-a next-page-0\" title=\"Ir a la p\u00e1gina siguiente\" >\u203a<\/a>                <a class=\"bwg-a last-page-0\" title=\"Ir a la \u00faltima p\u00e1gina\" >\u00bb<\/a>              <\/span>\t\t\t\t\t\t<\/span>\t\t\t\t\t\t        <\/div>                <input type=\"hidden\" id=\"page_number_0\" name=\"page_number_0\" value=\"1\" \/>      <script type=\"text\/javascript\">        if( jQuery('.bwg_nav_cont_0').length > 1 ) {          jQuery('.bwg_nav_cont_0').first().remove()        }        function spider_page_0(cur, x, y, load_more) {          if (typeof load_more == \"undefined\") {            var load_more = false;          }          if (jQuery(cur).hasClass('disabled')) {            return false;          }          var items_county_0 = 11;          switch (y) {            case 1:              if (x >= items_county_0) {                document.getElementById('page_number_0').value = items_county_0;              }              else {                document.getElementById('page_number_0').value = x + 1;              }              break;            case 2:              document.getElementById('page_number_0').value = items_county_0;              break;            case -1:              if (x == 1) {                document.getElementById('page_number_0').value = 1;              }              else {                document.getElementById('page_number_0').value = x - 1;              }              break;            case -2:              document.getElementById('page_number_0').value = 1;              break;\t\t\t\t\t\tcase 0:              document.getElementById('page_number_0').value = x;              break;            default:              document.getElementById('page_number_0').value = 1;          }          bwg_ajax('gal_front_form_0', '0', 'bwg_image_browser_0', '0', '', 'gallery', 0, '', '', load_more, '', 1);        }                    jQuery('.first-page disabled').on('click', function () {              spider_page_0(this, 1, -2, 'numeric');              return false;            });            jQuery('.prev-page disabled').on('click', function () {              spider_page_0(this, 1, -1, 'numeric');              return false;            });            jQuery('.next-page-0').on('click', function () {              spider_page_0(this, 1, 1, 'numeric');              return false;            });            jQuery('.last-page-0').on('click', function () {              spider_page_0(this, 1, 2, 'numeric');              return false;            });        \t\t\t\t\/* Change page on input enter. *\/        function bwg_change_page_0( e, that ) {          if (  e.key == 'Enter' ) {            var to_page = parseInt(jQuery(that).val());            var pages_count = jQuery(that).parents(\".pagination-links\").data(\"pages-count\");            var current_url_param = jQuery(that).attr('data-url-info');            if (to_page > pages_count) {              to_page = 1;            }\t \t\t\t\t\t\t\t\t\t\t\t\tspider_page_0(this, to_page, 0, 'numeric');\t\t\t\t\t\t\treturn false;\t\t\t\t\t\t          }          return true;        }        jQuery('.bwg_load_btn_0').on('click', function () {            spider_page_0(this, 1, 1, true);            return false;        });      <\/script>      <\/span>                <\/div>        <\/form>              <\/div>    <\/div>    <script>      if (document.readyState === 'complete') {        if( typeof bwg_main_ready == 'function' ) {          if ( jQuery(\"#bwg_container1_0\").height() ) {            bwg_main_ready(jQuery(\"#bwg_container1_0\"));          }        }      } else {        document.addEventListener('DOMContentLoaded', function() {          if( typeof bwg_main_ready == 'function' ) {            if ( jQuery(\"#bwg_container1_0\").height() ) {             bwg_main_ready(jQuery(\"#bwg_container1_0\"));            }          }        });      }    <\/script>    \n<\/div>\n\n\n\n<div class=\"is-layout-flow wp-block-column is-vertically-aligned-center\">\n<h3>Asequible. Industrial. Escalable.<\/h3>\n\n\n\n<p>Inventamos la impresi\u00f3n LCD en 3D y la Liquid Crystal Magna representa la c\u00faspide de nuestro desarrollo de productos. Con 1.000 impresoras instaladas con \u00e9xito en todo el mundo, descubra c\u00f3mo Magna puede transformar su negocio.<\/p>\n\n\n\n<p>Evolucione de la impresi\u00f3n 3D para piezas prototipo a la manufactura digital de su producci\u00f3n de piezas sin moldes.<\/p>\n\n\n\n<p>La Impresora 3D Photocentric Liquid Crystal Magna utiliza tecnologia \u00fanica llamada Daylight Polymer Printing (DPP) para fabricar piezas con gran detalle y calidad. A diferencia de las impresoras 3d de filamento, la Magna trabaja curando resina l\u00edquida utilizando una proyecci\u00f3n de luz. Este proceso permite fabricar piezas con un grado increible de detalles y con un acabado superficial excelente. <\/p>\n\n\n\n<p>La Luz &#8220;Daylight&#8221; es mucho mejor para la vida de la pantalla, menor consumo de energ\u00eda y m\u00e1s segura, pero adem\u00e1s realiza un curado mas homog\u00e9neo gracias a un mayor alcance de penetraci\u00f3n que la luz UV (de mayor intensidad). Es m\u00e1s efectivo utilizar Daylight en resinas obscuras ya que la longitud de onda tiene un mayor alcance.<\/p>\n\n\n\n<p> La Magna es compatible con diferentes resinas incluyendo flexibles y materiales de grado ingenier\u00eda, adem\u00e1s trabaja con diferentes modos de impresi\u00f3n para diferente tipos de aplicaciones.<\/p>\n<\/div>\n<\/div>\n\n\n\n<h4>Impresora 3D LCD de gran formato<\/h4>\n\n\n\n<p>Volumen 510 x 280 x 350 mm<\/p>\n\n\n\n<h4>Vida \u00fatil ilimitada de la pantalla<\/h4>\n\n\n\n<p>Mejore la fiabilidad, reduzca el tiempo de inactividad e imprima de forma coherente en toda la plataforma<\/p>\n\n\n\n<h4>Soluci\u00f3n rentable<\/h4>\n\n\n\n<p>Materiales asequibles con bajos costes de funcionamiento<\/p>\n\n\n\n<h4>Un ecosistema completo<\/h4>\n\n\n\n<p>Soluciones de postprocesado a medida<\/p>\n\n\n\n<h4>Eficiencia energ\u00e9tica<\/h4>\n\n\n\n<p>Utiliza s\u00f3lo el 11% de la energ\u00eda por cada kg de material impreso producido en comparaci\u00f3n con una impresora FDM*.<\/p>\n\n\n\n<h4>La m\u00e1quina que respira<\/h4>\n\n\n\n<p>Photocentric ha invertido miles de horas en el desarrollo de tecnolog\u00edas propias que permiten producir impresiones consistentes y de alta calidad a escala. Blow-Peel es una tecnolog\u00eda patentada que se encuentra en nuestro LC Magna.<\/p>\n\n\n<p><iframe loading=\"lazy\" title=\"TecSol3D - LC Magna\" width=\"1200\" height=\"675\" src=\"https:\/\/www.youtube.com\/embed\/X02vePBRJec?feature=oembed\" frameborder=\"0\" allow=\"accelerometer; autoplay; clipboard-write; encrypted-media; gyroscope; picture-in-picture; web-share\" allowfullscreen><\/iframe><\/p>\n\n\n\n<h4>Informaci\u00f3n T\u00e9cnica<\/h4>\n\n\n\n<p><a href=\"https:\/\/tecsol3d.com\/es\/pdf\/T3D_P_Magna.pdf\" target=\"_blank\" rel=\"noopener\" title=\"\">Folleto con especificaciones de la LC Magna<\/a><\/p>\n\n\n\n<h4>Aplicaciones<\/h4>\n\n\n\n<ul>\n<li>Producci\u00f3n de corridas cortas de piezas pl\u00e1sticas<\/li>\n\n\n\n<li>Moldes prototipos para inyecci\u00f3n de pl\u00e1stico <\/li>\n\n\n\n<li>Prototipos<\/li>\n\n\n\n<li><a href=\"https:\/\/youtu.be\/v3bFe1cnfIc?si=cPV4VF4J7Q3uaEsI\" target=\"_blank\" rel=\"noopener\" title=\"\">Moldes productivos para fabricaci\u00f3n de suelas en la industria del calzado<\/a><\/li>\n<\/ul>\n\n\n\n<p><\/p>\n\n\n\n<div class=\"is-content-justification-center is-layout-flex wp-container-4 wp-block-buttons\">\n<div class=\"wp-block-button\"><a class=\"wp-block-button__link wp-element-button\" href=\"https:\/\/tecsol3d.com\/es\/contacto\/\">Solicita una cotizaci\u00f3n<\/a><\/div>\n\n\n\n<div class=\"wp-block-button\"><a class=\"wp-block-button__link wp-element-button\" href=\"https:\/\/calendly.com\/tecsol3d\/30min\" target=\"_blank\" rel=\"noreferrer noopener\">Agendar Videollamada<\/a><\/div>\n<\/div>\n\n\n\n<div style=\"height:100px\" aria-hidden=\"true\" class=\"wp-block-spacer\"><\/div>\n\n\n\n<p>Impresora 3D de pl\u00e1sticos de alta definici\u00f3n.<\/p>\n\n\n\n<p><strong><a href=\"https:\/\/tecsol3d.com\/es\/impresoras-3d\/impresoras-3d-profesionales\/\">Regresar a&nbsp;Impresoras 3D Industriales<\/a><\/strong><\/p>\n","protected":false},"excerpt":{"rendered":"<p>Asequible. Industrial. Escalable. Inventamos la impresi\u00f3n LCD en 3D y la Liquid Crystal Magna representa la c\u00faspide de nuestro desarrollo de productos. Con 1.000 impresoras instaladas con \u00e9xito en todo el mundo, descubra c\u00f3mo Magna puede transformar su negocio. Evolucione de la impresi\u00f3n 3D para piezas prototipo a la manufactura digital de su producci\u00f3n de &#8230; <a title=\"Liquid Crystal Magna | Photocentric\" class=\"read-more\" href=\"https:\/\/tecsol3d.com\/es\/impresoras-3d\/impresoras-3d-para-produccion\/lc-magna\/\" aria-label=\"M\u00e1s en Liquid Crystal Magna | Photocentric\">Leer m\u00e1s<\/a><\/p>\n","protected":false},"author":3,"featured_media":0,"parent":28,"menu_order":0,"comment_status":"closed","ping_status":"closed","template":"","meta":{"om_disable_all_campaigns":false,"_mi_skip_tracking":false},"aioseo_notices":[],"_links":{"self":[{"href":"https:\/\/tecsol3d.com\/es\/wp-json\/wp\/v2\/pages\/1639"}],"collection":[{"href":"https:\/\/tecsol3d.com\/es\/wp-json\/wp\/v2\/pages"}],"about":[{"href":"https:\/\/tecsol3d.com\/es\/wp-json\/wp\/v2\/types\/page"}],"author":[{"embeddable":true,"href":"https:\/\/tecsol3d.com\/es\/wp-json\/wp\/v2\/users\/3"}],"replies":[{"embeddable":true,"href":"https:\/\/tecsol3d.com\/es\/wp-json\/wp\/v2\/comments?post=1639"}],"version-history":[{"count":9,"href":"https:\/\/tecsol3d.com\/es\/wp-json\/wp\/v2\/pages\/1639\/revisions"}],"predecessor-version":[{"id":1693,"href":"https:\/\/tecsol3d.com\/es\/wp-json\/wp\/v2\/pages\/1639\/revisions\/1693"}],"up":[{"embeddable":true,"href":"https:\/\/tecsol3d.com\/es\/wp-json\/wp\/v2\/pages\/28"}],"wp:attachment":[{"href":"https:\/\/tecsol3d.com\/es\/wp-json\/wp\/v2\/media?parent=1639"}],"curies":[{"name":"wp","href":"https:\/\/api.w.org\/{rel}","templated":true}]}}