{"id":1754,"date":"2025-10-21T15:06:56","date_gmt":"2025-10-21T21:06:56","guid":{"rendered":"https:\/\/tecsol3d.com\/es\/?page_id=1754"},"modified":"2025-10-28T16:14:00","modified_gmt":"2025-10-28T22:14:00","slug":"handyscan-3d-pro","status":"publish","type":"page","link":"https:\/\/tecsol3d.com\/es\/escaneres-3d\/escaner-3d\/handyscan-3d-pro\/","title":{"rendered":"HandySCAN 3D | Serie Pro \/ Creaform"},"content":{"rendered":"\n<div class=\"is-layout-flex wp-container-3 wp-block-columns\">\n<div class=\"is-layout-flow wp-block-column\">\n<style id=\"bwg-style-0\">      #bwg_container1_0 #bwg_container2_0 .image_browser_images_conteiner_0 * {        -moz-box-sizing: border-box;        box-sizing: border-box;      }      #bwg_container1_0 #bwg_container2_0 .image_browser_images_conteiner_0{\t\tbackground-color: rgba(245, 245, 245, 0.90);\t\ttext-align: center;\t\twidth: 100%;\t\tborder-style: none;\t\tborder-width: 2px;\t\tborder-color: #F7F7F7;\t\tpadding: 4px;\t\tborder-radius: 0;\t\tposition:relative;      }      #bwg_container1_0 #bwg_container2_0 .image_browser_images_0 {\t\tdisplay: inline-block;\t\t-moz-box-sizing: border-box;\t\tbox-sizing: border-box;\t\tfont-size: 0;\t\ttext-align: center;\t\tmax-width: 100%;\t\twidth: 100%;      }      #bwg_container1_0 #bwg_container2_0 .image_browser_image_buttons_conteiner_0 {\t\ttext-align: center;      }      #bwg_container1_0 #bwg_container2_0 .image_browser_image_buttons_0 {\t\tdisplay: inline-block;\t\twidth:100%;      }      #bwg_container1_0 #bwg_container2_0 .bwg_image_browser_image_0 {        background-color: rgba(235, 235, 235, 0.80);\t\ttext-align: center;\t\tdisplay: inline-block;\t\tvertical-align: middle;\t\tmargin: 2px auto;\t\tpadding: 4px;\t\tborder-radius: 0;\t\tborder: 1px none #F5F5F5;\t\tbox-shadow: ;\t\tmax-width: 800px;\t\twidth: 100%;\t\t\/*z-index: 100;*\/\t\tposition: relative;      }      #bwg_container1_0 #bwg_container2_0 .bwg_image_alt_0{\t\tdisplay: table;\t\twidth: 100%;\t\tfont-size: 15px;\t\tfont-family: segoe ui;\t\tcolor: #000000;\t\ttext-align:center;\t\tpadding-left: 8px;        word-break: break-word;      }      #bwg_container1_0 #bwg_container2_0 .bwg_image_browser_img_0 {        padding: 0 !important;\t\tmax-width: 100% !important;\t\theight: inherit !important;\t\twidth: 100%;      }      @media only screen and (max-width : 320px) {\t\t#bwg_container1_0 #bwg_container2_0 .displaying-num_0 {\t\t  display: none;\t\t}\t\t#bwg_container1_0 #bwg_container2_0 .bwg_image_alt_0 {\t\t  font-size: 10px !important;\t\t}\t\t#bwg_container1_0 #bwg_container2_0 .bwg_watermark_text_0,\t\t#bwg_container1_0 #bwg_container2_0 .bwg_watermark_text_0:hover {\t\t  font-size: 10px !important;\t\t  text-decoration: none;\t\t  margin: 4px;\t\t  font-family: Arial;\t\t  color: #FFFFFF !important;\t\t  opacity: 0.30;\t\t  text-decoration: none;\t\t  position: relative;\t\t  z-index: 10141;\t\t}\t\t#bwg_container1_0 #bwg_container2_0 .bwg_image_browser_image_description_0 {\t\t  color: #000000;\t\t  display: table;\t\t  width: 100%;\t\t  text-align: left;\t\t  font-size: 8px !important;\t\t  font-family: segoe ui;\t\t  padding: 8px 8px 8px 8px;\t\t  \/*word-break: break-all;*\/\t\t  border-style: none;\t\t  background-color: #EBEBEB;\t\t  border-radius: 0;\t\t  border-width: 1px;\t\t}\t\t#bwg_container1_0 #bwg_container2_0 .tablenav-pages_0 a {\t\t  font-size: 10px !important;\t\t}      }      #bwg_container1_0 #bwg_container2_0 .bwg_image_browser_image_desp_0 {\t\t\t\tdisplay: table;\t\t\t\tclear: both;\t\t\t\ttext-align: center;        padding: 0px 5px 0px 5px;\t\t\t\twidth: 100%;      }      #bwg_container1_0 #bwg_container2_0 .bwg_image_browser_image_description_0 {        color: #000000;\t\tdisplay: table;\t\twidth: 100%;\t\ttext-align: left;\t\tfont-size: 15px;\t\tfont-family: segoe ui;\t\tpadding: 8px 8px 8px 8px;\t\tword-break: break-word;\t\tborder-style: none;\t\tbackground-color: #EBEBEB;\t\tborder-radius: 0;\t\tborder-width: 1px;      }      #bwg_container1_0 #bwg_container2_0 .bwg_image_browser_image_alt_0 {      \tdisplay:table;        clear: both;        text-align: center;        padding: 8px;        width: 100%;      }      \/*watermark*\/      #bwg_container1_0 #bwg_container2_0 .bwg_watermark_text_0,      #bwg_container1_0 #bwg_container2_0 .bwg_watermark_text_0:hover {        text-decoration: none;        margin: 4px;        font-size: 20px;        font-family: Arial;        color: #FFFFFF !important;        opacity: 0.30;        position: relative;        z-index: 10141;      }      #bwg_container1_0 #bwg_container2_0 .bwg_image_browser_image_contain_0{        position: absolute;        text-align: center;        vertical-align: middle;        width: 100%;        height: 100%;        cursor: pointer;      }      #bwg_container1_0 #bwg_container2_0 .bwg_image_browser_watermark_contain_0{        display: table;        vertical-align: middle;        width: 100%;        height: 100%;      }\t       #bwg_container1_0 #bwg_container2_0 .bwg_image_browser_watermark_cont_0{        display: table-cell;        text-align: ;        position: relative;        vertical-align: ;      }      #bwg_container1_0 #bwg_container2_0 .bwg_image_browser_watermark_0{\t\tdisplay: inline-block;\t\toverflow: hidden;\t\tposition: relative;\t\tvertical-align: middle;\t\tz-index: 10140;\t\twidth: 90px;\t\tmax-width: 11.25%;\t\tmargin: 10px 10px 10px 10px ;      }      #bwg_container1_0 #bwg_container2_0 .bwg_image_browser_watermark_text_0{        display: inline-block;\t\toverflow: hidden;\t\tposition: relative;\t\tvertical-align: middle;\t\tz-index: 10140;\t\tmargin: 10px 10px 10px 10px;      }      #bwg_container1_0 #bwg_container2_0 .bwg_image_browser_watermark_img_0{        max-width: 100%;        opacity: 0.30;        position: relative;        z-index: 10141;      }      #bwg_container1_0 #bwg_container2_0 .bwg_none_selectable {        -webkit-touch-callout: none;        -webkit-user-select: none;        -khtml-user-select: none;        -moz-user-select: none;        -ms-user-select: none;        user-select: none;       ecoration: none;    }    #bwg_container1_0 #bwg_container2_0 .bwg_gal_title_0 {      background-color: rgba(0, 0, 0, 0);      color: #323A45;      display: block;      font-family: Ubuntu;      font-size: 16px;      font-weight: bold;      padding: 2px;      text-shadow: 0px 0px 0px #888888;      text-align: center;    }    <\/style>    <div id=\"bwg_container1_0\"         class=\"bwg_container bwg_thumbnail bwg_image_browser \"         data-right-click-protection=\"1\"         data-bwg=\"0\"         data-scroll=\"0\"         data-gallery-type=\"image_browser\"         data-gallery-view-type=\"image_browser\"         data-current-url=\"\/es\/wp-json\/wp\/v2\/pages\/1754\"         data-lightbox-url=\"https:\/\/tecsol3d.com\/es\/wp-admin\/admin-ajax.php?action=GalleryBox&#038;current_view=0&#038;gallery_id=51&#038;tag=0&#038;theme_id=1&#038;shortcode_id=127&#038;sort_by=order&#038;order_by=asc&#038;current_url=%2Fes%2Fwp-json%2Fwp%2Fv2%2Fpages%2F1754\"         data-gallery-id=\"51\"         data-popup-width=\"800\"         data-popup-height=\"500\"         data-is-album=\"gallery\"         data-buttons-position=\"bottom\">      <div id=\"bwg_container2_0\">             <div id=\"ajax_loading_0\" class=\"bwg_loading_div_1\">      <div class=\"bwg_loading_div_2\">        <div class=\"bwg_loading_div_3\">          <div id=\"loading_div_0\" class=\"bwg_spider_ajax_loading\">          <\/div>        <\/div>      <\/div>    <\/div>            <form id=\"gal_front_form_0\"              class=\"bwg-hidden\"              method=\"post\"              action=\"#\"              data-current=\"0\"              data-shortcode-id=\"127\"              data-gallery-type=\"image_browser\"              data-gallery-id=\"51\"              data-tag=\"0\"              data-album-id=\"0\"              data-theme-id=\"1\"              data-ajax-url=\"https:\/\/tecsol3d.com\/es\/wp-admin\/admin-ajax.php?action=bwg_frontend_data\">          <div id=\"bwg_container3_0\" class=\"bwg-background bwg-background-0\">            \t  <div id=\"bwg_image_browser_0\" class=\"image_browser_images_conteiner_0 bwg-image_browser-images-wrapper bwg-container\"         data-params='{&quot;is_pro&quot;:false,&quot;image_right_click&quot;:&quot;1&quot;,&quot;gallery_id&quot;:&quot;51&quot;}'         data-bwg=\"0\"         data-lightbox-url=\"https:\/\/tecsol3d.com\/es\/wp-admin\/admin-ajax.php?action=GalleryBox&#038;current_view=0&#038;gallery_id=51&#038;tag=0&#038;theme_id=1&#038;shortcode_id=127&#038;sort_by=order&#038;order_by=asc&#038;current_url=%2Fes%2Fwp-json%2Fwp%2Fv2%2Fpages%2F1754\">      <div class=\"image_browser_images_0\">                  <div class=\"image_browser_image_buttons_conteiner_0\">            <div class=\"image_browser_image_buttons_0\">                            <div class=\"bwg_image_browser_image_0\">                                  <a style=\"position:relative;\" class=\"bwg-a\" >                    <img class=\"skip-lazy bwg-item0 bwg_image_browser_img bwg_image_browser_img_0 \"                         src=\"https:\/\/tecsol3d.com\/es\/wp-content\/uploads\/photo-gallery\/HandySCAN-PRO_ISO_Right.png?bwg=1761079358\"                         data-src=\"https:\/\/tecsol3d.com\/es\/wp-content\/uploads\/photo-gallery\/HandySCAN-PRO_ISO_Right.png?bwg=1761079358\"                         alt=\"HandySCAN-PRO ISO Right\"                         title=\"HandySCAN-PRO ISO Right\" \/>                  <\/a>                                <\/div>                          <\/div>          <\/div>                <\/div>    <\/div>    <style>      \/*pagination styles*\/      #bwg_container1_0 #bwg_container2_0 .tablenav-pages_0 {\t\t\t\ttext-align: center;\t\t\t\tfont-size: 12px;\t\t\t\tfont-family: segoe ui;\t\t\t\tfont-weight: bold;\t\t\t\tcolor: #666666;\t\t\t\tmargin: 6px 0 4px;\t\t\t\tdisplay: block;      }      @media only screen and (max-width : 320px) {      #bwg_container1_0 #bwg_container2_0 .displaying-num_0 {     \t display: none;      }      }      #bwg_container1_0 #bwg_container2_0 .displaying-num_0 {\t\t\t\tfont-size: 12px;\t\t\t\tfont-family: segoe ui;\t\t\t\tfont-weight: bold;\t\t\t\tcolor: #666666;\t\t\t\tmargin-right: 10px;\t\t\t\tvertical-align: middle;      }      #bwg_container1_0 #bwg_container2_0 .paging-input_0 {\t\t\t\tfont-size: 12px;\t\t\t\tfont-family: segoe ui;\t\t\t\tfont-weight: bold;\t\t\t\tcolor: #666666;\t\t\t\tvertical-align: middle;      }      #bwg_container1_0 #bwg_container2_0 .tablenav-pages_0 a.disabled,      #bwg_container1_0 #bwg_container2_0 .tablenav-pages_0 a.disabled:hover,      #bwg_container1_0 #bwg_container2_0 .tablenav-pages_0 a.disabled:focus,\t\t\t#bwg_container1_0 #bwg_container2_0 .tablenav-pages_0 input.bwg_current_page {\t\t\t\tcursor: default;\t\t\t\tcolor: rgba(102, 102, 102, 0.5);      }      #bwg_container1_0 #bwg_container2_0 .tablenav-pages_0 a,      #bwg_container1_0 #bwg_container2_0 .tablenav-pages_0 input.bwg_current_page {\t\t\t\tcursor: pointer;\t\t\t\ttext-align: center;\t\t\t\tfont-size: 12px;\t\t\t\tfont-family: segoe ui;\t\t\t\tfont-weight: bold;\t\t\t\tcolor: #666666;\t\t\t\ttext-decoration: none;\t\t\t\tpadding: 3px 6px;\t\t\t\tmargin: 0;\t\t\t\tborder-radius: 0;\t\t\t\tborder-style: solid;\t\t\t\tborder-width: 1px;\t\t\t\tborder-color: #E3E3E3;\t\t\t\t\t\t\t\tbackground-color: rgba(255, 255, 255, 1.00);\t\t\t\tbox-shadow: 0;\t\t\t\ttransition: all 0.3s ease 0s;-webkit-transition: all 0.3s ease 0s;      }            #bwg_container1_0 #bwg_container2_0 .tablenav-pages_0 a.next-page:hover,      #bwg_container1_0 #bwg_container2_0 .tablenav-pages_0 a.prev-page:hover {        color: #000000;      }      #bwg_container1_0 #bwg_container2_0 .tablenav-pages_0 .first-page,      #bwg_container1_0 #bwg_container2_0 .tablenav-pages_0 .last-page {        padding: 0% 7%;      }      #bwg_container1_0 #bwg_container2_0 .tablenav-pages_0 .next-page {        margin: 0% 4% 0% 0%;      }      #bwg_container1_0 #bwg_container2_0 .tablenav-pages_0 .prev-page {        margin: 0% 0% 0% 4%;      }      #bwg_container1_0 #bwg_container2_0 .tablenav-pages_0 a {        font-size: 15px !important;        padding: 0% 7% !important;        border-style: none !important;        border-width: 1px;        border-color: #E3E3E3;        background-color: #FFFFFF;        opacity: 1.00;        transition: all 0.3s ease 0s;-webkit-transition: all 0.3s ease 0s;      }      .bwg_image_browser#bwg_container1_0 #bwg_container2_0 .tablenav-pages_0 a {         padding: 0% 11% !important;      }\t\t\t#bwg_container1_0 #bwg_container2_0 .tablenav-pages_0 {        background-color: rgba(245, 245, 245, 0.90);        margin-top: 0;      }      .bwg_image_browser  .pagination-links_0 {        white-space: nowrap;      }      @media screen and (max-width: 465px) {        .bwg_image_browser#bwg_container1_0 #bwg_container2_0 .tablenav-pages_0 a {          padding: 0% 5% !important;          font-size: 13px;        }      }      <\/style>      <span class=\"bwg_nav_cont_0\">              <div class=\"tablenav-pages_0\">                      <span class=\"pagination-links_0 pagination-links\" data-pages-count=\"7\">              <span class=\"pagination-links_col1\">              <a class=\"bwg-a first-page disabled\" title=\"Ir a la primera p\u00e1gina\" >\u00ab<\/a>              <a class=\"bwg-a prev-page disabled\" title=\"Ir a la p\u00e1gina anterior\" >\u2039<\/a>              <\/span>\t\t\t\t\t\t\t<span class=\"pagination-links_col2\">\t\t\t\t\t\t\t\t\t<input type=\"number\" class=\"bwg_current_page\" name=\"bwg_current_page\" value=\"1\" data-url-info=\"page_number_0\" onkeypress=\"return bwg_change_page_0(event, this)\" min=\"1\" oninput=\"validity.valid||(value='')\" \/>\t\t\t\t\t\t\t\t\t\tde\t\t\t\t\t\t\t\t\t\t<span class=\"total-pages_0\">\t\t\t\t\t\t\t\t\t\t\t7\t\t\t\t\t\t\t\t\t\t<\/span>\t\t\t\t\t\t\t<\/span>              <span class=\"pagination-links_col3\">                <a class=\"bwg-a next-page-0\" title=\"Ir a la p\u00e1gina siguiente\" >\u203a<\/a>                <a class=\"bwg-a last-page-0\" title=\"Ir a la \u00faltima p\u00e1gina\" >\u00bb<\/a>              <\/span>\t\t\t\t\t\t<\/span>\t\t\t\t\t\t        <\/div>                <input type=\"hidden\" id=\"page_number_0\" name=\"page_number_0\" value=\"1\" \/>      <script type=\"text\/javascript\">        if( jQuery('.bwg_nav_cont_0').length > 1 ) {          jQuery('.bwg_nav_cont_0').first().remove()        }        function spider_page_0(cur, x, y, load_more) {          if (typeof load_more == \"undefined\") {            var load_more = false;          }          if (jQuery(cur).hasClass('disabled')) {            return false;          }          var items_county_0 = 7;          switch (y) {            case 1:              if (x >= items_county_0) {                document.getElementById('page_number_0').value = items_county_0;              }              else {                document.getElementById('page_number_0').value = x + 1;              }              break;            case 2:              document.getElementById('page_number_0').value = items_county_0;              break;            case -1:              if (x == 1) {                document.getElementById('page_number_0').value = 1;              }              else {                document.getElementById('page_number_0').value = x - 1;              }              break;            case -2:              document.getElementById('page_number_0').value = 1;              break;\t\t\t\t\t\tcase 0:              document.getElementById('page_number_0').value = x;              break;            default:              document.getElementById('page_number_0').value = 1;          }          bwg_ajax('gal_front_form_0', '0', 'bwg_image_browser_0', '0', '', 'gallery', 0, '', '', load_more, '', 1);        }                    jQuery('.first-page disabled').on('click', function () {              spider_page_0(this, 1, -2, 'numeric');              return false;            });            jQuery('.prev-page disabled').on('click', function () {              spider_page_0(this, 1, -1, 'numeric');              return false;            });            jQuery('.next-page-0').on('click', function () {              spider_page_0(this, 1, 1, 'numeric');              return false;            });            jQuery('.last-page-0').on('click', function () {              spider_page_0(this, 1, 2, 'numeric');              return false;            });        \t\t\t\t\/* Change page on input enter. *\/        function bwg_change_page_0( e, that ) {          if (  e.key == 'Enter' ) {            var to_page = parseInt(jQuery(that).val());            var pages_count = jQuery(that).parents(\".pagination-links\").data(\"pages-count\");            var current_url_param = jQuery(that).attr('data-url-info');            if (to_page > pages_count) {              to_page = 1;            }\t \t\t\t\t\t\t\t\t\t\t\t\tspider_page_0(this, to_page, 0, 'numeric');\t\t\t\t\t\t\treturn false;\t\t\t\t\t\t          }          return true;        }        jQuery('.bwg_load_btn_0').on('click', function () {            spider_page_0(this, 1, 1, true);            return false;        });      <\/script>      <\/span>                <\/div>        <\/form>              <\/div>    <\/div>    <script>      if (document.readyState === 'complete') {        if( typeof bwg_main_ready == 'function' ) {          if ( jQuery(\"#bwg_container1_0\").height() ) {            bwg_main_ready(jQuery(\"#bwg_container1_0\"));          }        }      } else {        document.addEventListener('DOMContentLoaded', function() {          if( typeof bwg_main_ready == 'function' ) {            if ( jQuery(\"#bwg_container1_0\").height() ) {             bwg_main_ready(jQuery(\"#bwg_container1_0\"));            }          }        });      }    <\/script>    \n<\/div>\n\n\n\n<div class=\"is-layout-flow wp-block-column is-vertically-aligned-center\">\n<h2>Esc\u00e1neres 3D profesionales probados y confiables<\/h2>\n\n\n\n<h4>Esc\u00e1ner 3D de alto rendimiento respaldados por el mejor software Escaneado a CAD<\/h4>\n\n\n\n<p>La clave para un flujo de trabajo de ingenier\u00eda inversa eficiente es convertir datos de escaneado 3D en modelos CAD y para impresi\u00f3n 3D listos para usar de la manera m\u00e1s r\u00e1pida y fluida posible.<\/p>\n\n\n\n<p>Para lograr esto, los dise\u00f1adores de productos necesitan un esc\u00e1ner l\u00e1ser 3D de alto rendimiento capaz de capturar los detalles m\u00e1s finos en cualquier tipo de superficie y funcionar de manera confiable en cualquier entorno, todo esto sin comprometer la precisi\u00f3n.<\/p>\n<\/div>\n<\/div>\n\n\n\n<p>Igualmente importante es seleccionar un software que sobresalga en el procesamiento avanzado de escaneados 3D, ofreciendo potentes herramientas de dibujo y modelado para crear el camino m\u00e1s r\u00e1pido y eficiente entre el escaneado y el CAD, con la capacidad de comparar modelos 3D directamente con los datos de escaneado originales.<\/p>\n\n\n\n<p>El HandySCAN 3D | Serie PRO, que incluye Escaneado a CAD Pro, ofrece una soluci\u00f3n m\u00e1s potente, accesible y confiable para acelerar el desarrollo de productos, reducir el tiempo de lanzamiento y disminuir los costos de desarrollo.<\/p>\n\n\n\n<p><strong>Paquete desde<\/strong><br>US$24 990<\/p>\n\n\n\n<h5><em>El precio mostrado es el Precio Minorista Recomendado (RRP, por sus siglas en ingl\u00e9s) en d\u00f3lares estadounidenses. Pueden aplicarse RRP regionales.<br>El RRP incluye el sistema de esc\u00e1ner 3D, un estuche de transporte, el software Creaform.OS incluido el m\u00f3dulo de ingenier\u00eda inversa Escaneado a CAD Pro, y el primer a\u00f1o de nuestro Programa de atenci\u00f3n al cliente. No incluye impuestos aplicables, env\u00edo, tarifas de importaci\u00f3n, computadora port\u00e1til, capacitaci\u00f3n u otras opciones.<\/em><\/h5>\n\n\n\n<h4><strong>Exactitud y alto nivel de detalle<\/strong><\/h4>\n\n\n\n<ul>\n<li><strong>Exactitud<\/strong><br>0.030 mm<\/li>\n\n\n\n<li>Exactitud volum\u00e9trica<br>0,020 \u00b1 0,060 mm\/m<\/li>\n\n\n\n<li><strong>Alta repetibilidad<br><\/strong>Escaneo 3D fiable de cualquier objeto<\/li>\n\n\n\n<li><strong>Alta resoluci\u00f3n<br><\/strong>Datos de escaneo de calidad superior con gran detalle.<\/li>\n\n\n\n<li><strong>Soluci\u00f3n confiable, probada por m\u00e1s de 10,000 usuarios<\/strong><\/li>\n\n\n\n<li><strong>El intervalo m\u00e1s r\u00e1pido entre digitaci\u00f3n y reporte.<\/strong><\/li>\n\n\n\n<li><strong>Soporte mundial de alto nivel<\/strong><\/li>\n\n\n\n<li><strong>Tiempo m\u00e1s r\u00e1pido de escaneo a CAD<\/strong><\/li>\n\n\n\n<li><strong>Nivel excepcional de detalle <\/strong><\/li>\n\n\n\n<li><strong>Interfaaz m\u00e1s simple e intuitiva<\/strong><\/li>\n<\/ul>\n\n\n\n<p>El HandySCAN 3D | Serie PRO proporciona mediciones dimensionales precisas y rigurosas de formas complejas en cualquier entorno, independientemente de las condiciones de configuraci\u00f3n o de la experiencia del usuario. La funci\u00f3n de referenciaci\u00f3n din\u00e1mica permite a los usuarios generar modelos .stl de alta calidad de cualquier superficie, capturando los detalles m\u00e1s finos de caracter\u00edsticas intrincadas de piezas, incluso en condiciones<\/p>\n\n\n\n<h4><strong>Tiempo m\u00e1s r\u00e1pido a CAD<\/strong><\/h4>\n\n\n\n<p>Al combinarse con la versatilidad del esc\u00e1ner 3D y su dise\u00f1o ergon\u00f3mico, el software est\u00e1 perfectamente integrado para ofrecer una experiencia intuitiva y f\u00e1cil de usar en cualquier proyecto de ingenier\u00eda inversa. El m\u00f3dulo de software Escaneado a CAD, parte de Creafrom Metrology Suite, acelera a\u00fan m\u00e1s la extracci\u00f3n de caracter\u00edsticas de escaneados 3D, generando modelos CAD precisos al primer intento y garantizando el camino m\u00e1s r\u00e1pido hacia CAD.<\/p>\n\n\n\n<p><strong>Capacidad para escanear r\u00e1pidamente superficies complejas y dif\u00edciles<\/strong><\/p>\n\n\n\n<p><strong>Software integrado para el procesamiento avanzado de archivos de escaneo 3D<\/strong><\/p>\n\n\n\n<p><strong>Herramientas optimizadas de dibujo y modelado para datos 3D<\/strong><\/p>\n\n\n\n<p><strong>An\u00e1lisis de desviaciones del modelo CAD en tiempo real<\/strong><\/p>\n\n\n\n<h4><strong>Tecnolog\u00eda probada y de confianza<\/strong><\/h4>\n\n\n\n<p>Respaldado por 20 a\u00f1os de experiencia en el desarrollo y perfeccionamiento de esc\u00e1neres l\u00e1ser 3D, la Serie PRO ofrece alto rendimiento a un precio accesible, proporcionando la mejor relaci\u00f3n calidad-precio del mercado. Fabricado en Norteam\u00e9rica y confiado por m\u00e1s de 10 000 usuarios, esta tecnolog\u00eda probada refleja el compromiso de Creaform con la fiabilidad y un servicio al cliente dedicado.<\/p>\n\n\n\n<p><strong>Mejor relaci\u00f3n precio-rendimiento<\/strong><strong><\/strong><\/p>\n\n\n\n<p><strong>Dise\u00f1ado y fabricado en Norteam\u00e9rica<\/strong><\/p>\n\n\n\n<p><strong>M\u00e1s de 10 000 usuarios en todo el mundo<\/strong><\/p>\n\n\n\n<p><strong>Respaldado por un equipo global de soporte al cliente y expertos t\u00e9cnicos<\/strong><\/p>\n\n\n\n<h4><strong>Portabilidad<\/strong><\/h4>\n\n\n\n<p>Este esc\u00e1ner 3D port\u00e1til es un dispositivo independiente que no requiere tr\u00edpode ni sistema de seguimiento externo para funcionar. Suficientemente compacto para caber en un malet\u00edn peque\u00f1o, puede transportarse a cualquier lugar y usarse en cualquier entorno sin comprometer el rendimiento.<\/p>\n\n\n\n<p><strong>Ligero y compacto<\/strong><br>Cabe en una malet\u00edn<\/p>\n\n\n\n<p><strong>No se requiere un montaje r\u00edgido<\/strong><br>El esc\u00e1ner y la pieza pueden moverse libremente durante el escaneado<\/p>\n\n\n\n<p><strong>Escaneado sobre la marcha<\/strong><br>\u00daselo en el laboratorio o en el \u00e1rea de producci\u00f3n<\/p>\n\n\n\n<p><strong>Configuraci\u00f3n r\u00e1pida<\/strong><br>Encendido y listo para usarse en menos de 2 minutos<\/p>\n\n\n<p><iframe loading=\"lazy\" title=\"TecSol3D HandySCAN3D Pro: La soluci\u00f3n de escaneado 3D m\u00e1s r\u00e1pida para ingenier\u00eda inversa\" width=\"1200\" height=\"675\" src=\"https:\/\/www.youtube.com\/embed\/UFz8JsbtKCs?feature=oembed\" frameborder=\"0\" allow=\"accelerometer; autoplay; clipboard-write; encrypted-media; gyroscope; picture-in-picture; web-share\" referrerpolicy=\"strict-origin-when-cross-origin\" allowfullscreen><\/iframe><\/p>\n\n\n\n<h3>Folleto<\/h3>\n\n\n\n<ul>\n<li><a href=\"https:\/\/tecsol3d.com\/es\/pdf\/T3D_HandySCAN3D_Pro.pdf\" target=\"_blank\" rel=\"noopener\" title=\"\">Especificaciones HandySCAN Pro<\/a><\/li>\n<\/ul>\n\n\n\n<div class=\"is-content-justification-center is-layout-flex wp-container-4 wp-block-buttons\">\n<div class=\"wp-block-button\"><a class=\"wp-block-button__link wp-element-button\" href=\"https:\/\/tecsol3d.com\/es\/contacto\/\">Solicitar cotizaci\u00f3n<\/a><\/div>\n\n\n\n<div class=\"wp-block-button\"><a class=\"wp-block-button__link wp-element-button\" href=\"https:\/\/calendly.com\/tecsol3d\/30min\" target=\"_blank\" rel=\"noreferrer noopener\">Agendar Videollamada<\/a><\/div>\n<\/div>\n\n\n\n<div style=\"height:100px\" aria-hidden=\"true\" class=\"wp-block-spacer\"><\/div>\n\n\n\n<h3><a href=\"https:\/\/tecsol3d.com\/es\/escaneres-3d\/escaner-3d\/\">Regresar a&nbsp;Escaners 3D&#8230;<\/a><\/h3>\n","protected":false},"excerpt":{"rendered":"<p>Esc\u00e1neres 3D profesionales probados y confiables Esc\u00e1ner 3D de alto rendimiento respaldados por el mejor software Escaneado a CAD La clave para un flujo de trabajo de ingenier\u00eda inversa eficiente es convertir datos de escaneado 3D en modelos CAD y para impresi\u00f3n 3D listos para usar de la manera m\u00e1s r\u00e1pida y fluida posible. Para &#8230; <a title=\"HandySCAN 3D | Serie Pro \/ Creaform\" class=\"read-more\" href=\"https:\/\/tecsol3d.com\/es\/escaneres-3d\/escaner-3d\/handyscan-3d-pro\/\" aria-label=\"M\u00e1s en HandySCAN 3D | Serie Pro \/ Creaform\">Leer m\u00e1s<\/a><\/p>\n","protected":false},"author":3,"featured_media":0,"parent":30,"menu_order":0,"comment_status":"closed","ping_status":"closed","template":"","meta":{"om_disable_all_campaigns":false,"_mi_skip_tracking":false},"aioseo_notices":[],"_links":{"self":[{"href":"https:\/\/tecsol3d.com\/es\/wp-json\/wp\/v2\/pages\/1754"}],"collection":[{"href":"https:\/\/tecsol3d.com\/es\/wp-json\/wp\/v2\/pages"}],"about":[{"href":"https:\/\/tecsol3d.com\/es\/wp-json\/wp\/v2\/types\/page"}],"author":[{"embeddable":true,"href":"https:\/\/tecsol3d.com\/es\/wp-json\/wp\/v2\/users\/3"}],"replies":[{"embeddable":true,"href":"https:\/\/tecsol3d.com\/es\/wp-json\/wp\/v2\/comments?post=1754"}],"version-history":[{"count":8,"href":"https:\/\/tecsol3d.com\/es\/wp-json\/wp\/v2\/pages\/1754\/revisions"}],"predecessor-version":[{"id":1773,"href":"https:\/\/tecsol3d.com\/es\/wp-json\/wp\/v2\/pages\/1754\/revisions\/1773"}],"up":[{"embeddable":true,"href":"https:\/\/tecsol3d.com\/es\/wp-json\/wp\/v2\/pages\/30"}],"wp:attachment":[{"href":"https:\/\/tecsol3d.com\/es\/wp-json\/wp\/v2\/media?parent=1754"}],"curies":[{"name":"wp","href":"https:\/\/api.w.org\/{rel}","templated":true}]}}