{"id":20,"date":"2016-06-16T08:34:35","date_gmt":"2016-06-16T14:34:35","guid":{"rendered":"http:\/\/tecsol3d.com\/es\/?page_id=20"},"modified":"2025-10-31T15:06:20","modified_gmt":"2025-10-31T21:06:20","slug":"nosotros","status":"publish","type":"page","link":"https:\/\/tecsol3d.com\/es\/nosotros\/","title":{"rendered":"Nosotros"},"content":{"rendered":"\n<p>Iniciamos operaciones en la ciudad de Monterrey en el a\u00f1o de 2001 con la distribuci\u00f3n en M\u00e9xico de las impresoras 3D ZCorporation que eran las m\u00e1s rapidas, de bajo costo y las \u00fanicas del mercado capaces de imprimir a todo color. Siendo una de las primeras empresas en traer equipo de prototipado r\u00e1pido o impresi\u00f3n 3D a Mexico nos posicionamos como una de las organizaciones con mayor experiencia t\u00e9cnica en el mercado con lo cual podemos ayudarle a encontrar el equipo id\u00f3neo para su aplicaci\u00f3n o necesidad.<\/p>\n\n\n\n<p>En la actualidad somos distribuidores de marcas l\u00edderes en el mercado de impresi\u00f3n y escaneo 3D como: Creaform, Markforged, Photocentric, Prusa y Roland; y ponemos a sus disposici\u00f3n\u00a0diferentes tecnolog\u00edas de\u00a0impresi\u00f3n, de escaneo, equipos de manufactura substractiva y software 3D complemetario del esc\u00e1ner 3D\u00a0para\u00a0inspecci\u00f3n dimesional o ingenier\u00eda inversa.<\/p>\n\n\n\n<p>Nuestro equipo t\u00e9cnico le podr\u00e1 ayudar en sus necesidades desde la selecci\u00f3n o evaluaci\u00f3n de equipo en base al giro de su empresa, mantenimiento de sus equipos, calibraciones y capacitaci\u00f3n.<\/p>\n\n\n\n<p>Nuestro equipo t\u00e9cnico le brindar\u00e1 soporte t\u00e9cnico despues de su compra para asegurar la implementaci\u00f3n de su impresora o esc\u00e1ner. <\/p>\n\n\n\n<p>Ofecermos soporte t\u00e9nico y contamos con refacciones\/consumibles para mantener su impresora 3D Markforged funcionado.<\/p>\n\n\n\n<p>Contamos con m\u00e1s de 200 equipos profesionales instalados en la Rep\u00fablica Mexicana y con una cartera de clientes que incluye varias de las empresas, universidades e instituciones de investigaci\u00f3n m\u00e1s importantes del pa\u00eds.<\/p>\n\n\n\n<div class=\"is-content-justification-center is-layout-flex wp-container-1 wp-block-buttons\">\n<div class=\"wp-block-button\"><a class=\"wp-block-button__link wp-element-button\" href=\"https:\/\/tecsol3d.com\/es\/contacto\/\">Enviarnos un mensaje<\/a><\/div>\n\n\n\n<div class=\"wp-block-button\"><a class=\"wp-block-button__link wp-element-button\" href=\"https:\/\/calendly.com\/tecsol3d\/30min\" target=\"_blank\" rel=\"noreferrer noopener\">Agendar Videollamada<\/a><\/div>\n<\/div>\n","protected":false},"excerpt":{"rendered":"<p>Iniciamos operaciones en la ciudad de Monterrey en el a\u00f1o de 2001 con la distribuci\u00f3n en M\u00e9xico de las impresoras 3D ZCorporation que eran las m\u00e1s rapidas, de bajo costo y las \u00fanicas del mercado capaces de imprimir a todo color. Siendo una de las primeras empresas en traer equipo de prototipado r\u00e1pido o impresi\u00f3n &#8230; <a title=\"Nosotros\" class=\"read-more\" href=\"https:\/\/tecsol3d.com\/es\/nosotros\/\" aria-label=\"M\u00e1s en Nosotros\">Leer m\u00e1s<\/a><\/p>\n","protected":false},"author":1,"featured_media":0,"parent":0,"menu_order":0,"comment_status":"closed","ping_status":"closed","template":"","meta":{"om_disable_all_campaigns":false,"_mi_skip_tracking":false},"aioseo_notices":[],"_links":{"self":[{"href":"https:\/\/tecsol3d.com\/es\/wp-json\/wp\/v2\/pages\/20"}],"collection":[{"href":"https:\/\/tecsol3d.com\/es\/wp-json\/wp\/v2\/pages"}],"about":[{"href":"https:\/\/tecsol3d.com\/es\/wp-json\/wp\/v2\/types\/page"}],"author":[{"embeddable":true,"href":"https:\/\/tecsol3d.com\/es\/wp-json\/wp\/v2\/users\/1"}],"replies":[{"embeddable":true,"href":"https:\/\/tecsol3d.com\/es\/wp-json\/wp\/v2\/comments?post=20"}],"version-history":[{"count":10,"href":"https:\/\/tecsol3d.com\/es\/wp-json\/wp\/v2\/pages\/20\/revisions"}],"predecessor-version":[{"id":1800,"href":"https:\/\/tecsol3d.com\/es\/wp-json\/wp\/v2\/pages\/20\/revisions\/1800"}],"wp:attachment":[{"href":"https:\/\/tecsol3d.com\/es\/wp-json\/wp\/v2\/media?parent=20"}],"curies":[{"name":"wp","href":"https:\/\/api.w.org\/{rel}","templated":true}]}}