{"id":223,"date":"2016-07-17T18:39:30","date_gmt":"2016-07-18T00:39:30","guid":{"rendered":"http:\/\/tecsol3d.com\/es\/?page_id=223"},"modified":"2018-07-11T14:47:39","modified_gmt":"2018-07-11T20:47:39","slug":"metrascan-3d","status":"publish","type":"page","link":"https:\/\/tecsol3d.com\/es\/escaneres-3d\/escaner-3d\/metrascan-3d\/","title":{"rendered":"MetraSCAN 3D"},"content":{"rendered":"<p>[one_half]<\/p>\n<style id=\"bwg-style-0\">      #bwg_container1_0 #bwg_container2_0 .image_browser_images_conteiner_0 * {        -moz-box-sizing: border-box;        box-sizing: border-box;      }      #bwg_container1_0 #bwg_container2_0 .image_browser_images_conteiner_0{\t\tbackground-color: rgba(245, 245, 245, 0.90);\t\ttext-align: center;\t\twidth: 100%;\t\tborder-style: none;\t\tborder-width: 2px;\t\tborder-color: #F7F7F7;\t\tpadding: 4px;\t\tborder-radius: 0;\t\tposition:relative;      }      #bwg_container1_0 #bwg_container2_0 .image_browser_images_0 {\t\tdisplay: inline-block;\t\t-moz-box-sizing: border-box;\t\tbox-sizing: border-box;\t\tfont-size: 0;\t\ttext-align: center;\t\tmax-width: 100%;\t\twidth: 100%;      }      #bwg_container1_0 #bwg_container2_0 .image_browser_image_buttons_conteiner_0 {\t\ttext-align: center;      }      #bwg_container1_0 #bwg_container2_0 .image_browser_image_buttons_0 {\t\tdisplay: inline-block;\t\twidth:100%;      }      #bwg_container1_0 #bwg_container2_0 .bwg_image_browser_image_0 {        background-color: rgba(235, 235, 235, 0.80);\t\ttext-align: center;\t\tdisplay: inline-block;\t\tvertical-align: middle;\t\tmargin: 2px auto;\t\tpadding: 4px;\t\tborder-radius: 0;\t\tborder: 1px none #F5F5F5;\t\tbox-shadow: ;\t\tmax-width: 700px;\t\twidth: 100%;\t\t\/*z-index: 100;*\/\t\tposition: relative;      }      #bwg_container1_0 #bwg_container2_0 .bwg_image_alt_0{\t\tdisplay: table;\t\twidth: 100%;\t\tfont-size: 15px;\t\tfont-family: segoe ui;\t\tcolor: #000000;\t\ttext-align:center;\t\tpadding-left: 8px;        word-break: break-word;      }      #bwg_container1_0 #bwg_container2_0 .bwg_image_browser_img_0 {        padding: 0 !important;\t\tmax-width: 100% !important;\t\theight: inherit !important;\t\twidth: 100%;      }      @media only screen and (max-width : 320px) {\t\t#bwg_container1_0 #bwg_container2_0 .displaying-num_0 {\t\t  display: none;\t\t}\t\t#bwg_container1_0 #bwg_container2_0 .bwg_image_alt_0 {\t\t  font-size: 10px !important;\t\t}\t\t#bwg_container1_0 #bwg_container2_0 .bwg_watermark_text_0,\t\t#bwg_container1_0 #bwg_container2_0 .bwg_watermark_text_0:hover {\t\t  font-size: 10px !important;\t\t  text-decoration: none;\t\t  margin: 4px;\t\t  font-family: Arial;\t\t  color: #FFFFFF !important;\t\t  opacity: 0.30;\t\t  text-decoration: none;\t\t  position: relative;\t\t  z-index: 10141;\t\t}\t\t#bwg_container1_0 #bwg_container2_0 .bwg_image_browser_image_description_0 {\t\t  color: #000000;\t\t  display: table;\t\t  width: 100%;\t\t  text-align: left;\t\t  font-size: 8px !important;\t\t  font-family: segoe ui;\t\t  padding: 8px 8px 8px 8px;\t\t  \/*word-break: break-all;*\/\t\t  border-style: none;\t\t  background-color: #EBEBEB;\t\t  border-radius: 0;\t\t  border-width: 1px;\t\t}\t\t#bwg_container1_0 #bwg_container2_0 .tablenav-pages_0 a {\t\t  font-size: 10px !important;\t\t}      }      #bwg_container1_0 #bwg_container2_0 .bwg_image_browser_image_desp_0 {\t\t\t\tdisplay: table;\t\t\t\tclear: both;\t\t\t\ttext-align: center;        padding: 0px 5px 0px 5px;\t\t\t\twidth: 100%;      }      #bwg_container1_0 #bwg_container2_0 .bwg_image_browser_image_description_0 {        color: #000000;\t\tdisplay: table;\t\twidth: 100%;\t\ttext-align: left;\t\tfont-size: 15px;\t\tfont-family: segoe ui;\t\tpadding: 8px 8px 8px 8px;\t\tword-break: break-word;\t\tborder-style: none;\t\tbackground-color: #EBEBEB;\t\tborder-radius: 0;\t\tborder-width: 1px;      }      #bwg_container1_0 #bwg_container2_0 .bwg_image_browser_image_alt_0 {      \tdisplay:table;        clear: both;        text-align: center;        padding: 8px;        width: 100%;      }      \/*watermark*\/      #bwg_container1_0 #bwg_container2_0 .bwg_watermark_text_0,      #bwg_container1_0 #bwg_container2_0 .bwg_watermark_text_0:hover {        text-decoration: none;        margin: 4px;        font-size: 12px;        font-family: Arial;        color: #FFFFFF !important;        opacity: 0.30;        position: relative;        z-index: 10141;      }      #bwg_container1_0 #bwg_container2_0 .bwg_image_browser_image_contain_0{        position: absolute;        text-align: center;        vertical-align: middle;        width: 100%;        height: 100%;        cursor: pointer;      }      #bwg_container1_0 #bwg_container2_0 .bwg_image_browser_watermark_contain_0{        display: table;        vertical-align: middle;        width: 100%;        height: 100%;      }\t       #bwg_container1_0 #bwg_container2_0 .bwg_image_browser_watermark_cont_0{        display: table-cell;        text-align: ;        position: relative;        vertical-align: ;      }      #bwg_container1_0 #bwg_container2_0 .bwg_image_browser_watermark_0{\t\tdisplay: inline-block;\t\toverflow: hidden;\t\tposition: relative;\t\tvertical-align: middle;\t\tz-index: 10140;\t\twidth: 90px;\t\tmax-width: 12.857142857143%;\t\tmargin: 10px 10px 10px 10px ;      }      #bwg_container1_0 #bwg_container2_0 .bwg_image_browser_watermark_text_0{        display: inline-block;\t\toverflow: hidden;\t\tposition: relative;\t\tvertical-align: middle;\t\tz-index: 10140;\t\tmargin: 10px 10px 10px 10px;      }      #bwg_container1_0 #bwg_container2_0 .bwg_image_browser_watermark_img_0{        max-width: 100%;        opacity: 0.30;        position: relative;        z-index: 10141;      }      #bwg_container1_0 #bwg_container2_0 .bwg_none_selectable {        -webkit-touch-callout: none;        -webkit-user-select: none;        -khtml-user-select: none;        -moz-user-select: none;        -ms-user-select: none;        user-select: none;       ecoration: none;    }    #bwg_container1_0 #bwg_container2_0 .bwg_gal_title_0 {      background-color: rgba(0, 0, 0, 0);      color: #323A45;      display: block;      font-family: Ubuntu;      font-size: 16px;      font-weight: bold;      padding: 2px;      text-shadow: 0px 0px 0px #888888;      text-align: center;    }    <\/style>    <div id=\"bwg_container1_0\"         class=\"bwg_container bwg_thumbnail bwg_image_browser \"         data-right-click-protection=\"1\"         data-bwg=\"0\"         data-scroll=\"0\"         data-gallery-type=\"image_browser\"         data-gallery-view-type=\"image_browser\"         data-current-url=\"\/es\/wp-json\/wp\/v2\/pages\/223\"         data-lightbox-url=\"https:\/\/tecsol3d.com\/es\/wp-admin\/admin-ajax.php?action=GalleryBox&#038;current_view=0&#038;gallery_id=14&#038;tag=0&#038;theme_id=1&#038;shortcode_id=14&#038;sort_by=order&#038;order_by=asc&#038;current_url=%2Fes%2Fwp-json%2Fwp%2Fv2%2Fpages%2F223\"         data-gallery-id=\"14\"         data-popup-width=\"800\"         data-popup-height=\"500\"         data-is-album=\"gallery\"         data-buttons-position=\"bottom\">      <div id=\"bwg_container2_0\">             <div id=\"ajax_loading_0\" class=\"bwg_loading_div_1\">      <div class=\"bwg_loading_div_2\">        <div class=\"bwg_loading_div_3\">          <div id=\"loading_div_0\" class=\"bwg_spider_ajax_loading\">          <\/div>        <\/div>      <\/div>    <\/div>            <form id=\"gal_front_form_0\"              class=\"bwg-hidden\"              method=\"post\"              action=\"#\"              data-current=\"0\"              data-shortcode-id=\"14\"              data-gallery-type=\"image_browser\"              data-gallery-id=\"14\"              data-tag=\"0\"              data-album-id=\"0\"              data-theme-id=\"1\"              data-ajax-url=\"https:\/\/tecsol3d.com\/es\/wp-admin\/admin-ajax.php?action=bwg_frontend_data\">          <div id=\"bwg_container3_0\" class=\"bwg-background bwg-background-0\">            \t  <div id=\"bwg_image_browser_0\" class=\"image_browser_images_conteiner_0 bwg-image_browser-images-wrapper bwg-container\"         data-params='{&quot;is_pro&quot;:false,&quot;image_right_click&quot;:&quot;1&quot;,&quot;gallery_id&quot;:&quot;14&quot;}'         data-bwg=\"0\"         data-lightbox-url=\"https:\/\/tecsol3d.com\/es\/wp-admin\/admin-ajax.php?action=GalleryBox&#038;current_view=0&#038;gallery_id=14&#038;tag=0&#038;theme_id=1&#038;shortcode_id=14&#038;sort_by=order&#038;order_by=asc&#038;current_url=%2Fes%2Fwp-json%2Fwp%2Fv2%2Fpages%2F223\">      <div class=\"image_browser_images_0\">                  <div class=\"image_browser_image_buttons_conteiner_0\">            <div class=\"image_browser_image_buttons_0\">                              <div class=\"bwg_image_browser_image_alt_0\">                  <div class=\"bwg_image_alt_0\" id=\"alt59\">                    MetraScan-3D                  <\/div>                <\/div>                              <div class=\"bwg_image_browser_image_0\">                                  <a style=\"position:relative;\" class=\"bwg-a\" >                    <img class=\"skip-lazy bwg-item0 bwg_image_browser_img bwg_image_browser_img_0 \"                         src=\"https:\/\/tecsol3d.com\/es\/wp-content\/uploads\/photo-gallery\/MetraScan-3D.png\"                         data-src=\"https:\/\/tecsol3d.com\/es\/wp-content\/uploads\/photo-gallery\/MetraScan-3D.png\"                         alt=\"MetraScan-3D\"                         title=\"MetraScan-3D\" \/>                  <\/a>                                <\/div>                          <\/div>          <\/div>                <\/div>    <\/div>    <style>      \/*pagination styles*\/      #bwg_container1_0 #bwg_container2_0 .tablenav-pages_0 {\t\t\t\ttext-align: center;\t\t\t\tfont-size: 12px;\t\t\t\tfont-family: segoe ui;\t\t\t\tfont-weight: bold;\t\t\t\tcolor: #666666;\t\t\t\tmargin: 6px 0 4px;\t\t\t\tdisplay: block;      }      @media only screen and (max-width : 320px) {      #bwg_container1_0 #bwg_container2_0 .displaying-num_0 {     \t display: none;      }      }      #bwg_container1_0 #bwg_container2_0 .displaying-num_0 {\t\t\t\tfont-size: 12px;\t\t\t\tfont-family: segoe ui;\t\t\t\tfont-weight: bold;\t\t\t\tcolor: #666666;\t\t\t\tmargin-right: 10px;\t\t\t\tvertical-align: middle;      }      #bwg_container1_0 #bwg_container2_0 .paging-input_0 {\t\t\t\tfont-size: 12px;\t\t\t\tfont-family: segoe ui;\t\t\t\tfont-weight: bold;\t\t\t\tcolor: #666666;\t\t\t\tvertical-align: middle;      }      #bwg_container1_0 #bwg_container2_0 .tablenav-pages_0 a.disabled,      #bwg_container1_0 #bwg_container2_0 .tablenav-pages_0 a.disabled:hover,      #bwg_container1_0 #bwg_container2_0 .tablenav-pages_0 a.disabled:focus,\t\t\t#bwg_container1_0 #bwg_container2_0 .tablenav-pages_0 input.bwg_current_page {\t\t\t\tcursor: default;\t\t\t\tcolor: rgba(102, 102, 102, 0.5);      }      #bwg_container1_0 #bwg_container2_0 .tablenav-pages_0 a,      #bwg_container1_0 #bwg_container2_0 .tablenav-pages_0 input.bwg_current_page {\t\t\t\tcursor: pointer;\t\t\t\ttext-align: center;\t\t\t\tfont-size: 12px;\t\t\t\tfont-family: segoe ui;\t\t\t\tfont-weight: bold;\t\t\t\tcolor: #666666;\t\t\t\ttext-decoration: none;\t\t\t\tpadding: 3px 6px;\t\t\t\tmargin: 0;\t\t\t\tborder-radius: 0;\t\t\t\tborder-style: solid;\t\t\t\tborder-width: 1px;\t\t\t\tborder-color: #E3E3E3;\t\t\t\t\t\t\t\tbackground-color: rgba(255, 255, 255, 1.00);\t\t\t\tbox-shadow: 0;\t\t\t\ttransition: all 0.3s ease 0s;-webkit-transition: all 0.3s ease 0s;      }            #bwg_container1_0 #bwg_container2_0 .tablenav-pages_0 a.next-page:hover,      #bwg_container1_0 #bwg_container2_0 .tablenav-pages_0 a.prev-page:hover {        color: #000000;      }      #bwg_container1_0 #bwg_container2_0 .tablenav-pages_0 .first-page,      #bwg_container1_0 #bwg_container2_0 .tablenav-pages_0 .last-page {        padding: 0% 7%;      }      #bwg_container1_0 #bwg_container2_0 .tablenav-pages_0 .next-page {        margin: 0% 4% 0% 0%;      }      #bwg_container1_0 #bwg_container2_0 .tablenav-pages_0 .prev-page {        margin: 0% 0% 0% 4%;      }      #bwg_container1_0 #bwg_container2_0 .tablenav-pages_0 a {        font-size: 15px !important;        padding: 0% 7% !important;        border-style: none !important;        border-width: 1px;        border-color: #E3E3E3;        background-color: #FFFFFF;        opacity: 1.00;        transition: all 0.3s ease 0s;-webkit-transition: all 0.3s ease 0s;      }      .bwg_image_browser#bwg_container1_0 #bwg_container2_0 .tablenav-pages_0 a {         padding: 0% 11% !important;      }\t\t\t#bwg_container1_0 #bwg_container2_0 .tablenav-pages_0 {        background-color: rgba(245, 245, 245, 0.90);        margin-top: 0;      }      .bwg_image_browser  .pagination-links_0 {        white-space: nowrap;      }      @media screen and (max-width: 465px) {        .bwg_image_browser#bwg_container1_0 #bwg_container2_0 .tablenav-pages_0 a {          padding: 0% 5% !important;          font-size: 13px;        }      }      <\/style>      <span class=\"bwg_nav_cont_0\">              <div class=\"tablenav-pages_0\">                      <span class=\"pagination-links_0 pagination-links\" data-pages-count=\"5\">              <span class=\"pagination-links_col1\">              <a class=\"bwg-a first-page disabled\" title=\"Ir a la primera p\u00e1gina\" >\u00ab<\/a>              <a class=\"bwg-a prev-page disabled\" title=\"Ir a la p\u00e1gina anterior\" >\u2039<\/a>              <\/span>\t\t\t\t\t\t\t<span class=\"pagination-links_col2\">\t\t\t\t\t\t\t\t\t<input type=\"number\" class=\"bwg_current_page\" name=\"bwg_current_page\" value=\"1\" data-url-info=\"page_number_0\" onkeypress=\"return bwg_change_page_0(event, this)\" min=\"1\" oninput=\"validity.valid||(value='')\" \/>\t\t\t\t\t\t\t\t\t\tde\t\t\t\t\t\t\t\t\t\t<span class=\"total-pages_0\">\t\t\t\t\t\t\t\t\t\t\t5\t\t\t\t\t\t\t\t\t\t<\/span>\t\t\t\t\t\t\t<\/span>              <span class=\"pagination-links_col3\">                <a class=\"bwg-a next-page-0\" title=\"Ir a la p\u00e1gina siguiente\" >\u203a<\/a>                <a class=\"bwg-a last-page-0\" title=\"Ir a la \u00faltima p\u00e1gina\" >\u00bb<\/a>              <\/span>\t\t\t\t\t\t<\/span>\t\t\t\t\t\t        <\/div>                <input type=\"hidden\" id=\"page_number_0\" name=\"page_number_0\" value=\"1\" \/>      <script type=\"text\/javascript\">        if( jQuery('.bwg_nav_cont_0').length > 1 ) {          jQuery('.bwg_nav_cont_0').first().remove()        }        function spider_page_0(cur, x, y, load_more) {          if (typeof load_more == \"undefined\") {            var load_more = false;          }          if (jQuery(cur).hasClass('disabled')) {            return false;          }          var items_county_0 = 5;          switch (y) {            case 1:              if (x >= items_county_0) {                document.getElementById('page_number_0').value = items_county_0;              }              else {                document.getElementById('page_number_0').value = x + 1;              }              break;            case 2:              document.getElementById('page_number_0').value = items_county_0;              break;            case -1:              if (x == 1) {                document.getElementById('page_number_0').value = 1;              }              else {                document.getElementById('page_number_0').value = x - 1;              }              break;            case -2:              document.getElementById('page_number_0').value = 1;              break;\t\t\t\t\t\tcase 0:              document.getElementById('page_number_0').value = x;              break;            default:              document.getElementById('page_number_0').value = 1;          }          bwg_ajax('gal_front_form_0', '0', 'bwg_image_browser_0', '0', '', 'gallery', 0, '', '', load_more, '', 1);        }                    jQuery('.first-page disabled').on('click', function () {              spider_page_0(this, 1, -2, 'numeric');              return false;            });            jQuery('.prev-page disabled').on('click', function () {              spider_page_0(this, 1, -1, 'numeric');              return false;            });            jQuery('.next-page-0').on('click', function () {              spider_page_0(this, 1, 1, 'numeric');              return false;            });            jQuery('.last-page-0').on('click', function () {              spider_page_0(this, 1, 2, 'numeric');              return false;            });        \t\t\t\t\/* Change page on input enter. *\/        function bwg_change_page_0( e, that ) {          if (  e.key == 'Enter' ) {            var to_page = parseInt(jQuery(that).val());            var pages_count = jQuery(that).parents(\".pagination-links\").data(\"pages-count\");            var current_url_param = jQuery(that).attr('data-url-info');            if (to_page > pages_count) {              to_page = 1;            }\t \t\t\t\t\t\t\t\t\t\t\t\tspider_page_0(this, to_page, 0, 'numeric');\t\t\t\t\t\t\treturn false;\t\t\t\t\t\t          }          return true;        }        jQuery('.bwg_load_btn_0').on('click', function () {            spider_page_0(this, 1, 1, true);            return false;        });      <\/script>      <\/span>                <\/div>        <\/form>              <\/div>    <\/div>    <script>      if (document.readyState === 'complete') {        if( typeof bwg_main_ready == 'function' ) {          if ( jQuery(\"#bwg_container1_0\").height() ) {            bwg_main_ready(jQuery(\"#bwg_container1_0\"));          }        }      } else {        document.addEventListener('DOMContentLoaded', function() {          if( typeof bwg_main_ready == 'function' ) {            if ( jQuery(\"#bwg_container1_0\").height() ) {             bwg_main_ready(jQuery(\"#bwg_container1_0\"));            }          }        });      }    <\/script>    \n<p>[\/one_half]<\/p>\n<p>[one_half]<\/p>\n<h2>MetraSCAN 3D \/ Creaform<\/h2>\n<p id=\"tw-target-text\" class=\"tw-data-text vk_txt tw-ta tw-text-small\" dir=\"ltr\" data-placeholder=\"Traducci\u00f3n\"><span class=\"TextRun SCX125482515\" lang=\"ES-MX\" xml:lang=\"ES-MX\"><span class=\"NormalTextRun SCX125482515\">Esc\u00e1ner de uso industrial con un m\u00e9todo de uso m\u00e1s productivo para ingenier\u00eda inversa o inspecci\u00f3n dimensional, incluye un <\/span><\/span><span class=\"TextRun SCX125482515\" lang=\"ES-MX\" xml:lang=\"ES-MX\"><span class=\"SpellingError SCX125482515\">palpador<\/span><\/span><span class=\"TextRun SCX125482515\" lang=\"ES-MX\" xml:lang=\"ES-MX\"><span class=\"NormalTextRun SCX125482515\"> o CMM port\u00e1til como complemento para inspeccionar los detalles comunes m\u00e1s r\u00e1pidamente.<\/span><\/span><\/p>\n<p class=\"tw-data-text vk_txt tw-ta tw-text-small\" dir=\"ltr\" data-placeholder=\"Traducci\u00f3n\">[accordion animation=&#8221;&#8221; open=&#8221;no&#8221;]<\/p>\n<p class=\"tw-data-text vk_txt tw-ta tw-text-small\" dir=\"ltr\" data-placeholder=\"Traducci\u00f3n\">[accordion_toggle title=&#8221;Caracter\u00edsticas&#8221;]<\/p>\n<p>La soluci\u00f3n de medici\u00f3n 3D port\u00e1til m\u00e1s flexible dise\u00f1ada para condiciones de planta de producci\u00f3n<\/p>\n<p>Los costos inesperados y las demoras de producci\u00f3n y aprobaci\u00f3n de piezas por falta de conformidad ya no son un problema al usar el esc\u00e1ner \u00f3ptico 3D CMM port\u00e1til de Creaform, el MetraSCAN 3D. El sistema aborda la ingenier\u00eda inversa y la inspecci\u00f3n dimensional de las herramientas de dise\u00f1o, las plantillas de gu\u00eda, las unidades, las subunidades o los productos finales con un tama\u00f1o que var\u00eda de 1 a 3,5 metros y una precisi\u00f3n de hasta 0,064 mm. La metrolog\u00eda \u00f3ptica ofrece precisi\u00f3n de medici\u00f3n que no se ve alterada por las inestabilidades de cualquier entorno, lo cual hace que la m\u00e1quina \u00f3ptica CMM MetraSCAN 3D sea la mejor opci\u00f3n para la metrolog\u00eda de control de calidad en la planta de producci\u00f3n. Sin configuraci\u00f3n de medici\u00f3n r\u00edgida, el esc\u00e1ner mantiene el mismo nivel de rendimiento independientemente de las inestabilidades del entorno.<\/p>\n<p>&nbsp;<\/p>\n<p>Su nueva generaci\u00f3n ayuda a que los operadores puedan administrar mejor los procesos y brindar una respuesta m\u00e1s r\u00e1pida a los requisitos de control de calidad (CC) de la industria que son cada vez m\u00e1s exhaustivos; todo esto sin comprometer el rendimiento de fabricaci\u00f3n.<\/p>\n<p>&nbsp;<\/p>\n<p>Gracias al volumen de medici\u00f3n extensible, la velocidad incre\u00edble, la precisi\u00f3n en la planta de producci\u00f3n y la impresionante competencia en cuanto a la adquisici\u00f3n de datos con materiales que representan un desaf\u00edo, la m\u00e1quina \u00f3ptica CMM MetraSCAN 3D representa el esc\u00e1ner 3D de grado de metrolog\u00eda m\u00e1s completo del mercado. Tambi\u00e9n cuenta con la compatibilidad de emparejamiento de sistema de sondeo opcional. Prep\u00e1rese para vivir una experiencia de verdadero control de calidad en la planta de producci\u00f3n.<\/p>\n<p>[\/accordion_toggle]<\/p>\n<p>[accordion_toggle title=&#8221;Video&#8221;]<\/p>\n<p><iframe loading=\"lazy\" src=\"https:\/\/www.youtube.com\/embed\/v_Zkk7H6Pxk?list=PLBnnExANs1RcCYEX1UUFW36C0oxoPpwAy\" width=\"560\" height=\"315\" frameborder=\"0\" allowfullscreen=\"allowfullscreen\"><\/iframe><br \/>\n[\/accordion_toggle]<\/p>\n<p>[accordion_toggle title=&#8221;Informaci\u00f3n T\u00e9cnica&#8221;]<\/p>\n<p><a href=\"https:\/\/tecsol3d.com\/es\/pdf\/T3D_C_MetraScan3DR.pdf\" target=\"_blank\">Descarga PDF MetraScan 3DR<\/a><\/p>\n<p><a href=\"https:\/\/tecsol3d.com\/es\/pdf\/T3D_C_MetraScan3D.pdf\" target=\"_blank\">Descarga PDF MetraScan 3D<\/a><\/p>\n<p>[\/accordion_toggle]<\/p>\n<p>[accordion_toggle title=&#8221;Aplicaciones&#8221;]<\/p>\n<p><a href=\"https:\/\/tecsol3d.com\/es\/metrascan-750-elite\/\">Nuevo MetraSCAN 750 Elite<\/a><\/p>\n<p><a href=\"https:\/\/tecsol3d.com\/es\/usos-de-un-escaner-3d-en-la-industria\/\">Usos de un esc\u00e1ner 3D en la industria<\/a><\/p>\n<p><a href=\"https:\/\/tecsol3d.com\/es\/metrologia-portatil-en-koenigsegg\/\">Metrolog\u00eda Port\u00e1til en Koenigsegg<\/a><\/p>\n<p>[\/accordion_toggle]<\/p>\n<p>[\/accordion]<\/p>\n<p>[space height=&#8221;20&#8243;]<\/p>\n<p>[button animation=&#8221;&#8221; variant=&#8221;1&#8243; icon=&#8221;icon-pencil&#8221; background=&#8221;#005c83&#8243; color=&#8221;#ffffff&#8221; size=&#8221;small&#8221; target=&#8221;_self&#8221; url=&#8221;https:\/\/tecsol3d.com\/es\/contacto\/&#8221;]Solicitar Cotizaci\u00f3n[\/button]<\/p>\n<p>[\/one_half]<\/p>\n<p>[space height=&#8221;30&#8243;]<\/p>\n<p>Esc\u00e1ner 3D \/ palpador para inspecci\u00f3n dimensional de grado industrial<\/p>\n<h3><a href=\"https:\/\/tecsol3d.com\/es\/escaneres-3d\/escaner-3d\/\">Regresar a Esc\u00e1neres 3D<\/a><\/h3>\n","protected":false},"excerpt":{"rendered":"<p>[one_half] [\/one_half] [one_half] MetraSCAN 3D \/ Creaform Esc\u00e1ner de uso industrial con un m\u00e9todo de uso m\u00e1s productivo para ingenier\u00eda inversa o inspecci\u00f3n dimensional, incluye un palpador o CMM port\u00e1til como complemento para inspeccionar los detalles comunes m\u00e1s r\u00e1pidamente. [accordion animation=&#8221;&#8221; open=&#8221;no&#8221;] [accordion_toggle title=&#8221;Caracter\u00edsticas&#8221;] La soluci\u00f3n de medici\u00f3n 3D port\u00e1til m\u00e1s flexible dise\u00f1ada para condiciones &#8230; <a title=\"MetraSCAN 3D\" class=\"read-more\" href=\"https:\/\/tecsol3d.com\/es\/escaneres-3d\/escaner-3d\/metrascan-3d\/\" aria-label=\"M\u00e1s en MetraSCAN 3D\">Leer m\u00e1s<\/a><\/p>\n","protected":false},"author":1,"featured_media":227,"parent":30,"menu_order":0,"comment_status":"closed","ping_status":"closed","template":"","meta":{"om_disable_all_campaigns":false,"_mi_skip_tracking":false},"aioseo_notices":[],"_links":{"self":[{"href":"https:\/\/tecsol3d.com\/es\/wp-json\/wp\/v2\/pages\/223"}],"collection":[{"href":"https:\/\/tecsol3d.com\/es\/wp-json\/wp\/v2\/pages"}],"about":[{"href":"https:\/\/tecsol3d.com\/es\/wp-json\/wp\/v2\/types\/page"}],"author":[{"embeddable":true,"href":"https:\/\/tecsol3d.com\/es\/wp-json\/wp\/v2\/users\/1"}],"replies":[{"embeddable":true,"href":"https:\/\/tecsol3d.com\/es\/wp-json\/wp\/v2\/comments?post=223"}],"version-history":[{"count":13,"href":"https:\/\/tecsol3d.com\/es\/wp-json\/wp\/v2\/pages\/223\/revisions"}],"predecessor-version":[{"id":1009,"href":"https:\/\/tecsol3d.com\/es\/wp-json\/wp\/v2\/pages\/223\/revisions\/1009"}],"up":[{"embeddable":true,"href":"https:\/\/tecsol3d.com\/es\/wp-json\/wp\/v2\/pages\/30"}],"wp:featuredmedia":[{"embeddable":true,"href":"https:\/\/tecsol3d.com\/es\/wp-json\/wp\/v2\/media\/227"}],"wp:attachment":[{"href":"https:\/\/tecsol3d.com\/es\/wp-json\/wp\/v2\/media?parent=223"}],"curies":[{"name":"wp","href":"https:\/\/api.w.org\/{rel}","templated":true}]}}