{"id":24,"date":"2016-06-16T08:35:55","date_gmt":"2016-06-16T14:35:55","guid":{"rendered":"http:\/\/tecsol3d.com\/es\/?page_id=24"},"modified":"2025-10-31T14:48:29","modified_gmt":"2025-10-31T20:48:29","slug":"impresoras-3d-de-escritorio","status":"publish","type":"page","link":"https:\/\/tecsol3d.com\/es\/impresoras-3d\/impresoras-3d-de-escritorio\/","title":{"rendered":"Impresoras 3D de Escritorio"},"content":{"rendered":"\n<p id=\"tw-target-text\"><span lang=\"es\">TecSol3D se compromete a proporcionar una gran tecnolog\u00eda y apoyar profesionalmente en la selecci\u00f3n de la impresi\u00f3n 3D . Desde el principio nos hemos centrado en la comprensi\u00f3n y la eliminaci\u00f3n de las barreras a la amplia utilizaci\u00f3n. En la actualidad estamos trabajando en una estrategia de m\u00faltiples frentes para democratizar el acceso y acelerar la adopci\u00f3n de la impresi\u00f3n 3D en los procesos de producci\u00f3n de las empresas.<\/span><\/p>\n\n\n\n<p>Los equipos de escritorio son f\u00e1ciles de utilizar y se pueden colocar en cualquier mesa de su oficina, sin embargo se trata de equipos con prestaciones que cumplen los requisitos para apliaciones profesionales o industriales, la Mark Two de Markforged que genera las piezas pl\u00e1sticas m\u00e1s resistentes del mercado. El equipo MoonRay es un equipo de muy alta definici\u00f3n especializado para aplicaciones dentales, de joyer\u00eda o piezas en general que requieren gran detalle. La Fusion3 Edge es un equipo de escritorio sumamente robusto y confiable con un gran tama\u00f1o de impresi\u00f3n para aplicaciones profesionales a costo accesible.<\/p>\n\n\n\n<p>La Prusa XL es una impresora con hasta 5 cabezales que puede utilizar la mayor\u00eda de los materiales en filamento disponible en el mercado. Con sus m\u00faltiples cabezas de impresi\u00f3n puede fabricar piezas multimaterial, multicolor o con soportes de construcci\u00f3n solubles para una gran definici\u00f3n.<\/p>\n\n\n\n<div class=\"is-layout-flex wp-container-4 wp-block-columns\">\n<div class=\"is-layout-flow wp-block-column\"><div class=\"wp-block-image\">\n<figure class=\"aligncenter size-full\"><a href=\"https:\/\/tecsol3d.com\/es\/marktwo\/\"><img decoding=\"async\" loading=\"lazy\" width=\"469\" height=\"470\" src=\"https:\/\/tecsol3d.com\/es\/wp-content\/uploads\/2016\/06\/T3D_Mark_Two.png\" alt=\"\" class=\"wp-image-480\" srcset=\"https:\/\/tecsol3d.com\/es\/wp-content\/uploads\/2016\/06\/T3D_Mark_Two.png 469w, https:\/\/tecsol3d.com\/es\/wp-content\/uploads\/2016\/06\/T3D_Mark_Two-150x150.png 150w, https:\/\/tecsol3d.com\/es\/wp-content\/uploads\/2016\/06\/T3D_Mark_Two-300x300.png 300w\" sizes=\"(max-width: 469px) 100vw, 469px\" \/><\/a><\/figure><\/div><\/div>\n\n\n\n<div class=\"is-layout-flow wp-block-column\"><div class=\"wp-block-image\">\n<figure class=\"aligncenter size-large\"><a href=\"https:\/\/tecsol3d.com\/es\/impresoras-3d\/impresoras-3d-de-escritorio\/3d-prusa-xl\/\"><img decoding=\"async\" loading=\"lazy\" width=\"1024\" height=\"1024\" src=\"https:\/\/tecsol3d.com\/es\/wp-content\/uploads\/2025\/10\/PrusaXL-1024x1024.png\" alt=\"\" class=\"wp-image-1791\" srcset=\"https:\/\/tecsol3d.com\/es\/wp-content\/uploads\/2025\/10\/PrusaXL-1024x1024.png 1024w, https:\/\/tecsol3d.com\/es\/wp-content\/uploads\/2025\/10\/PrusaXL-300x300.png 300w, https:\/\/tecsol3d.com\/es\/wp-content\/uploads\/2025\/10\/PrusaXL-150x150.png 150w, https:\/\/tecsol3d.com\/es\/wp-content\/uploads\/2025\/10\/PrusaXL-768x769.png 768w, https:\/\/tecsol3d.com\/es\/wp-content\/uploads\/2025\/10\/PrusaXL.png 1032w\" sizes=\"(max-width: 1024px) 100vw, 1024px\" \/><\/a><\/figure><\/div><\/div>\n\n\n\n<div class=\"is-layout-flow wp-block-column\"><div class=\"wp-block-image\">\n<figure class=\"aligncenter size-full\"><a href=\"https:\/\/tecsol3d.com\/es\/impresoras-3d\/impresoras-3d-de-escritorio\/edge\/\"><img decoding=\"async\" loading=\"lazy\" width=\"467\" height=\"467\" src=\"https:\/\/tecsol3d.com\/es\/wp-content\/uploads\/2016\/06\/Edge-1.png\" alt=\"\" class=\"wp-image-1329\" srcset=\"https:\/\/tecsol3d.com\/es\/wp-content\/uploads\/2016\/06\/Edge-1.png 467w, https:\/\/tecsol3d.com\/es\/wp-content\/uploads\/2016\/06\/Edge-1-150x150.png 150w, https:\/\/tecsol3d.com\/es\/wp-content\/uploads\/2016\/06\/Edge-1-300x300.png 300w\" sizes=\"(max-width: 467px) 100vw, 467px\" \/><\/a><\/figure><\/div><\/div>\n<\/div>\n\n\n\n<p><\/p>\n","protected":false},"excerpt":{"rendered":"<p>TecSol3D se compromete a proporcionar una gran tecnolog\u00eda y apoyar profesionalmente en la selecci\u00f3n de la impresi\u00f3n 3D . Desde el principio nos hemos centrado en la comprensi\u00f3n y la eliminaci\u00f3n de las barreras a la amplia utilizaci\u00f3n. En la actualidad estamos trabajando en una estrategia de m\u00faltiples frentes para democratizar el acceso y acelerar &#8230; <a title=\"Impresoras 3D de Escritorio\" class=\"read-more\" href=\"https:\/\/tecsol3d.com\/es\/impresoras-3d\/impresoras-3d-de-escritorio\/\" aria-label=\"M\u00e1s en Impresoras 3D de Escritorio\">Leer m\u00e1s<\/a><\/p>\n","protected":false},"author":1,"featured_media":0,"parent":12,"menu_order":0,"comment_status":"closed","ping_status":"closed","template":"","meta":{"om_disable_all_campaigns":false,"_mi_skip_tracking":false},"aioseo_notices":[],"_links":{"self":[{"href":"https:\/\/tecsol3d.com\/es\/wp-json\/wp\/v2\/pages\/24"}],"collection":[{"href":"https:\/\/tecsol3d.com\/es\/wp-json\/wp\/v2\/pages"}],"about":[{"href":"https:\/\/tecsol3d.com\/es\/wp-json\/wp\/v2\/types\/page"}],"author":[{"embeddable":true,"href":"https:\/\/tecsol3d.com\/es\/wp-json\/wp\/v2\/users\/1"}],"replies":[{"embeddable":true,"href":"https:\/\/tecsol3d.com\/es\/wp-json\/wp\/v2\/comments?post=24"}],"version-history":[{"count":30,"href":"https:\/\/tecsol3d.com\/es\/wp-json\/wp\/v2\/pages\/24\/revisions"}],"predecessor-version":[{"id":1793,"href":"https:\/\/tecsol3d.com\/es\/wp-json\/wp\/v2\/pages\/24\/revisions\/1793"}],"up":[{"embeddable":true,"href":"https:\/\/tecsol3d.com\/es\/wp-json\/wp\/v2\/pages\/12"}],"wp:attachment":[{"href":"https:\/\/tecsol3d.com\/es\/wp-json\/wp\/v2\/media?parent=24"}],"curies":[{"name":"wp","href":"https:\/\/api.w.org\/{rel}","templated":true}]}}