{"id":26,"date":"2016-06-16T08:36:38","date_gmt":"2016-06-16T14:36:38","guid":{"rendered":"http:\/\/tecsol3d.com\/es\/?page_id=26"},"modified":"2023-11-09T16:40:19","modified_gmt":"2023-11-09T22:40:19","slug":"impresoras-3d-profesionales","status":"publish","type":"page","link":"https:\/\/tecsol3d.com\/es\/impresoras-3d\/impresoras-3d-profesionales\/","title":{"rendered":"Impresoras 3D Profesionales \/ Industriales"},"content":{"rendered":"\n<p id=\"tw-target-text\"><span lang=\"es\">Nuestras impresoras 3D Profesionales e Industriales fabrican piezas con gran precisi\u00f3n en materiales funcionales de pl\u00e1stico&nbsp;, elast\u00f3meros, fibras de refuerzo (carbono, vidrio, kevlar), &nbsp;materiales compuestos de m\u00faltiples materiales, y las piezas fabricadas son ideales para la creaci\u00f3n de prototipos funcionales , demostraci\u00f3n de concepto, validaci\u00f3n de ensambles&nbsp;, y muchas otras aplicaciones , todo lo anterior directamente desde su oficina.&nbsp;<\/span><\/p>\n\n\n\n<p>La MetalX es un sistema de fabricaci\u00f3n de piezas en Metal para piezas de herramientas o funcionales. Los metales disponibles son: Acero Inoxidable, Aceros de herramienta H13, A2, D2, Cobre e Inconel.<\/p>\n\n\n\n<p>Somos distribuidores de equipos Markforged y Roland para aplicaciones substractivas.<\/p>\n\n\n\n<div class=\"is-layout-flex wp-container-4 wp-block-columns\">\n<div class=\"is-layout-flow wp-block-column\"><div class=\"wp-block-image\">\n<figure class=\"aligncenter size-full\"><a href=\"https:\/\/tecsol3d.com\/es\/marktwo\/\"><img decoding=\"async\" loading=\"lazy\" width=\"469\" height=\"470\" src=\"https:\/\/tecsol3d.com\/es\/wp-content\/uploads\/2016\/06\/T3D_Mark_Two.png\" alt=\"\" class=\"wp-image-480\" srcset=\"https:\/\/tecsol3d.com\/es\/wp-content\/uploads\/2016\/06\/T3D_Mark_Two.png 469w, https:\/\/tecsol3d.com\/es\/wp-content\/uploads\/2016\/06\/T3D_Mark_Two-150x150.png 150w, https:\/\/tecsol3d.com\/es\/wp-content\/uploads\/2016\/06\/T3D_Mark_Two-300x300.png 300w\" sizes=\"(max-width: 469px) 100vw, 469px\" \/><\/a><\/figure><\/div><\/div>\n\n\n\n<div class=\"is-layout-flow wp-block-column\"><div class=\"wp-block-image\">\n<figure class=\"aligncenter size-full\"><a href=\"https:\/\/tecsol3d.com\/es\/impresoras-3d\/impresoras-3d-profesionales\/mark-x\/\"><img decoding=\"async\" loading=\"lazy\" width=\"469\" height=\"465\" src=\"https:\/\/tecsol3d.com\/es\/wp-content\/uploads\/2016\/10\/T3D_MarkX.png\" alt=\"\" class=\"wp-image-601\" srcset=\"https:\/\/tecsol3d.com\/es\/wp-content\/uploads\/2016\/10\/T3D_MarkX.png 469w, https:\/\/tecsol3d.com\/es\/wp-content\/uploads\/2016\/10\/T3D_MarkX-150x150.png 150w, https:\/\/tecsol3d.com\/es\/wp-content\/uploads\/2016\/10\/T3D_MarkX-300x297.png 300w\" sizes=\"(max-width: 469px) 100vw, 469px\" \/><\/a><\/figure><\/div><\/div>\n\n\n\n<div class=\"is-layout-flow wp-block-column\"><div class=\"wp-block-image\">\n<figure class=\"aligncenter size-full\"><a href=\"https:\/\/tecsol3d.com\/es\/impresoras-3d\/impresoras-3d-profesionales\/metal-x\/\"><img decoding=\"async\" loading=\"lazy\" width=\"470\" height=\"467\" src=\"https:\/\/tecsol3d.com\/es\/wp-content\/uploads\/2017\/01\/MetalX.png\" alt=\"\" class=\"wp-image-651\" srcset=\"https:\/\/tecsol3d.com\/es\/wp-content\/uploads\/2017\/01\/MetalX.png 470w, https:\/\/tecsol3d.com\/es\/wp-content\/uploads\/2017\/01\/MetalX-150x150.png 150w, https:\/\/tecsol3d.com\/es\/wp-content\/uploads\/2017\/01\/MetalX-300x298.png 300w\" sizes=\"(max-width: 470px) 100vw, 470px\" \/><\/a><\/figure><\/div><\/div>\n<\/div>\n\n\n\n<div class=\"is-layout-flex wp-container-8 wp-block-columns\">\n<div class=\"is-layout-flow wp-block-column\"><\/div>\n\n\n\n<div class=\"is-layout-flow wp-block-column\">\n<figure class=\"wp-block-image size-large\"><a href=\"https:\/\/tecsol3d.com\/es\/impresoras-3d\/impresoras-3d-profesionales\/fx10\/\"><img decoding=\"async\" loading=\"lazy\" width=\"1024\" height=\"1024\" src=\"https:\/\/tecsol3d.com\/es\/wp-content\/uploads\/2023\/11\/FX10_web-2-1024x1024.png\" alt=\"\" class=\"wp-image-1684\" srcset=\"https:\/\/tecsol3d.com\/es\/wp-content\/uploads\/2023\/11\/FX10_web-2-1024x1024.png 1024w, https:\/\/tecsol3d.com\/es\/wp-content\/uploads\/2023\/11\/FX10_web-2-300x300.png 300w, https:\/\/tecsol3d.com\/es\/wp-content\/uploads\/2023\/11\/FX10_web-2-150x150.png 150w, https:\/\/tecsol3d.com\/es\/wp-content\/uploads\/2023\/11\/FX10_web-2-768x768.png 768w, https:\/\/tecsol3d.com\/es\/wp-content\/uploads\/2023\/11\/FX10_web-2.png 1033w\" sizes=\"(max-width: 1024px) 100vw, 1024px\" \/><\/a><\/figure>\n<\/div>\n\n\n\n<div class=\"is-layout-flow wp-block-column\"><\/div>\n<\/div>\n\n\n\n<h4>Equipos de Corte (SRP)<\/h4>\n\n\n\n<p>Los equipos SRP de Roland son CNC\u00b4s de escritorio, ideales para corte 3D de materiales pl\u00e1sticos o maderas sint\u00e9ticas. Generan partes directamente en el material deseado con muy buen acabado superficial.<\/p>\n\n\n<div class=\"wp-block-image\">\n<figure class=\"aligncenter\"><a href=\"https:\/\/tecsol3d.com\/es\/impresoras-3d\/impresoras-3d-profesionales\/mdx-50\/\"><img decoding=\"async\" loading=\"lazy\" width=\"300\" height=\"300\" src=\"https:\/\/tecsol3d.com\/es\/wp-content\/uploads\/2017\/03\/MDX-50-300x300.png\" alt=\"\" class=\"wp-image-712\" srcset=\"https:\/\/tecsol3d.com\/es\/wp-content\/uploads\/2017\/03\/MDX-50-300x300.png 300w, https:\/\/tecsol3d.com\/es\/wp-content\/uploads\/2017\/03\/MDX-50-150x150.png 150w, https:\/\/tecsol3d.com\/es\/wp-content\/uploads\/2017\/03\/MDX-50.png 467w\" sizes=\"(max-width: 300px) 100vw, 300px\" \/><\/a><\/figure><\/div>","protected":false},"excerpt":{"rendered":"<p>Nuestras impresoras 3D Profesionales e Industriales fabrican piezas con gran precisi\u00f3n en materiales funcionales de pl\u00e1stico&nbsp;, elast\u00f3meros, fibras de refuerzo (carbono, vidrio, kevlar), &nbsp;materiales compuestos de m\u00faltiples materiales, y las piezas fabricadas son ideales para la creaci\u00f3n de prototipos funcionales , demostraci\u00f3n de concepto, validaci\u00f3n de ensambles&nbsp;, y muchas otras aplicaciones , todo lo anterior &#8230; <a title=\"Impresoras 3D Profesionales \/ Industriales\" class=\"read-more\" href=\"https:\/\/tecsol3d.com\/es\/impresoras-3d\/impresoras-3d-profesionales\/\" aria-label=\"M\u00e1s en Impresoras 3D Profesionales \/ Industriales\">Leer m\u00e1s<\/a><\/p>\n","protected":false},"author":1,"featured_media":0,"parent":12,"menu_order":0,"comment_status":"closed","ping_status":"closed","template":"","meta":{"om_disable_all_campaigns":false,"_mi_skip_tracking":false},"aioseo_notices":[],"_links":{"self":[{"href":"https:\/\/tecsol3d.com\/es\/wp-json\/wp\/v2\/pages\/26"}],"collection":[{"href":"https:\/\/tecsol3d.com\/es\/wp-json\/wp\/v2\/pages"}],"about":[{"href":"https:\/\/tecsol3d.com\/es\/wp-json\/wp\/v2\/types\/page"}],"author":[{"embeddable":true,"href":"https:\/\/tecsol3d.com\/es\/wp-json\/wp\/v2\/users\/1"}],"replies":[{"embeddable":true,"href":"https:\/\/tecsol3d.com\/es\/wp-json\/wp\/v2\/comments?post=26"}],"version-history":[{"count":30,"href":"https:\/\/tecsol3d.com\/es\/wp-json\/wp\/v2\/pages\/26\/revisions"}],"predecessor-version":[{"id":1685,"href":"https:\/\/tecsol3d.com\/es\/wp-json\/wp\/v2\/pages\/26\/revisions\/1685"}],"up":[{"embeddable":true,"href":"https:\/\/tecsol3d.com\/es\/wp-json\/wp\/v2\/pages\/12"}],"wp:attachment":[{"href":"https:\/\/tecsol3d.com\/es\/wp-json\/wp\/v2\/media?parent=26"}],"curies":[{"name":"wp","href":"https:\/\/api.w.org\/{rel}","templated":true}]}}