{"id":28,"date":"2016-06-16T08:37:21","date_gmt":"2016-06-16T14:37:21","guid":{"rendered":"http:\/\/tecsol3d.com\/es\/?page_id=28"},"modified":"2023-10-30T13:06:31","modified_gmt":"2023-10-30T19:06:31","slug":"impresoras-3d-para-produccion","status":"publish","type":"page","link":"https:\/\/tecsol3d.com\/es\/impresoras-3d\/impresoras-3d-para-produccion\/","title":{"rendered":"Impresoras 3D para Producci\u00f3n"},"content":{"rendered":"\n<p id=\"tw-target-text\"><span lang=\"es\"> La FX20 es un sistema de Impresi\u00f3n 3D de alta velocidad y tama\u00f1o de construcci\u00f3n. Ideal para la fabricaci\u00f3n de piezas grandes o de grandes cantidades de piezas peque\u00f1as. Fabrica piezas en termoplasticos de alta temperatura con gran precisi\u00f3n.<\/span><\/p>\n\n\n\n<p>La LC Magna es una impresora 3D para la fabricaci\u00f3n de piezas pl\u00e1sticas de gran tama\u00f1o o para la producci\u00f3n de corridas cortas en diferente tipo de resinas para multiples aplicaciones.<\/p>\n\n\n\n<p>&nbsp;<\/p>\n\n\n\n<div class=\"is-layout-flex wp-container-3 wp-block-columns\">\n<div class=\"is-layout-flow wp-block-column\"><div class=\"wp-block-image\">\n<figure class=\"aligncenter size-full is-resized\"><a href=\"https:\/\/tecsol3d.com\/es\/impresoras-3d\/impresoras-3d-para-produccion\/fx20\/\"><img decoding=\"async\" loading=\"lazy\" src=\"https:\/\/tecsol3d.com\/es\/wp-content\/uploads\/2021\/12\/FX20.png\" alt=\"\" class=\"wp-image-1275\" width=\"300\" height=\"300\" srcset=\"https:\/\/tecsol3d.com\/es\/wp-content\/uploads\/2021\/12\/FX20.png 469w, https:\/\/tecsol3d.com\/es\/wp-content\/uploads\/2021\/12\/FX20-150x150.png 150w, https:\/\/tecsol3d.com\/es\/wp-content\/uploads\/2021\/12\/FX20-300x300.png 300w\" sizes=\"(max-width: 300px) 100vw, 300px\" \/><\/a><\/figure><\/div>\n\n\n<ul>\n<li>Termopl\u00e1sticos de alta temperatura<\/li>\n\n\n\n<li>Piezas alta resistencia<\/li>\n\n\n\n<li>Fabricaci\u00f3n de herramientas<\/li>\n<\/ul>\n\n\n\n<p><\/p>\n\n\n\n<p><\/p>\n<\/div>\n\n\n\n<div class=\"is-layout-flow wp-block-column\"><div class=\"wp-block-image\">\n<figure class=\"aligncenter size-large is-resized\"><a href=\"https:\/\/tecsol3d.com\/es\/impresoras-3d\/impresoras-3d-para-produccion\/lc-magna\/\"><img decoding=\"async\" loading=\"lazy\" src=\"https:\/\/tecsol3d.com\/es\/wp-content\/uploads\/2023\/10\/T3D_Magna-1024x1024.png\" alt=\"\" class=\"wp-image-1660\" width=\"300\" height=\"300\" srcset=\"https:\/\/tecsol3d.com\/es\/wp-content\/uploads\/2023\/10\/T3D_Magna-1024x1024.png 1024w, https:\/\/tecsol3d.com\/es\/wp-content\/uploads\/2023\/10\/T3D_Magna-300x300.png 300w, https:\/\/tecsol3d.com\/es\/wp-content\/uploads\/2023\/10\/T3D_Magna-150x150.png 150w, https:\/\/tecsol3d.com\/es\/wp-content\/uploads\/2023\/10\/T3D_Magna-768x769.png 768w, https:\/\/tecsol3d.com\/es\/wp-content\/uploads\/2023\/10\/T3D_Magna.png 1027w\" sizes=\"(max-width: 300px) 100vw, 300px\" \/><\/a><\/figure><\/div>\n\n\n<ul>\n<li>Piezas pl\u00e1sticas alta definici\u00f3n<\/li>\n\n\n\n<li>Producci\u00f3n de corridas cortas<\/li>\n\n\n\n<li>Fabricaci\u00f3n de insertos de cavidad para inyecci\u00f3n de pl\u00e1stico<\/li>\n<\/ul>\n<\/div>\n<\/div>\n\n\n\n<p>&nbsp;<\/p>\n\n\n\n<p>&nbsp;<\/p>\n","protected":false},"excerpt":{"rendered":"<p>La FX20 es un sistema de Impresi\u00f3n 3D de alta velocidad y tama\u00f1o de construcci\u00f3n. Ideal para la fabricaci\u00f3n de piezas grandes o de grandes cantidades de piezas peque\u00f1as. Fabrica piezas en termoplasticos de alta temperatura con gran precisi\u00f3n. La LC Magna es una impresora 3D para la fabricaci\u00f3n de piezas pl\u00e1sticas de gran tama\u00f1o &#8230; <a title=\"Impresoras 3D para Producci\u00f3n\" class=\"read-more\" href=\"https:\/\/tecsol3d.com\/es\/impresoras-3d\/impresoras-3d-para-produccion\/\" aria-label=\"M\u00e1s en Impresoras 3D para Producci\u00f3n\">Leer m\u00e1s<\/a><\/p>\n","protected":false},"author":1,"featured_media":0,"parent":12,"menu_order":0,"comment_status":"closed","ping_status":"closed","template":"","meta":{"om_disable_all_campaigns":false,"_mi_skip_tracking":false},"aioseo_notices":[],"_links":{"self":[{"href":"https:\/\/tecsol3d.com\/es\/wp-json\/wp\/v2\/pages\/28"}],"collection":[{"href":"https:\/\/tecsol3d.com\/es\/wp-json\/wp\/v2\/pages"}],"about":[{"href":"https:\/\/tecsol3d.com\/es\/wp-json\/wp\/v2\/types\/page"}],"author":[{"embeddable":true,"href":"https:\/\/tecsol3d.com\/es\/wp-json\/wp\/v2\/users\/1"}],"replies":[{"embeddable":true,"href":"https:\/\/tecsol3d.com\/es\/wp-json\/wp\/v2\/comments?post=28"}],"version-history":[{"count":14,"href":"https:\/\/tecsol3d.com\/es\/wp-json\/wp\/v2\/pages\/28\/revisions"}],"predecessor-version":[{"id":1667,"href":"https:\/\/tecsol3d.com\/es\/wp-json\/wp\/v2\/pages\/28\/revisions\/1667"}],"up":[{"embeddable":true,"href":"https:\/\/tecsol3d.com\/es\/wp-json\/wp\/v2\/pages\/12"}],"wp:attachment":[{"href":"https:\/\/tecsol3d.com\/es\/wp-json\/wp\/v2\/media?parent=28"}],"curies":[{"name":"wp","href":"https:\/\/api.w.org\/{rel}","templated":true}]}}