{"id":34,"date":"2016-06-16T08:43:06","date_gmt":"2016-06-16T14:43:06","guid":{"rendered":"http:\/\/tecsol3d.com\/es\/?page_id=34"},"modified":"2023-10-02T17:20:09","modified_gmt":"2023-10-02T23:20:09","slug":"sw-escaneo","status":"publish","type":"page","link":"https:\/\/tecsol3d.com\/es\/escaneres-3d\/sw-escaneo\/","title":{"rendered":"Software Escaneo 3D"},"content":{"rendered":"\n<div class=\"is-layout-flex wp-container-9 wp-block-columns\">\n<div class=\"is-layout-flow wp-block-column\" style=\"flex-basis:100%\">\n<p>Adem\u00e1s de la venta de equipo para escaneo 3D en TecSol3D le apoyamos en la selecci\u00f3n del software complementario para su equipo, ya sea que su aplicaci\u00f3n sea para ingenier\u00eda inversa o inspecci\u00f3n dimensional le podemos apoyar en la selecci\u00f3n del programa para usted.<\/p>\n\n\n\n<div class=\"is-layout-flex wp-container-3 wp-block-columns\">\n<div class=\"is-layout-flow wp-block-column\"><div class=\"wp-block-image\">\n<figure class=\"aligncenter\"><a href=\"https:\/\/tecsol3d.com\/es\/escaneres-3d\/sw-escaneo\/vx-model\/\"><img decoding=\"async\" loading=\"lazy\" width=\"300\" height=\"300\" src=\"https:\/\/tecsol3d.com\/es\/wp-content\/uploads\/2016\/07\/VX-Model-300x300.png\" alt=\"VX-Model\" class=\"wp-image-267\" srcset=\"https:\/\/tecsol3d.com\/es\/wp-content\/uploads\/2016\/07\/VX-Model-300x300.png 300w, https:\/\/tecsol3d.com\/es\/wp-content\/uploads\/2016\/07\/VX-Model-150x150.png 150w, https:\/\/tecsol3d.com\/es\/wp-content\/uploads\/2016\/07\/VX-Model.png 400w\" sizes=\"(max-width: 300px) 100vw, 300px\" \/><\/a><figcaption class=\"wp-element-caption\">Ing Inversa<\/figcaption><\/figure><\/div><\/div>\n\n\n\n<div class=\"is-layout-flow wp-block-column\"><div class=\"wp-block-image\">\n<figure class=\"aligncenter\"><a href=\"https:\/\/tecsol3d.com\/es\/escaneres-3d\/sw-escaneo\/vx-inspect-2\/\"><img decoding=\"async\" loading=\"lazy\" width=\"300\" height=\"300\" src=\"https:\/\/tecsol3d.com\/es\/wp-content\/uploads\/2016\/06\/VX-Inspect-300x300.png\" alt=\"VX-Inspect\" class=\"wp-image-273\" srcset=\"https:\/\/tecsol3d.com\/es\/wp-content\/uploads\/2016\/06\/VX-Inspect-300x300.png 300w, https:\/\/tecsol3d.com\/es\/wp-content\/uploads\/2016\/06\/VX-Inspect-150x150.png 150w, https:\/\/tecsol3d.com\/es\/wp-content\/uploads\/2016\/06\/VX-Inspect.png 400w\" sizes=\"(max-width: 300px) 100vw, 300px\" \/><\/a><figcaption class=\"wp-element-caption\">Inspecci\u00f3n Dimensional<\/figcaption><\/figure><\/div><\/div>\n<\/div>\n\n\n\n<div class=\"is-layout-flex wp-container-7 wp-block-columns\">\n<div class=\"is-layout-flow wp-block-column\"><div class=\"wp-block-image\">\n<figure class=\"aligncenter\"><a href=\"https:\/\/tecsol3d.com\/es\/escaneres-3d\/sw-escaneo\/geomagic-for-solidworks\/\"><img decoding=\"async\" loading=\"lazy\" width=\"300\" height=\"300\" src=\"https:\/\/tecsol3d.com\/es\/wp-content\/uploads\/2016\/07\/geomagic-300x300.png\" alt=\"geomagic\" class=\"wp-image-279\" srcset=\"https:\/\/tecsol3d.com\/es\/wp-content\/uploads\/2016\/07\/geomagic-300x300.png 300w, https:\/\/tecsol3d.com\/es\/wp-content\/uploads\/2016\/07\/geomagic-150x150.png 150w, https:\/\/tecsol3d.com\/es\/wp-content\/uploads\/2016\/07\/geomagic.png 400w\" sizes=\"(max-width: 300px) 100vw, 300px\" \/><\/a><figcaption class=\"wp-element-caption\">Ing Inversa<\/figcaption><\/figure><\/div><\/div>\n\n\n\n<div class=\"is-layout-flow wp-block-column\"><div class=\"wp-block-image\">\n<figure class=\"aligncenter\"><a href=\"https:\/\/tecsol3d.com\/es\/escaneres-3d\/sw-escaneo\/geomagic-designx\/\"><img decoding=\"async\" loading=\"lazy\" width=\"300\" height=\"300\" src=\"https:\/\/tecsol3d.com\/es\/wp-content\/uploads\/2016\/06\/Geomagic-DesignX-300x300.png\" alt=\"Geomagic-DesignX\" class=\"wp-image-286\" srcset=\"https:\/\/tecsol3d.com\/es\/wp-content\/uploads\/2016\/06\/Geomagic-DesignX-300x300.png 300w, https:\/\/tecsol3d.com\/es\/wp-content\/uploads\/2016\/06\/Geomagic-DesignX-150x150.png 150w, https:\/\/tecsol3d.com\/es\/wp-content\/uploads\/2016\/06\/Geomagic-DesignX.png 400w\" sizes=\"(max-width: 300px) 100vw, 300px\" \/><\/a><figcaption class=\"wp-element-caption\">Ing Inversa<\/figcaption><\/figure><\/div><\/div>\n\n\n\n<div class=\"is-layout-flow wp-block-column\"><div class=\"wp-block-image\">\n<figure class=\"aligncenter\"><a href=\"https:\/\/tecsol3d.com\/es\/escaneres-3d\/sw-escaneo\/geomagic-control-x\/\"><img decoding=\"async\" loading=\"lazy\" width=\"300\" height=\"300\" src=\"https:\/\/tecsol3d.com\/es\/wp-content\/uploads\/2016\/06\/controlX-300x300.png\" alt=\"Control X\" class=\"wp-image-671\" srcset=\"https:\/\/tecsol3d.com\/es\/wp-content\/uploads\/2016\/06\/controlX-300x300.png 300w, https:\/\/tecsol3d.com\/es\/wp-content\/uploads\/2016\/06\/controlX-150x150.png 150w, https:\/\/tecsol3d.com\/es\/wp-content\/uploads\/2016\/06\/controlX.png 469w\" sizes=\"(max-width: 300px) 100vw, 300px\" \/><\/a><figcaption class=\"wp-element-caption\">Inspecci\u00f3n Dimensional<\/figcaption><\/figure><\/div><\/div>\n<\/div>\n\n\n\n<p><\/p>\n<\/div>\n<\/div>\n","protected":false},"excerpt":{"rendered":"<p>Adem\u00e1s de la venta de equipo para escaneo 3D en TecSol3D le apoyamos en la selecci\u00f3n del software complementario para su equipo, ya sea que su aplicaci\u00f3n sea para ingenier\u00eda inversa o inspecci\u00f3n dimensional le podemos apoyar en la selecci\u00f3n del programa para usted.<\/p>\n","protected":false},"author":1,"featured_media":0,"parent":14,"menu_order":0,"comment_status":"closed","ping_status":"closed","template":"","meta":{"om_disable_all_campaigns":false,"_mi_skip_tracking":false},"aioseo_notices":[],"_links":{"self":[{"href":"https:\/\/tecsol3d.com\/es\/wp-json\/wp\/v2\/pages\/34"}],"collection":[{"href":"https:\/\/tecsol3d.com\/es\/wp-json\/wp\/v2\/pages"}],"about":[{"href":"https:\/\/tecsol3d.com\/es\/wp-json\/wp\/v2\/types\/page"}],"author":[{"embeddable":true,"href":"https:\/\/tecsol3d.com\/es\/wp-json\/wp\/v2\/users\/1"}],"replies":[{"embeddable":true,"href":"https:\/\/tecsol3d.com\/es\/wp-json\/wp\/v2\/comments?post=34"}],"version-history":[{"count":16,"href":"https:\/\/tecsol3d.com\/es\/wp-json\/wp\/v2\/pages\/34\/revisions"}],"predecessor-version":[{"id":1594,"href":"https:\/\/tecsol3d.com\/es\/wp-json\/wp\/v2\/pages\/34\/revisions\/1594"}],"up":[{"embeddable":true,"href":"https:\/\/tecsol3d.com\/es\/wp-json\/wp\/v2\/pages\/14"}],"wp:attachment":[{"href":"https:\/\/tecsol3d.com\/es\/wp-json\/wp\/v2\/media?parent=34"}],"curies":[{"name":"wp","href":"https:\/\/api.w.org\/{rel}","templated":true}]}}