{"id":666,"date":"2017-01-22T11:51:04","date_gmt":"2017-01-22T17:51:04","guid":{"rendered":"http:\/\/tecsol3d.com\/es\/?page_id=666"},"modified":"2023-10-02T18:24:21","modified_gmt":"2023-10-03T00:24:21","slug":"geomagic-control-x","status":"publish","type":"page","link":"https:\/\/tecsol3d.com\/es\/escaneres-3d\/sw-escaneo\/geomagic-control-x\/","title":{"rendered":"Control X \/ Geomagic \/ Oqton"},"content":{"rendered":"\n<div class=\"is-layout-flex wp-container-3 wp-block-columns\">\n<div class=\"is-layout-flow wp-block-column\">\n<style id=\"bwg-style-0\">      #bwg_container1_0 #bwg_container2_0 .image_browser_images_conteiner_0 * {        -moz-box-sizing: border-box;        box-sizing: border-box;      }      #bwg_container1_0 #bwg_container2_0 .image_browser_images_conteiner_0{\t\tbackground-color: rgba(245, 245, 245, 0.90);\t\ttext-align: center;\t\twidth: 100%;\t\tborder-style: none;\t\tborder-width: 2px;\t\tborder-color: #F7F7F7;\t\tpadding: 4px;\t\tborder-radius: 0;\t\tposition:relative;      }      #bwg_container1_0 #bwg_container2_0 .image_browser_images_0 {\t\tdisplay: inline-block;\t\t-moz-box-sizing: border-box;\t\tbox-sizing: border-box;\t\tfont-size: 0;\t\ttext-align: center;\t\tmax-width: 100%;\t\twidth: 100%;      }      #bwg_container1_0 #bwg_container2_0 .image_browser_image_buttons_conteiner_0 {\t\ttext-align: center;      }      #bwg_container1_0 #bwg_container2_0 .image_browser_image_buttons_0 {\t\tdisplay: inline-block;\t\twidth:100%;      }      #bwg_container1_0 #bwg_container2_0 .bwg_image_browser_image_0 {        background-color: rgba(235, 235, 235, 0.80);\t\ttext-align: center;\t\tdisplay: inline-block;\t\tvertical-align: middle;\t\tmargin: 2px auto;\t\tpadding: 4px;\t\tborder-radius: 0;\t\tborder: 1px none #F5F5F5;\t\tbox-shadow: ;\t\tmax-width: 400px;\t\twidth: 100%;\t\t\/*z-index: 100;*\/\t\tposition: relative;      }      #bwg_container1_0 #bwg_container2_0 .bwg_image_alt_0{\t\tdisplay: table;\t\twidth: 100%;\t\tfont-size: 15px;\t\tfont-family: segoe ui;\t\tcolor: #000000;\t\ttext-align:center;\t\tpadding-left: 8px;        word-break: break-word;      }      #bwg_container1_0 #bwg_container2_0 .bwg_image_browser_img_0 {        padding: 0 !important;\t\tmax-width: 100% !important;\t\theight: inherit !important;\t\twidth: 100%;      }      @media only screen and (max-width : 320px) {\t\t#bwg_container1_0 #bwg_container2_0 .displaying-num_0 {\t\t  display: none;\t\t}\t\t#bwg_container1_0 #bwg_container2_0 .bwg_image_alt_0 {\t\t  font-size: 10px !important;\t\t}\t\t#bwg_container1_0 #bwg_container2_0 .bwg_watermark_text_0,\t\t#bwg_container1_0 #bwg_container2_0 .bwg_watermark_text_0:hover {\t\t  font-size: 10px !important;\t\t  text-decoration: none;\t\t  margin: 4px;\t\t  font-family: Arial;\t\t  color: #FFFFFF !important;\t\t  opacity: 0.30;\t\t  text-decoration: none;\t\t  position: relative;\t\t  z-index: 10141;\t\t}\t\t#bwg_container1_0 #bwg_container2_0 .bwg_image_browser_image_description_0 {\t\t  color: #000000;\t\t  display: table;\t\t  width: 100%;\t\t  text-align: left;\t\t  font-size: 8px !important;\t\t  font-family: segoe ui;\t\t  padding: 8px 8px 8px 8px;\t\t  \/*word-break: break-all;*\/\t\t  border-style: none;\t\t  background-color: #EBEBEB;\t\t  border-radius: 0;\t\t  border-width: 1px;\t\t}\t\t#bwg_container1_0 #bwg_container2_0 .tablenav-pages_0 a {\t\t  font-size: 10px !important;\t\t}      }      #bwg_container1_0 #bwg_container2_0 .bwg_image_browser_image_desp_0 {\t\t\t\tdisplay: table;\t\t\t\tclear: both;\t\t\t\ttext-align: center;        padding: 0px 5px 0px 5px;\t\t\t\twidth: 100%;      }      #bwg_container1_0 #bwg_container2_0 .bwg_image_browser_image_description_0 {        color: #000000;\t\tdisplay: table;\t\twidth: 100%;\t\ttext-align: left;\t\tfont-size: 15px;\t\tfont-family: segoe ui;\t\tpadding: 8px 8px 8px 8px;\t\tword-break: break-word;\t\tborder-style: none;\t\tbackground-color: #EBEBEB;\t\tborder-radius: 0;\t\tborder-width: 1px;      }      #bwg_container1_0 #bwg_container2_0 .bwg_image_browser_image_alt_0 {      \tdisplay:table;        clear: both;        text-align: center;        padding: 8px;        width: 100%;      }      \/*watermark*\/      #bwg_container1_0 #bwg_container2_0 .bwg_watermark_text_0,      #bwg_container1_0 #bwg_container2_0 .bwg_watermark_text_0:hover {        text-decoration: none;        margin: 4px;        font-size: 12px;        font-family: Arial;        color: #FFFFFF !important;        opacity: 0.30;        position: relative;        z-index: 10141;      }      #bwg_container1_0 #bwg_container2_0 .bwg_image_browser_image_contain_0{        position: absolute;        text-align: center;        vertical-align: middle;        width: 100%;        height: 100%;        cursor: pointer;      }      #bwg_container1_0 #bwg_container2_0 .bwg_image_browser_watermark_contain_0{        display: table;        vertical-align: middle;        width: 100%;        height: 100%;      }\t       #bwg_container1_0 #bwg_container2_0 .bwg_image_browser_watermark_cont_0{        display: table-cell;        text-align: ;        position: relative;        vertical-align: ;      }      #bwg_container1_0 #bwg_container2_0 .bwg_image_browser_watermark_0{\t\tdisplay: inline-block;\t\toverflow: hidden;\t\tposition: relative;\t\tvertical-align: middle;\t\tz-index: 10140;\t\twidth: 90px;\t\tmax-width: 22.5%;\t\tmargin: 10px 10px 10px 10px ;      }      #bwg_container1_0 #bwg_container2_0 .bwg_image_browser_watermark_text_0{        display: inline-block;\t\toverflow: hidden;\t\tposition: relative;\t\tvertical-align: middle;\t\tz-index: 10140;\t\tmargin: 10px 10px 10px 10px;      }      #bwg_container1_0 #bwg_container2_0 .bwg_image_browser_watermark_img_0{        max-width: 100%;        opacity: 0.30;        position: relative;        z-index: 10141;      }      #bwg_container1_0 #bwg_container2_0 .bwg_none_selectable {        -webkit-touch-callout: none;        -webkit-user-select: none;        -khtml-user-select: none;        -moz-user-select: none;        -ms-user-select: none;        user-select: none;       ecoration: none;    }    #bwg_container1_0 #bwg_container2_0 .bwg_gal_title_0 {      background-color: rgba(0, 0, 0, 0);      color: #323A45;      display: block;      font-family: Ubuntu;      font-size: 16px;      font-weight: bold;      padding: 2px;      text-shadow: 0px 0px 0px #888888;      text-align: center;    }    <\/style>    <div id=\"bwg_container1_0\"         class=\"bwg_container bwg_thumbnail bwg_image_browser \"         data-right-click-protection=\"1\"         data-bwg=\"0\"         data-scroll=\"0\"         data-gallery-type=\"image_browser\"         data-gallery-view-type=\"image_browser\"         data-current-url=\"\/es\/wp-json\/wp\/v2\/pages\/666\"         data-lightbox-url=\"https:\/\/tecsol3d.com\/es\/wp-admin\/admin-ajax.php?action=GalleryBox&#038;current_view=0&#038;gallery_id=20&#038;tag=0&#038;theme_id=1&#038;shortcode_id=118&#038;sort_by=order&#038;order_by=asc&#038;current_url=%2Fes%2Fwp-json%2Fwp%2Fv2%2Fpages%2F666\"         data-gallery-id=\"20\"         data-popup-width=\"800\"         data-popup-height=\"500\"         data-is-album=\"gallery\"         data-buttons-position=\"bottom\">      <div id=\"bwg_container2_0\">             <div id=\"ajax_loading_0\" class=\"bwg_loading_div_1\">      <div class=\"bwg_loading_div_2\">        <div class=\"bwg_loading_div_3\">          <div id=\"loading_div_0\" class=\"bwg_spider_ajax_loading\">          <\/div>        <\/div>      <\/div>    <\/div>            <form id=\"gal_front_form_0\"              class=\"bwg-hidden\"              method=\"post\"              action=\"#\"              data-current=\"0\"              data-shortcode-id=\"118\"              data-gallery-type=\"image_browser\"              data-gallery-id=\"20\"              data-tag=\"0\"              data-album-id=\"0\"              data-theme-id=\"1\"              data-ajax-url=\"https:\/\/tecsol3d.com\/es\/wp-admin\/admin-ajax.php?action=bwg_frontend_data\">          <div id=\"bwg_container3_0\" class=\"bwg-background bwg-background-0\">            \t  <div id=\"bwg_image_browser_0\" class=\"image_browser_images_conteiner_0 bwg-image_browser-images-wrapper bwg-container\"         data-params='{&quot;is_pro&quot;:false,&quot;image_right_click&quot;:&quot;1&quot;,&quot;gallery_id&quot;:&quot;20&quot;}'         data-bwg=\"0\"         data-lightbox-url=\"https:\/\/tecsol3d.com\/es\/wp-admin\/admin-ajax.php?action=GalleryBox&#038;current_view=0&#038;gallery_id=20&#038;tag=0&#038;theme_id=1&#038;shortcode_id=118&#038;sort_by=order&#038;order_by=asc&#038;current_url=%2Fes%2Fwp-json%2Fwp%2Fv2%2Fpages%2F666\">      <div class=\"image_browser_images_0\">                  <div class=\"image_browser_image_buttons_conteiner_0\">            <div class=\"image_browser_image_buttons_0\">                            <div class=\"bwg_image_browser_image_0\">                                  <a style=\"position:relative;\" class=\"bwg-a\" >                    <img class=\"skip-lazy bwg-item0 bwg_image_browser_img bwg_image_browser_img_0 \"                         src=\"https:\/\/tecsol3d.com\/es\/wp-content\/uploads\/photo-gallery\/Geomagic-Control4.png\"                         data-src=\"https:\/\/tecsol3d.com\/es\/wp-content\/uploads\/photo-gallery\/Geomagic-Control4.png\"                         alt=\"Geomagic-Control\"                         title=\"Geomagic-Control\" \/>                  <\/a>                                <\/div>                          <\/div>          <\/div>                <\/div>    <\/div>    <style>      \/*pagination styles*\/      #bwg_container1_0 #bwg_container2_0 .tablenav-pages_0 {\t\t\t\ttext-align: center;\t\t\t\tfont-size: 12px;\t\t\t\tfont-family: segoe ui;\t\t\t\tfont-weight: bold;\t\t\t\tcolor: #666666;\t\t\t\tmargin: 6px 0 4px;\t\t\t\tdisplay: block;      }      @media only screen and (max-width : 320px) {      #bwg_container1_0 #bwg_container2_0 .displaying-num_0 {     \t display: none;      }      }      #bwg_container1_0 #bwg_container2_0 .displaying-num_0 {\t\t\t\tfont-size: 12px;\t\t\t\tfont-family: segoe ui;\t\t\t\tfont-weight: bold;\t\t\t\tcolor: #666666;\t\t\t\tmargin-right: 10px;\t\t\t\tvertical-align: middle;      }      #bwg_container1_0 #bwg_container2_0 .paging-input_0 {\t\t\t\tfont-size: 12px;\t\t\t\tfont-family: segoe ui;\t\t\t\tfont-weight: bold;\t\t\t\tcolor: #666666;\t\t\t\tvertical-align: middle;      }      #bwg_container1_0 #bwg_container2_0 .tablenav-pages_0 a.disabled,      #bwg_container1_0 #bwg_container2_0 .tablenav-pages_0 a.disabled:hover,      #bwg_container1_0 #bwg_container2_0 .tablenav-pages_0 a.disabled:focus,\t\t\t#bwg_container1_0 #bwg_container2_0 .tablenav-pages_0 input.bwg_current_page {\t\t\t\tcursor: default;\t\t\t\tcolor: rgba(102, 102, 102, 0.5);      }      #bwg_container1_0 #bwg_container2_0 .tablenav-pages_0 a,      #bwg_container1_0 #bwg_container2_0 .tablenav-pages_0 input.bwg_current_page {\t\t\t\tcursor: pointer;\t\t\t\ttext-align: center;\t\t\t\tfont-size: 12px;\t\t\t\tfont-family: segoe ui;\t\t\t\tfont-weight: bold;\t\t\t\tcolor: #666666;\t\t\t\ttext-decoration: none;\t\t\t\tpadding: 3px 6px;\t\t\t\tmargin: 0;\t\t\t\tborder-radius: 0;\t\t\t\tborder-style: solid;\t\t\t\tborder-width: 1px;\t\t\t\tborder-color: #E3E3E3;\t\t\t\t\t\t\t\tbackground-color: rgba(255, 255, 255, 1.00);\t\t\t\tbox-shadow: 0;\t\t\t\ttransition: all 0.3s ease 0s;-webkit-transition: all 0.3s ease 0s;      }            #bwg_container1_0 #bwg_container2_0 .tablenav-pages_0 a.next-page:hover,      #bwg_container1_0 #bwg_container2_0 .tablenav-pages_0 a.prev-page:hover {        color: #000000;      }      #bwg_container1_0 #bwg_container2_0 .tablenav-pages_0 .first-page,      #bwg_container1_0 #bwg_container2_0 .tablenav-pages_0 .last-page {        padding: 0% 7%;      }      #bwg_container1_0 #bwg_container2_0 .tablenav-pages_0 .next-page {        margin: 0% 4% 0% 0%;      }      #bwg_container1_0 #bwg_container2_0 .tablenav-pages_0 .prev-page {        margin: 0% 0% 0% 4%;      }      #bwg_container1_0 #bwg_container2_0 .tablenav-pages_0 a {        font-size: 15px !important;        padding: 0% 7% !important;        border-style: none !important;        border-width: 1px;        border-color: #E3E3E3;        background-color: #FFFFFF;        opacity: 1.00;        transition: all 0.3s ease 0s;-webkit-transition: all 0.3s ease 0s;      }      .bwg_image_browser#bwg_container1_0 #bwg_container2_0 .tablenav-pages_0 a {         padding: 0% 11% !important;      }\t\t\t#bwg_container1_0 #bwg_container2_0 .tablenav-pages_0 {        background-color: rgba(245, 245, 245, 0.90);        margin-top: 0;      }      .bwg_image_browser  .pagination-links_0 {        white-space: nowrap;      }      @media screen and (max-width: 465px) {        .bwg_image_browser#bwg_container1_0 #bwg_container2_0 .tablenav-pages_0 a {          padding: 0% 5% !important;          font-size: 13px;        }      }      <\/style>      <span class=\"bwg_nav_cont_0\">              <div class=\"tablenav-pages_0\">                      <span class=\"pagination-links_0 pagination-links\" data-pages-count=\"5\">              <span class=\"pagination-links_col1\">              <a class=\"bwg-a first-page disabled\" title=\"Ir a la primera p\u00e1gina\" >\u00ab<\/a>              <a class=\"bwg-a prev-page disabled\" title=\"Ir a la p\u00e1gina anterior\" >\u2039<\/a>              <\/span>\t\t\t\t\t\t\t<span class=\"pagination-links_col2\">\t\t\t\t\t\t\t\t\t<input type=\"number\" class=\"bwg_current_page\" name=\"bwg_current_page\" value=\"1\" data-url-info=\"page_number_0\" onkeypress=\"return bwg_change_page_0(event, this)\" min=\"1\" oninput=\"validity.valid||(value='')\" \/>\t\t\t\t\t\t\t\t\t\tde\t\t\t\t\t\t\t\t\t\t<span class=\"total-pages_0\">\t\t\t\t\t\t\t\t\t\t\t5\t\t\t\t\t\t\t\t\t\t<\/span>\t\t\t\t\t\t\t<\/span>              <span class=\"pagination-links_col3\">                <a class=\"bwg-a next-page-0\" title=\"Ir a la p\u00e1gina siguiente\" >\u203a<\/a>                <a class=\"bwg-a last-page-0\" title=\"Ir a la \u00faltima p\u00e1gina\" >\u00bb<\/a>              <\/span>\t\t\t\t\t\t<\/span>\t\t\t\t\t\t        <\/div>                <input type=\"hidden\" id=\"page_number_0\" name=\"page_number_0\" value=\"1\" \/>      <script type=\"text\/javascript\">        if( jQuery('.bwg_nav_cont_0').length > 1 ) {          jQuery('.bwg_nav_cont_0').first().remove()        }        function spider_page_0(cur, x, y, load_more) {          if (typeof load_more == \"undefined\") {            var load_more = false;          }          if (jQuery(cur).hasClass('disabled')) {            return false;          }          var items_county_0 = 5;          switch (y) {            case 1:              if (x >= items_county_0) {                document.getElementById('page_number_0').value = items_county_0;              }              else {                document.getElementById('page_number_0').value = x + 1;              }              break;            case 2:              document.getElementById('page_number_0').value = items_county_0;              break;            case -1:              if (x == 1) {                document.getElementById('page_number_0').value = 1;              }              else {                document.getElementById('page_number_0').value = x - 1;              }              break;            case -2:              document.getElementById('page_number_0').value = 1;              break;\t\t\t\t\t\tcase 0:              document.getElementById('page_number_0').value = x;              break;            default:              document.getElementById('page_number_0').value = 1;          }          bwg_ajax('gal_front_form_0', '0', 'bwg_image_browser_0', '0', '', 'gallery', 0, '', '', load_more, '', 1);        }                    jQuery('.first-page disabled').on('click', function () {              spider_page_0(this, 1, -2, 'numeric');              return false;            });            jQuery('.prev-page disabled').on('click', function () {              spider_page_0(this, 1, -1, 'numeric');              return false;            });            jQuery('.next-page-0').on('click', function () {              spider_page_0(this, 1, 1, 'numeric');              return false;            });            jQuery('.last-page-0').on('click', function () {              spider_page_0(this, 1, 2, 'numeric');              return false;            });        \t\t\t\t\/* Change page on input enter. *\/        function bwg_change_page_0( e, that ) {          if (  e.key == 'Enter' ) {            var to_page = parseInt(jQuery(that).val());            var pages_count = jQuery(that).parents(\".pagination-links\").data(\"pages-count\");            var current_url_param = jQuery(that).attr('data-url-info');            if (to_page > pages_count) {              to_page = 1;            }\t \t\t\t\t\t\t\t\t\t\t\t\tspider_page_0(this, to_page, 0, 'numeric');\t\t\t\t\t\t\treturn false;\t\t\t\t\t\t          }          return true;        }        jQuery('.bwg_load_btn_0').on('click', function () {            spider_page_0(this, 1, 1, true);            return false;        });      <\/script>      <\/span>                <\/div>        <\/form>              <\/div>    <\/div>    <script>      if (document.readyState === 'complete') {        if( typeof bwg_main_ready == 'function' ) {          if ( jQuery(\"#bwg_container1_0\").height() ) {            bwg_main_ready(jQuery(\"#bwg_container1_0\"));          }        }      } else {        document.addEventListener('DOMContentLoaded', function() {          if( typeof bwg_main_ready == 'function' ) {            if ( jQuery(\"#bwg_container1_0\").height() ) {             bwg_main_ready(jQuery(\"#bwg_container1_0\"));            }          }        });      }    <\/script>    \n<\/div>\n\n\n\n<div class=\"is-layout-flow wp-block-column\">\n<h4>Mida. Entienda. Comunique.<\/h4>\n\n\n\n<p>Geomagic\u00ae Control X\u2122 es una plataforma de software de metrolog\u00eda completa que ofrece las herramientas m\u00e1s eficaces del sector en flujos de trabajo sencillos. Con Geomagic Control X, los responsables de calidad disponen de\u202frevolucionarios controles completos, intuitivos y sencillos y flujos de trabajo repetibles y trazables para el proceso de medici\u00f3n de calidad. Su an\u00e1lisis y elaboraci\u00f3n de informes precisos, r\u00e1pidos y llenos de informaci\u00f3n permiten obtener ventajas de calidad y productividad significativas en cualquier flujo de trabajo de fabricaci\u00f3n.<\/p>\n<\/div>\n<\/div>\n\n\n\n<h4>Revolucione sus rutinas de inspecci\u00f3n<\/h4>\n\n\n\n<p>Gracias a una nueva interfaz de usuario, innovadoras herramientas de\u202fmetrolog\u00eda e inspecci\u00f3n, procesos planificados previamente y orientados al\u202fflujo de trabajo, inspecci\u00f3n ordenada informal y mucho m\u00e1s, Geomagic Control X ofrece una comprensi\u00f3n y facilidad de uso sin igual para la inspecci\u00f3n 3D en cualquier flujo de trabajo de fabricaci\u00f3n. La medici\u00f3n precisa y el an\u00e1lisis r\u00e1pido de ensamblajes y piezas est\u00e1 al alcance de la mano para todos los que busquen a\u00f1adir una calidad significativa a sus piezas y ensamblajes fabricados.<\/p>\n\n\n\n<h4>Comprenda de inmediato los resultados de inspecci\u00f3n en todo momento<\/h4>\n\n\n\n<p>Mejore su capacidad de investigar problemas de calidad que pueden aparecer en las piezas o con el tiempo mediante el sistema de resultados m\u00faltiples y\u202fel\u202fnavegador de resultados. Identifique el origen de errores de apilamiento en ensamblajes o piezas soldadas mediante el trabajo simult\u00e1neo con muchos resultados en distintos escenarios de alineaci\u00f3n. Obtenga informaci\u00f3n significativa y \u00fatil del an\u00e1lisis. Comprenda los posibles problemas relacionados con las piezas ensambladas. Para ello, utilice dispositivos de medici\u00f3n port\u00e1tiles, esc\u00e1neres \u00f3pticos e incluso tomograf\u00edas computarizadas: recopile familias de piezas o ensamblajes en un proyecto de inspecci\u00f3n para realizar una sencilla referencia cruzada de las piezas. Mantenga un solo proyecto para una pieza individual que contenga todas las mediciones con el tiempo e\u202finvestigue de forma gr\u00e1fica los problemas de distintos proveedores.<\/p>\n\n\n\n<h4>Comunique los datos correctos a todas las personas involucradas<\/h4>\n\n\n\n<p>Las nuevas y eficaces funciones de elaboraci\u00f3n de informes de Geomagic Control X permiten crear informes llenos de gr\u00e1ficos e informaci\u00f3n. El control de punto de vista personalizado y la elaboraci\u00f3n de informes con estilo de\u202fvista permiten que el informe se aproxime m\u00e1s la presentaci\u00f3n gr\u00e1fica de\u202fla\u202fimpresi\u00f3n en pdf o papel tradicional. Los nuevos e inteligentes procesos de gesti\u00f3n de anotaci\u00f3n y dimensionamiento 3D permiten un control detallado de la forma en la que se mostrar\u00e1n las dimensiones. Puede elegir entre representaciones predeterminadas populares o crear estilos de anotaci\u00f3n personalizados para adecuarse a los est\u00e1ndares de la empresa. Las nuevas herramientas avanzadas de dise\u00f1o de informes le proporcionan la flexibilidad de elegir la configuraci\u00f3n de los informes en el formato que prefiera.<\/p>\n\n\n\n<h4>Disfrute de una trazabilidad y responsabilidad total en todos los flujos de trabajo de inspecci\u00f3n<\/h4>\n\n\n\n<p>Los resultados con certificado para NIST-PTB proporcionan la confianza de\u202finspeccionar con rapidez y precisi\u00f3n. Las nuevas funciones de Geomagic Control X permiten crear inspecciones con total responsabilidad y trazabilidad en todo el proceso.<\/p>\n\n\n\n<h4>Video<\/h4>\n\n\n<p><iframe loading=\"lazy\" title=\"TecSol3D Geomagic Control X Mexico\" width=\"1200\" height=\"675\" src=\"https:\/\/www.youtube.com\/embed\/LhpcYMy3_9I?list=PLBnnExANs1ReiCspTK2i7N9wWsv46VdG9\" frameborder=\"0\" allow=\"accelerometer; autoplay; clipboard-write; encrypted-media; gyroscope; picture-in-picture; web-share\" allowfullscreen><\/iframe><\/p>\n\n\n\n<h4>Folleto<\/h4>\n\n\n<p><a href=\"https:\/\/tecsol3d.com\/es\/pdf\/T3D_G_ControlX.pdf\" target=\"_blank\" rel=\"noopener\">Folleto Geomagic Control X<\/a><\/p>\n\n\n\n<div class=\"is-content-justification-center is-layout-flex wp-container-4 wp-block-buttons\">\n<div class=\"wp-block-button\"><a class=\"wp-block-button__link wp-element-button\" href=\"https:\/\/tecsol3d.com\/es\/contacto\/\">Solicitar una cotizaci\u00f3n<\/a><\/div>\n\n\n\n<div class=\"wp-block-button\"><a class=\"wp-block-button__link wp-element-button\" href=\"https:\/\/calendly.com\/tecsol3d\/30min\" target=\"_blank\" rel=\"noreferrer noopener\">Agendar Videollamada<\/a><\/div>\n<\/div>\n\n\n\n<p><\/p>\n\n\n\n<p>Software para inspecci\u00f3n dimensional con escaneo 3D.<\/p>\n\n\n\n<h3><a href=\"https:\/\/tecsol3d.com\/es\/escaneres-3d\/sw-escaneo\/\">Regresar a&nbsp;SW escaneo&#8230;<\/a><\/h3>\n","protected":false},"excerpt":{"rendered":"<p>Mida. Entienda. Comunique. Geomagic\u00ae Control X\u2122 es una plataforma de software de metrolog\u00eda completa que ofrece las herramientas m\u00e1s eficaces del sector en flujos de trabajo sencillos. Con Geomagic Control X, los responsables de calidad disponen de\u202frevolucionarios controles completos, intuitivos y sencillos y flujos de trabajo repetibles y trazables para el proceso de medici\u00f3n de &#8230; <a title=\"Control X \/ Geomagic \/ Oqton\" class=\"read-more\" href=\"https:\/\/tecsol3d.com\/es\/escaneres-3d\/sw-escaneo\/geomagic-control-x\/\" aria-label=\"M\u00e1s en Control X \/ Geomagic \/ Oqton\">Leer m\u00e1s<\/a><\/p>\n","protected":false},"author":3,"featured_media":0,"parent":34,"menu_order":0,"comment_status":"closed","ping_status":"closed","template":"","meta":{"om_disable_all_campaigns":false,"_mi_skip_tracking":false},"aioseo_notices":[],"_links":{"self":[{"href":"https:\/\/tecsol3d.com\/es\/wp-json\/wp\/v2\/pages\/666"}],"collection":[{"href":"https:\/\/tecsol3d.com\/es\/wp-json\/wp\/v2\/pages"}],"about":[{"href":"https:\/\/tecsol3d.com\/es\/wp-json\/wp\/v2\/types\/page"}],"author":[{"embeddable":true,"href":"https:\/\/tecsol3d.com\/es\/wp-json\/wp\/v2\/users\/3"}],"replies":[{"embeddable":true,"href":"https:\/\/tecsol3d.com\/es\/wp-json\/wp\/v2\/comments?post=666"}],"version-history":[{"count":8,"href":"https:\/\/tecsol3d.com\/es\/wp-json\/wp\/v2\/pages\/666\/revisions"}],"predecessor-version":[{"id":1627,"href":"https:\/\/tecsol3d.com\/es\/wp-json\/wp\/v2\/pages\/666\/revisions\/1627"}],"up":[{"embeddable":true,"href":"https:\/\/tecsol3d.com\/es\/wp-json\/wp\/v2\/pages\/34"}],"wp:attachment":[{"href":"https:\/\/tecsol3d.com\/es\/wp-json\/wp\/v2\/media?parent=666"}],"curies":[{"name":"wp","href":"https:\/\/api.w.org\/{rel}","templated":true}]}}