{"id":7,"date":"2016-06-15T07:41:23","date_gmt":"2016-06-15T13:41:23","guid":{"rendered":"http:\/\/tecsol3d.com\/es\/?page_id=7"},"modified":"2025-10-31T15:07:03","modified_gmt":"2025-10-31T21:07:03","slug":"home","status":"publish","type":"page","link":"https:\/\/tecsol3d.com\/es\/","title":{"rendered":"TecSol3D Impresoras 3D y Escaner 3D Industriales"},"content":{"rendered":"\n<figure class=\"is-layout-flex wp-block-gallery-1 wp-block-gallery has-nested-images columns-default is-cropped\">\n<figure class=\"wp-block-image size-full\"><img decoding=\"async\" loading=\"lazy\" width=\"1024\" height=\"332\" data-id=\"1572\"  src=\"https:\/\/tecsol3d.com\/es\/wp-content\/uploads\/2023\/03\/T3D_Web_Back-1024x332-min.png\" alt=\"\" class=\"wp-image-1572\" srcset=\"https:\/\/tecsol3d.com\/es\/wp-content\/uploads\/2023\/03\/T3D_Web_Back-1024x332-min.png 1024w, https:\/\/tecsol3d.com\/es\/wp-content\/uploads\/2023\/03\/T3D_Web_Back-1024x332-min-300x97.png 300w, https:\/\/tecsol3d.com\/es\/wp-content\/uploads\/2023\/03\/T3D_Web_Back-1024x332-min-768x249.png 768w\" sizes=\"(max-width: 1024px) 100vw, 1024px\" \/><\/figure>\n<\/figure>\n\n\n\n<h2 class=\"has-text-align-right\">&nbsp;<span style=\"text-decoration: underline;\"><strong><a href=\"https:\/\/tecsol3d.com\/es\/servicios\/impresion-3d\/\" title=\"\">Cotiza aqu\u00ed nuestro<\/a><\/strong><\/span><\/h2>\n\n\n\n<h2 class=\"has-text-align-right\"><span style=\"text-decoration: underline;\"><strong><a href=\"https:\/\/tecsol3d.com\/es\/servicios\/impresion-3d\/\" title=\"\">Servicio de Impresi\u00f3n 3D<\/a><\/strong><\/span>&nbsp;<\/h2>\n\n\n\n<p>TecSol3D es una empresa dedicada a implementar soluciones de Manufactura 4.0 a las empresas de M\u00e9xico. Nos especializamos en dos ramas: Inspecci\u00f3n Dimensional por medio de <strong><a href=\"https:\/\/tecsol3d.com\/es\/escaneres-3d\/escaner-3d\/\" title=\"\">Escaneo 3D<\/a><\/strong> y <strong><a href=\"https:\/\/tecsol3d.com\/es\/impresoras-3d\/\" title=\"\">Manufactura Aditiva<\/a><\/strong> para fabricaci\u00f3n r\u00e1pida de piezas prototipos, de herramentales para corridas cortas o la fabricaci\u00f3n de elementos&nbsp;de alta resistencia para la manufactura como nidos, grippers, gages, fixtures, etc.<\/p>\n\n\n\n<p>La Inspecci\u00f3n Dimensional (Metrolog\u00eda dimensional) la realizamos con equipos de esc\u00e1ner 3D l\u00e1ser de nueva generaci\u00f3n, que permiten tomar mediciones con gran precisi\u00f3n en condiciones de trabajo o de operaci\u00f3n reales en ambiente de piso o taller y no necesariamente en un laboratorio de metrolog\u00eda aislados. Los equipos de escaneo 3D, tambi\u00e9n sirven en la industria para trabajos de Ingenier\u00eda Inversa. Apoyamos en la selecci\u00f3n del equipo y software de acuerdo a sus necesidades o proyectos.<\/p>\n\n\n\n<p>Para Manufactura Aditiva ofrecemos diferentes tecnolog\u00edas de Impresi\u00f3n 3D, todas ellas de grado profesional para apoyar en su proceso desde las etapas de dise\u00f1o conceptual hasta etapas de producci\u00f3n. Fabrique sus piezas en materiales compuestos reforzados con fibra continua de carbono, kevlar o vidrio;&nbsp; termopl\u00e1sticos avanzados de alta temperatura como Ultem y otros; o directamente en Metal Sinterizado con la MetalX. La LC Magna es un equipo que fabrica piezas con alto nivel de detalle y a una velocidad superior, esto permite el remplazo de procesos de inyecci\u00f3n de pl\u00e1stico para piezas con un bajo vol\u00famen de producci\u00f3n.<\/p>\n\n\n\n<p>Perm\u00edtanos apoyarle en la selecci\u00f3n de un Esc\u00e1ner 3D y\/o una Impresora 3D, as\u00ed como mostrarle los beneficios del uso de estas tecnolog\u00edas en sus procesos<\/p>\n\n\n\n<p>Somos Distribuidores en Mexico de equipos Creaform, Markforged, Photocentric, Prusa, Fusion3, Peel 3D, Roland y 3DSystems.\u00a0<\/p>\n\n\n\n<div class=\"wp-block-cover has-medium-font-size\"><span aria-hidden=\"true\" class=\"wp-block-cover__background has-background-dim-10 has-background-dim\"><\/span><img decoding=\"async\" loading=\"lazy\" width=\"1800\" height=\"574\" class=\"wp-block-cover__image-background wp-image-1575\" alt=\"\" src=\"https:\/\/tecsol3d.com\/es\/wp-content\/uploads\/2023\/03\/fondoprod-min.png\" data-object-fit=\"cover\" srcset=\"https:\/\/tecsol3d.com\/es\/wp-content\/uploads\/2023\/03\/fondoprod-min.png 1800w, https:\/\/tecsol3d.com\/es\/wp-content\/uploads\/2023\/03\/fondoprod-min-300x96.png 300w, https:\/\/tecsol3d.com\/es\/wp-content\/uploads\/2023\/03\/fondoprod-min-1024x327.png 1024w, https:\/\/tecsol3d.com\/es\/wp-content\/uploads\/2023\/03\/fondoprod-min-768x245.png 768w, https:\/\/tecsol3d.com\/es\/wp-content\/uploads\/2023\/03\/fondoprod-min-1536x490.png 1536w\" sizes=\"(max-width: 1800px) 100vw, 1800px\" \/><div class=\"wp-block-cover__inner-container\">\n<p class=\"has-text-align-center has-large-font-size\">Ofrecemos Venta de equipos y Servicio de Impresi\u00f3n 3D o Escaneo 3D con equipos de grado industrial y profesional<\/p>\n<\/div><\/div>\n\n\n\n<p><\/p>\n\n\n\n<h2 class=\"has-text-align-center\">NUESTROS PRODUCTOS Y SERVICIOS<\/h2>\n\n\n\n<p><\/p>\n\n\n\n<div class=\"is-layout-flex wp-container-6 wp-block-columns\">\n<div class=\"is-layout-flow wp-block-column\">\n<figure class=\"wp-block-image size-full is-resized\"><a href=\"https:\/\/tecsol3d.com\/es\/impresoras-3d\/\"><img decoding=\"async\" loading=\"lazy\" src=\"https:\/\/tecsol3d.com\/es\/wp-content\/uploads\/2016\/06\/T3D_Impresoras3D-2.png\" alt=\"\" class=\"wp-image-1169\" width=\"400\" height=\"400\"\/><\/a><\/figure>\n\n\n\n<h5 class=\"has-text-align-center\"><a href=\"https:\/\/tecsol3d.com\/es\/impresoras-3d\/impresoras-3d-de-escritorio\/\" title=\"\">Escritorio<\/a><\/h5>\n\n\n\n<h5 class=\"has-text-align-center\"><a href=\"https:\/\/tecsol3d.com\/es\/impresoras-3d\/impresoras-3d-profesionales\/\" title=\"\">Industriales<\/a><\/h5>\n\n\n\n<h5 class=\"has-text-align-center\"><a href=\"https:\/\/tecsol3d.com\/es\/impresoras-3d\/impresoras-3d-para-produccion\/\" title=\"\">Producci\u00f3n<\/a><\/h5>\n<\/div>\n\n\n\n<div class=\"is-layout-flow wp-block-column\">\n<figure class=\"wp-block-image size-large is-resized\"><a href=\"https:\/\/tecsol3d.com\/es\/escaneres-3d\/\"><img decoding=\"async\" loading=\"lazy\" src=\"https:\/\/tecsol3d.com\/es\/wp-content\/uploads\/2024\/04\/Escaner3D-1024x1024.png\" alt=\"\" class=\"wp-image-1711\" width=\"400\" height=\"400\" srcset=\"https:\/\/tecsol3d.com\/es\/wp-content\/uploads\/2024\/04\/Escaner3D-1024x1024.png 1024w, https:\/\/tecsol3d.com\/es\/wp-content\/uploads\/2024\/04\/Escaner3D-300x300.png 300w, https:\/\/tecsol3d.com\/es\/wp-content\/uploads\/2024\/04\/Escaner3D-150x150.png 150w, https:\/\/tecsol3d.com\/es\/wp-content\/uploads\/2024\/04\/Escaner3D-768x769.png 768w, https:\/\/tecsol3d.com\/es\/wp-content\/uploads\/2024\/04\/Escaner3D.png 1027w\" sizes=\"(max-width: 400px) 100vw, 400px\" \/><\/a><\/figure>\n\n\n\n<h5 class=\"has-text-align-center\"><a href=\"https:\/\/tecsol3d.com\/es\/escaneres-3d\/escaner-3d\/\" title=\"\">Esc\u00e1ner 3D<\/a><\/h5>\n\n\n\n<h5 class=\"has-text-align-center\"><a href=\"https:\/\/tecsol3d.com\/es\/escaneres-3d\/cmm-portatil\/\" title=\"\">CMM Port\u00e1til<\/a><\/h5>\n\n\n\n<h5 class=\"has-text-align-center\"><a href=\"https:\/\/tecsol3d.com\/es\/escaneres-3d\/sw-escaneo\/\" title=\"\">Software<\/a><\/h5>\n<\/div>\n\n\n\n<div class=\"is-layout-flow wp-block-column\">\n<figure class=\"wp-block-image size-full is-resized\"><a href=\"https:\/\/tecsol3d.com\/es\/servicios\/\"><img decoding=\"async\" src=\"https:\/\/tecsol3d.com\/es\/wp-content\/uploads\/2016\/06\/servicios.png\" alt=\"\" class=\"wp-image-387\" height=\"400\" srcset=\"https:\/\/tecsol3d.com\/es\/wp-content\/uploads\/2016\/06\/servicios.png 400w, https:\/\/tecsol3d.com\/es\/wp-content\/uploads\/2016\/06\/servicios-150x150.png 150w, https:\/\/tecsol3d.com\/es\/wp-content\/uploads\/2016\/06\/servicios-300x300.png 300w\" sizes=\"(max-width: 400px) 100vw, 400px\" \/><\/a><\/figure>\n\n\n\n<h5 class=\"has-text-align-center\"><a href=\"https:\/\/tecsol3d.com\/es\/servicios\/escaneo-3d\/escaneo-3d\/\" title=\"\">Escaneo 3D<\/a><\/h5>\n\n\n\n<h5 class=\"has-text-align-center\"><a href=\"https:\/\/tecsol3d.com\/es\/servicios\/impresion-3d\/\" title=\"\">Impresi\u00f3n 3D<\/a><\/h5>\n\n\n\n<h5 class=\"has-text-align-center\"><a href=\"https:\/\/tecsol3d.com\/es\/servicios\/inspeccion-dimensional\/\" title=\"\">Inspecci\u00f3n dimensional<\/a><\/h5>\n\n\n\n<h5 class=\"has-text-align-center\"><a href=\"https:\/\/tecsol3d.com\/es\/servicios\/ingenieria-inversa\/\" title=\"\">Ingenier\u00eda Inversa<\/a><\/h5>\n\n\n\n<h5 class=\"has-text-align-center\"><a href=\"https:\/\/tecsol3d.com\/es\/servicios\/mantenimiento\/\" title=\"\">Mantenimiento<\/a><\/h5>\n\n\n\n<h5 class=\"has-text-align-center\"><a href=\"https:\/\/tecsol3d.com\/es\/servicios\/asesorias-y-cursos\/\" title=\"\">Asesor\u00edas y cursos<\/a><\/h5>\n\n\n\n<h5 class=\"has-text-align-center\"><a href=\"https:\/\/tecsol3d.com\/es\/servicios\/consumibles\/\" title=\"\">Consumibles<\/a><\/h5>\n<\/div>\n<\/div>\n\n\n\n<div class=\"wp-block-cover\"><span aria-hidden=\"true\" class=\"wp-block-cover__background has-background-dim-10 has-background-dim\"><\/span><img decoding=\"async\" loading=\"lazy\" width=\"1800\" height=\"574\" class=\"wp-block-cover__image-background wp-image-1576\" alt=\"\" src=\"https:\/\/tecsol3d.com\/es\/wp-content\/uploads\/2023\/03\/fondomarcas-min.png\" data-object-fit=\"cover\" srcset=\"https:\/\/tecsol3d.com\/es\/wp-content\/uploads\/2023\/03\/fondomarcas-min.png 1800w, https:\/\/tecsol3d.com\/es\/wp-content\/uploads\/2023\/03\/fondomarcas-min-300x96.png 300w, https:\/\/tecsol3d.com\/es\/wp-content\/uploads\/2023\/03\/fondomarcas-min-1024x327.png 1024w, https:\/\/tecsol3d.com\/es\/wp-content\/uploads\/2023\/03\/fondomarcas-min-768x245.png 768w, https:\/\/tecsol3d.com\/es\/wp-content\/uploads\/2023\/03\/fondomarcas-min-1536x490.png 1536w\" sizes=\"(max-width: 1800px) 100vw, 1800px\" \/><div class=\"wp-block-cover__inner-container\">\n<p class=\"has-text-align-center has-large-font-size\">Somos representantes en M\u00e9xico de las mejores marcas<\/p>\n<\/div><\/div>\n\n\n\n<div class=\"is-layout-flex wp-container-10 wp-block-columns\">\n<div class=\"is-layout-flow wp-block-column\"><div class=\"wp-block-image\">\n<figure class=\"aligncenter size-full\"><a href=\"https:\/\/tecsol3d.com\/es\/impresoras-3d\/impresoras-3d-de-escritorio\/marktwo\/\"><img decoding=\"async\" loading=\"lazy\" width=\"200\" height=\"200\" src=\"https:\/\/tecsol3d.com\/es\/wp-content\/uploads\/2016\/06\/markforged-1.png\" alt=\"\" class=\"wp-image-509\" srcset=\"https:\/\/tecsol3d.com\/es\/wp-content\/uploads\/2016\/06\/markforged-1.png 200w, https:\/\/tecsol3d.com\/es\/wp-content\/uploads\/2016\/06\/markforged-1-150x150.png 150w\" sizes=\"(max-width: 200px) 100vw, 200px\" \/><\/a><\/figure><\/div><\/div>\n\n\n\n<div class=\"is-layout-flow wp-block-column\"><div class=\"wp-block-image\">\n<figure class=\"aligncenter size-full is-resized\"><a href=\"https:\/\/tecsol3d.com\/es\/escaneres-3d\/escaner-3d\/handyscan-3d-black\"><img decoding=\"async\" loading=\"lazy\" src=\"https:\/\/tecsol3d.com\/es\/wp-content\/uploads\/2016\/06\/logo-creaform.png\" alt=\"\" class=\"wp-image-74\" width=\"200\" height=\"200\" srcset=\"https:\/\/tecsol3d.com\/es\/wp-content\/uploads\/2016\/06\/logo-creaform.png 200w, https:\/\/tecsol3d.com\/es\/wp-content\/uploads\/2016\/06\/logo-creaform-150x150.png 150w\" sizes=\"(max-width: 200px) 100vw, 200px\" \/><\/a><\/figure><\/div><\/div>\n\n\n\n<div class=\"is-layout-flow wp-block-column\"><div class=\"wp-block-image\">\n<figure class=\"aligncenter size-large is-resized\"><a href=\"https:\/\/tecsol3d.com\/es\/impresoras-3d\/impresoras-3d-para-produccion\/lc-magna\/\"><img decoding=\"async\" loading=\"lazy\" src=\"https:\/\/tecsol3d.com\/es\/wp-content\/uploads\/2023\/10\/T3D_Photocentric-1024x1024.png\" alt=\"\" class=\"wp-image-1650\" width=\"200\" height=\"200\" srcset=\"https:\/\/tecsol3d.com\/es\/wp-content\/uploads\/2023\/10\/T3D_Photocentric-1024x1024.png 1024w, https:\/\/tecsol3d.com\/es\/wp-content\/uploads\/2023\/10\/T3D_Photocentric-300x300.png 300w, https:\/\/tecsol3d.com\/es\/wp-content\/uploads\/2023\/10\/T3D_Photocentric-150x150.png 150w, https:\/\/tecsol3d.com\/es\/wp-content\/uploads\/2023\/10\/T3D_Photocentric-768x768.png 768w, https:\/\/tecsol3d.com\/es\/wp-content\/uploads\/2023\/10\/T3D_Photocentric.png 1364w\" sizes=\"(max-width: 200px) 100vw, 200px\" \/><\/a><\/figure><\/div><\/div>\n<\/div>\n\n\n\n<div class=\"is-layout-flex wp-container-14 wp-block-columns\">\n<div class=\"is-layout-flow wp-block-column\"><div class=\"wp-block-image\">\n<figure class=\"aligncenter size-full is-resized\"><a href=\"https:\/\/tecsol3d.com\/es\/escaneres-3d\/sw-escaneo\/\"><img decoding=\"async\" loading=\"lazy\" src=\"https:\/\/tecsol3d.com\/es\/wp-content\/uploads\/2016\/06\/T3D_3dsystems_logo.png\" alt=\"\" class=\"wp-image-683\" width=\"200\" height=\"200\" srcset=\"https:\/\/tecsol3d.com\/es\/wp-content\/uploads\/2016\/06\/T3D_3dsystems_logo.png 313w, https:\/\/tecsol3d.com\/es\/wp-content\/uploads\/2016\/06\/T3D_3dsystems_logo-150x150.png 150w, https:\/\/tecsol3d.com\/es\/wp-content\/uploads\/2016\/06\/T3D_3dsystems_logo-300x300.png 300w\" sizes=\"(max-width: 200px) 100vw, 200px\" \/><\/a><\/figure><\/div><\/div>\n\n\n\n<div class=\"is-layout-flow wp-block-column\"><div class=\"wp-block-image\">\n<figure class=\"aligncenter size-full is-resized\"><a href=\"https:\/\/tecsol3d.com\/es\/impresoras-3d\/impresoras-3d-de-escritorio\/edge\/\"><img decoding=\"async\" loading=\"lazy\" src=\"https:\/\/tecsol3d.com\/es\/wp-content\/uploads\/2016\/06\/Fusion3.png\" alt=\"\" class=\"wp-image-927\" width=\"200\" height=\"200\" srcset=\"https:\/\/tecsol3d.com\/es\/wp-content\/uploads\/2016\/06\/Fusion3.png 600w, https:\/\/tecsol3d.com\/es\/wp-content\/uploads\/2016\/06\/Fusion3-150x150.png 150w, https:\/\/tecsol3d.com\/es\/wp-content\/uploads\/2016\/06\/Fusion3-300x300.png 300w\" sizes=\"(max-width: 200px) 100vw, 200px\" \/><\/a><\/figure><\/div><\/div>\n\n\n\n<div class=\"is-layout-flow wp-block-column\"><div class=\"wp-block-image\">\n<figure class=\"aligncenter size-full\"><a href=\"https:\/\/tecsol3d.com\/es\/impresoras-3d\/impresoras-3d-profesionales\/mdx-50\"><img decoding=\"async\" loading=\"lazy\" width=\"200\" height=\"200\" src=\"https:\/\/tecsol3d.com\/es\/wp-content\/uploads\/2016\/06\/logo-roland.png\" alt=\"\" class=\"wp-image-73\" srcset=\"https:\/\/tecsol3d.com\/es\/wp-content\/uploads\/2016\/06\/logo-roland.png 200w, https:\/\/tecsol3d.com\/es\/wp-content\/uploads\/2016\/06\/logo-roland-150x150.png 150w\" sizes=\"(max-width: 200px) 100vw, 200px\" \/><\/a><\/figure><\/div><\/div>\n<\/div>\n\n\n\n<h4>Te gustar\u00eda platicar con nosotros? <\/h4>\n\n\n\n<div class=\"is-content-justification-center is-layout-flex wp-container-15 wp-block-buttons\">\n<div class=\"wp-block-button\"><a class=\"wp-block-button__link wp-element-button\" href=\"https:\/\/tecsol3d.com\/es\/contacto\/\">Enviar un mensaje<\/a><\/div>\n\n\n\n<div class=\"wp-block-button\"><a class=\"wp-block-button__link wp-element-button\" href=\"https:\/\/calendly.com\/tecsol3d\/30min\" target=\"_blank\" rel=\"noreferrer noopener\">Agendar Videollamada<\/a><\/div>\n<\/div>\n\n\n\n<div style=\"height:100px\" aria-hidden=\"true\" class=\"wp-block-spacer\"><\/div>\n\n\n\n<p class=\"has-text-align-left\"><a href=\"https:\/\/tecsol3d.com\/es\/nosotros\/aviso-de-privacidad\/\" target=\"_blank\" rel=\"noopener\">Aviso de Privacidad<\/a><\/p>\n","protected":false},"excerpt":{"rendered":"<p>&nbsp;Cotiza aqu\u00ed nuestro Servicio de Impresi\u00f3n 3D&nbsp; TecSol3D es una empresa dedicada a implementar soluciones de Manufactura 4.0 a las empresas de M\u00e9xico. Nos especializamos en dos ramas: Inspecci\u00f3n Dimensional por medio de Escaneo 3D y Manufactura Aditiva para fabricaci\u00f3n r\u00e1pida de piezas prototipos, de herramentales para corridas cortas o la fabricaci\u00f3n de elementos&nbsp;de alta &#8230; <a title=\"TecSol3D Impresoras 3D y Escaner 3D Industriales\" class=\"read-more\" href=\"https:\/\/tecsol3d.com\/es\/\" aria-label=\"M\u00e1s en TecSol3D Impresoras 3D y Escaner 3D Industriales\">Leer m\u00e1s<\/a><\/p>\n","protected":false},"author":1,"featured_media":0,"parent":0,"menu_order":0,"comment_status":"closed","ping_status":"closed","template":"","meta":{"om_disable_all_campaigns":false,"_mi_skip_tracking":false},"aioseo_notices":[],"_links":{"self":[{"href":"https:\/\/tecsol3d.com\/es\/wp-json\/wp\/v2\/pages\/7"}],"collection":[{"href":"https:\/\/tecsol3d.com\/es\/wp-json\/wp\/v2\/pages"}],"about":[{"href":"https:\/\/tecsol3d.com\/es\/wp-json\/wp\/v2\/types\/page"}],"author":[{"embeddable":true,"href":"https:\/\/tecsol3d.com\/es\/wp-json\/wp\/v2\/users\/1"}],"replies":[{"embeddable":true,"href":"https:\/\/tecsol3d.com\/es\/wp-json\/wp\/v2\/comments?post=7"}],"version-history":[{"count":107,"href":"https:\/\/tecsol3d.com\/es\/wp-json\/wp\/v2\/pages\/7\/revisions"}],"predecessor-version":[{"id":1801,"href":"https:\/\/tecsol3d.com\/es\/wp-json\/wp\/v2\/pages\/7\/revisions\/1801"}],"wp:attachment":[{"href":"https:\/\/tecsol3d.com\/es\/wp-json\/wp\/v2\/media?parent=7"}],"curies":[{"name":"wp","href":"https:\/\/api.w.org\/{rel}","templated":true}]}}